{"id":3344,"date":"2024-09-26T17:09:45","date_gmt":"2024-09-26T15:09:45","guid":{"rendered":"https:\/\/hahn-consulting.de\/plan-du-site\/"},"modified":"2024-09-26T17:11:40","modified_gmt":"2024-09-26T15:11:40","slug":"plan-du-site","status":"publish","type":"page","link":"https:\/\/hahn-consulting.de\/fr\/plan-du-site\/","title":{"rendered":"Plan du site"},"content":{"rendered":"\t\t<div data-elementor-type=\"wp-page\" data-elementor-id=\"3344\" class=\"elementor elementor-3344 elementor-3332\" data-elementor-post-type=\"page\">\n\t\t\t\t<div data-particle_enable=\"false\" data-particle-mobile-disabled=\"false\" class=\"elementor-element elementor-element-65316e7 e-flex e-con-boxed e-con e-parent\" data-id=\"65316e7\" data-element_type=\"container\">\n\t\t\t\t\t<div class=\"e-con-inner\">\n\t\t\t\t<div class=\"elementor-element elementor-element-0f76eb6 elementor-widget elementor-widget-shortcode\" data-id=\"0f76eb6\" data-element_type=\"widget\" data-widget_type=\"shortcode.default\">\n\t\t\t\t<div class=\"elementor-widget-container\">\n\t\t\t\t\t\t\t<div class=\"elementor-shortcode\"><div class=\"wshs-post-simple-list half-layout left\"><h2>Page Sitemap<\/h2><ul><li><a href=\"https:\/\/hahn-consulting.de\/fr\/\" title=\"Page d'accueil\">Page d'accueil<\/a><\/li><li><a href=\"https:\/\/hahn-consulting.de\/fr\/mentions-legales\/\" title=\"Mentions l\u00e9gales\">Mentions l\u00e9gales<\/a><\/li><li><a href=\"https:\/\/hahn-consulting.de\/fr\/contact\/\" title=\"Contact\">Contact<\/a><\/li><li><a href=\"https:\/\/hahn-consulting.de\/fr\/declaration-de-confidentialite\/\" title=\"D\u00e9claration de confidentialit\u00e9\">D\u00e9claration de confidentialit\u00e9<\/a><\/li><li><a href=\"https:\/\/hahn-consulting.de\/fr\/seminaires\/\" title=\"S\u00e9minaires\">S\u00e9minaires<\/a><ul class=\"children\" ><li><a href=\"https:\/\/hahn-consulting.de\/fr\/seminaires\/creation-dun-guide-conforme-a-la-norme-ce\/\" title=\"Cr\u00e9ation d'un guide conforme \u00e0 la norme CE\">Cr\u00e9ation d'un guide conforme \u00e0 la norme CE<\/a><\/li><li><a href=\"https:\/\/hahn-consulting.de\/fr\/seminaires\/realisation-dune-evaluation-des-risques-comme-base-de-la-securite-du-produit\/\" title=\"R\u00e9alisation d'une \u00e9valuation des risques comme base de la s\u00e9curit\u00e9 du produit\">R\u00e9alisation d'une \u00e9valuation des risques comme base de la s\u00e9curit\u00e9 du produit<\/a><\/li><li><a href=\"https:\/\/hahn-consulting.de\/fr\/seminaires\/mise-en-oeuvre-dune-procedure-de-conformite-ue\/\" title=\"Mise en \u0153uvre d'une proc\u00e9dure de conformit\u00e9 UE\">Mise en \u0153uvre d'une proc\u00e9dure de conformit\u00e9 UE<\/a><\/li><li><a href=\"https:\/\/hahn-consulting.de\/fr\/seminaires\/creation-dun-guide-conforme-a-la-norme-ce-2\/\" title=\"Cr\u00e9ation d'un guide conforme \u00e0 la norme CE\">Cr\u00e9ation d'un guide conforme \u00e0 la norme CE<\/a><\/li><\/ul><\/li><li><a href=\"https:\/\/hahn-consulting.de\/fr\/a-propos-de-nous\/\" title=\"\u00c0 propos de nous\">\u00c0 propos de nous<\/a><ul class=\"children\" ><li><a href=\"https:\/\/hahn-consulting.de\/fr\/a-propos-de-nous\/a-propos-de-nous\/\" title=\"Prix\">Prix<\/a><\/li><\/ul><\/li><li><a href=\"https:\/\/hahn-consulting.de\/fr\/equipe-de-competence\/\" title=\"\u00c9quipe de comp\u00e9tence\">\u00c9quipe de comp\u00e9tence<\/a><\/li><li><a href=\"https:\/\/hahn-consulting.de\/fr\/actualites\/\" title=\"Actualit\u00e9s\">Actualit\u00e9s<\/a><\/li><li><a href=\"https:\/\/hahn-consulting.de\/fr\/cooperation\/\" title=\"Coop\u00e9ration\">Coop\u00e9ration<\/a><ul class=\"children\" ><li><a href=\"https:\/\/hahn-consulting.de\/fr\/cooperation\/documentation-technique\/\" title=\"Documentation technique\">Documentation technique<\/a><\/li><li><a href=\"https:\/\/hahn-consulting.de\/fr\/cooperation\/conformite-des-produits\/\" title=\"Conformit\u00e9 des produits\">Conformit\u00e9 des produits<\/a><\/li><li><a href=\"https:\/\/hahn-consulting.de\/fr\/cooperation\/conformite-europeenne\/\" title=\"Conformit\u00e9 europ\u00e9enne\">Conformit\u00e9 europ\u00e9enne<\/a><\/li><li><a href=\"https:\/\/hahn-consulting.de\/fr\/cooperation\/evaluation-des-risques\/\" title=\"\u00c9valuation des risques\">\u00c9valuation des risques<\/a><\/li><li><a href=\"https:\/\/hahn-consulting.de\/fr\/cooperation\/conseil-en-organisation-coaching\/\" title=\"Conseil en organisation + coaching\">Conseil en organisation + coaching<\/a><\/li><li><a href=\"https:\/\/hahn-consulting.de\/fr\/cooperation\/laboratoire\/\" title=\"Laboratoire\">Laboratoire<\/a><\/li><li><a href=\"https:\/\/hahn-consulting.de\/fr\/cooperation\/ce-check-controle-de-produit-ue\/\" title=\"CE Check \/ Contr\u00f4le de produit UE\">CE Check \/ Contr\u00f4le de produit UE<\/a><\/li><li><a href=\"https:\/\/hahn-consulting.de\/fr\/cooperation\/mode-demploi\/\" title=\"Mode d'emploi\">Mode d'emploi<\/a><\/li><li><a href=\"https:\/\/hahn-consulting.de\/fr\/cooperation\/declarations-des-materiaux\/\" title=\"D\u00e9clarations des mat\u00e9riaux\">D\u00e9clarations des mat\u00e9riaux<\/a><\/li><\/ul><\/li><li><a href=\"https:\/\/hahn-consulting.de\/fr\/references\/\" title=\"R\u00e9f\u00e9rences\">R\u00e9f\u00e9rences<\/a><\/li><li><a href=\"https:\/\/hahn-consulting.de\/fr\/plan-du-site\/\" title=\"Plan du site\">Plan du site<\/a><\/li><\/ul><\/div><\/div>\n\t\t\t\t\t\t<\/div>\n\t\t\t\t<\/div>\n\t\t\t\t\t<\/div>\n\t\t\t\t<\/div>\n\t\t\t\t<\/div>\n\t\t","protected":false},"excerpt":{"rendered":"","protected":false},"author":1,"featured_media":0,"parent":0,"menu_order":0,"comment_status":"closed","ping_status":"closed","template":"","meta":{"footnotes":""},"class_list":["post-3344","page","type-page","status-publish","hentry"],"yoast_head":"<!-- This site is optimized with the Yoast SEO plugin v26.6 - https:\/\/yoast.com\/wordpress\/plugins\/seo\/ -->\n<title>Plan du site - Hahn Consulting<\/title>\n<meta name=\"robots\" content=\"index, follow, max-snippet:-1, max-image-preview:large, max-video-preview:-1\" \/>\n<link rel=\"canonical\" href=\"https:\/\/hahn-consulting.de\/fr\/plan-du-site\/\" \/>\n<meta property=\"og:locale\" content=\"fr_FR\" \/>\n<meta property=\"og:type\" content=\"article\" \/>\n<meta property=\"og:title\" content=\"Plan du site - Hahn Consulting\" \/>\n<meta property=\"og:url\" content=\"https:\/\/hahn-consulting.de\/fr\/plan-du-site\/\" \/>\n<meta property=\"og:site_name\" content=\"Hahn Consulting\" \/>\n<meta property=\"article:modified_time\" content=\"2024-09-26T15:11:40+00:00\" \/>\n<meta name=\"twitter:card\" content=\"summary_large_image\" \/>\n<script type=\"application\/ld+json\" class=\"yoast-schema-graph\">{\"@context\":\"https:\/\/schema.org\",\"@graph\":[{\"@type\":\"WebPage\",\"@id\":\"https:\/\/hahn-consulting.de\/fr\/plan-du-site\/\",\"url\":\"https:\/\/hahn-consulting.de\/fr\/plan-du-site\/\",\"name\":\"Plan du site - Hahn Consulting\",\"isPartOf\":{\"@id\":\"\/#website\"},\"datePublished\":\"2024-09-26T15:09:45+00:00\",\"dateModified\":\"2024-09-26T15:11:40+00:00\",\"breadcrumb\":{\"@id\":\"https:\/\/hahn-consulting.de\/fr\/plan-du-site\/#breadcrumb\"},\"inLanguage\":\"fr-FR\",\"potentialAction\":[{\"@type\":\"ReadAction\",\"target\":[\"https:\/\/hahn-consulting.de\/fr\/plan-du-site\/\"]}]},{\"@type\":\"BreadcrumbList\",\"@id\":\"https:\/\/hahn-consulting.de\/fr\/plan-du-site\/#breadcrumb\",\"itemListElement\":[{\"@type\":\"ListItem\",\"position\":1,\"name\":\"Startseite\",\"item\":\"https:\/\/hahn-consulting.de\/fr\/page-daccueil\/\"},{\"@type\":\"ListItem\",\"position\":2,\"name\":\"Plan du site\"}]},{\"@type\":\"WebSite\",\"@id\":\"\/#website\",\"url\":\"\/\",\"name\":\"Hahn Consulting\",\"description\":\"\",\"publisher\":{\"@id\":\"\/#organization\"},\"potentialAction\":[{\"@type\":\"SearchAction\",\"target\":{\"@type\":\"EntryPoint\",\"urlTemplate\":\"\/?s={search_term_string}\"},\"query-input\":{\"@type\":\"PropertyValueSpecification\",\"valueRequired\":true,\"valueName\":\"search_term_string\"}}],\"inLanguage\":\"fr-FR\"},{\"@type\":\"Organization\",\"@id\":\"\/#organization\",\"name\":\"Hahn Consulting\",\"url\":\"\/\",\"logo\":{\"@type\":\"ImageObject\",\"inLanguage\":\"fr-FR\",\"@id\":\"\/#\/schema\/logo\/image\/\",\"url\":\"https:\/\/hahn-consulting.de\/wp-content\/uploads\/Logo_Hahn-Consulting_500px.png\",\"contentUrl\":\"https:\/\/hahn-consulting.de\/wp-content\/uploads\/Logo_Hahn-Consulting_500px.png\",\"width\":500,\"height\":147,\"caption\":\"Hahn Consulting\"},\"image\":{\"@id\":\"\/#\/schema\/logo\/image\/\"}}]}<\/script>\n<!-- \/ Yoast SEO plugin. -->","yoast_head_json":{"title":"Plan du site - Hahn Consulting","robots":{"index":"index","follow":"follow","max-snippet":"max-snippet:-1","max-image-preview":"max-image-preview:large","max-video-preview":"max-video-preview:-1"},"canonical":"https:\/\/hahn-consulting.de\/fr\/plan-du-site\/","og_locale":"fr_FR","og_type":"article","og_title":"Plan du site - Hahn Consulting","og_url":"https:\/\/hahn-consulting.de\/fr\/plan-du-site\/","og_site_name":"Hahn Consulting","article_modified_time":"2024-09-26T15:11:40+00:00","twitter_card":"summary_large_image","schema":{"@context":"https:\/\/schema.org","@graph":[{"@type":"WebPage","@id":"https:\/\/hahn-consulting.de\/fr\/plan-du-site\/","url":"https:\/\/hahn-consulting.de\/fr\/plan-du-site\/","name":"Plan du site - Hahn Consulting","isPartOf":{"@id":"\/#website"},"datePublished":"2024-09-26T15:09:45+00:00","dateModified":"2024-09-26T15:11:40+00:00","breadcrumb":{"@id":"https:\/\/hahn-consulting.de\/fr\/plan-du-site\/#breadcrumb"},"inLanguage":"fr-FR","potentialAction":[{"@type":"ReadAction","target":["https:\/\/hahn-consulting.de\/fr\/plan-du-site\/"]}]},{"@type":"BreadcrumbList","@id":"https:\/\/hahn-consulting.de\/fr\/plan-du-site\/#breadcrumb","itemListElement":[{"@type":"ListItem","position":1,"name":"Startseite","item":"https:\/\/hahn-consulting.de\/fr\/page-daccueil\/"},{"@type":"ListItem","position":2,"name":"Plan du site"}]},{"@type":"WebSite","@id":"\/#website","url":"\/","name":"Hahn Consulting","description":"","publisher":{"@id":"\/#organization"},"potentialAction":[{"@type":"SearchAction","target":{"@type":"EntryPoint","urlTemplate":"\/?s={search_term_string}"},"query-input":{"@type":"PropertyValueSpecification","valueRequired":true,"valueName":"search_term_string"}}],"inLanguage":"fr-FR"},{"@type":"Organization","@id":"\/#organization","name":"Hahn Consulting","url":"\/","logo":{"@type":"ImageObject","inLanguage":"fr-FR","@id":"\/#\/schema\/logo\/image\/","url":"https:\/\/hahn-consulting.de\/wp-content\/uploads\/Logo_Hahn-Consulting_500px.png","contentUrl":"https:\/\/hahn-consulting.de\/wp-content\/uploads\/Logo_Hahn-Consulting_500px.png","width":500,"height":147,"caption":"Hahn Consulting"},"image":{"@id":"\/#\/schema\/logo\/image\/"}}]}},"_links":{"self":[{"href":"https:\/\/hahn-consulting.de\/fr\/wp-json\/wp\/v2\/pages\/3344","targetHints":{"allow":["GET"]}}],"collection":[{"href":"https:\/\/hahn-consulting.de\/fr\/wp-json\/wp\/v2\/pages"}],"about":[{"href":"https:\/\/hahn-consulting.de\/fr\/wp-json\/wp\/v2\/types\/page"}],"author":[{"embeddable":true,"href":"https:\/\/hahn-consulting.de\/fr\/wp-json\/wp\/v2\/users\/1"}],"replies":[{"embeddable":true,"href":"https:\/\/hahn-consulting.de\/fr\/wp-json\/wp\/v2\/comments?post=3344"}],"version-history":[{"count":1,"href":"https:\/\/hahn-consulting.de\/fr\/wp-json\/wp\/v2\/pages\/3344\/revisions"}],"predecessor-version":[{"id":3345,"href":"https:\/\/hahn-consulting.de\/fr\/wp-json\/wp\/v2\/pages\/3344\/revisions\/3345"}],"wp:attachment":[{"href":"https:\/\/hahn-consulting.de\/fr\/wp-json\/wp\/v2\/media?parent=3344"}],"curies":[{"name":"wp","href":"https:\/\/api.w.org\/{rel}","templated":true}]}}