{"id":2752,"date":"2024-02-14T15:57:39","date_gmt":"2024-02-14T14:57:39","guid":{"rendered":"https:\/\/hahn-consulting.de\/cooperation\/declarations-des-materiaux\/"},"modified":"2024-09-26T17:36:45","modified_gmt":"2024-09-26T15:36:45","slug":"declarations-des-materiaux","status":"publish","type":"page","link":"https:\/\/hahn-consulting.de\/fr\/cooperation\/declarations-des-materiaux\/","title":{"rendered":"D\u00e9clarations des mat\u00e9riaux"},"content":{"rendered":"\t\t<div data-elementor-type=\"wp-page\" data-elementor-id=\"2752\" class=\"elementor elementor-2752 elementor-965\" data-elementor-post-type=\"page\">\n\t\t\t\t<div data-particle_enable=\"false\" data-particle-mobile-disabled=\"false\" class=\"elementor-element elementor-element-52b055c3 e-con-full e-flex e-con e-parent\" data-id=\"52b055c3\" data-element_type=\"container\" data-settings=\"{&quot;background_background&quot;:&quot;classic&quot;}\">\n\t\t<div data-particle_enable=\"false\" data-particle-mobile-disabled=\"false\" class=\"elementor-element elementor-element-7a4d96b7 e-con-full e-flex e-con e-child\" data-id=\"7a4d96b7\" data-element_type=\"container\">\n\t\t\t\t<div class=\"elementor-element elementor-element-2755343 elementor-widget elementor-widget-heading\" data-id=\"2755343\" data-element_type=\"widget\" data-widget_type=\"heading.default\">\n\t\t\t\t<div class=\"elementor-widget-container\">\n\t\t\t\t\t<h2 class=\"elementor-heading-title elementor-size-default\">\/\/ Conformit\u00e9 UE &amp; s\u00e9curit\u00e9 des produits<\/h2>\t\t\t\t<\/div>\n\t\t\t\t<\/div>\n\t\t\t\t<div class=\"elementor-element elementor-element-780853d1 elementor-widget__width-initial elementor-widget elementor-widget-heading\" data-id=\"780853d1\" data-element_type=\"widget\" data-widget_type=\"heading.default\">\n\t\t\t\t<div class=\"elementor-widget-container\">\n\t\t\t\t\t<h1 class=\"elementor-heading-title elementor-size-default\">D\u00e9clarations de mat\u00e9riel<br><\/h1>\t\t\t\t<\/div>\n\t\t\t\t<\/div>\n\t\t\t\t<div class=\"elementor-element elementor-element-2bf3eea3 elementor-widget elementor-widget-text-editor\" data-id=\"2bf3eea3\" data-element_type=\"widget\" data-widget_type=\"text-editor.default\">\n\t\t\t\t<div class=\"elementor-widget-container\">\n\t\t\t\t\t\t\t\t\t<p>Vous avez besoin d&rsquo;aide &#8211; nous sommes votre partenaire<\/p>\n\t\t\t\t\t\t\t\t<\/div>\n\t\t\t\t<\/div>\n\t\t\t\t<\/div>\n\t\t\t\t<\/div>\n\t\t<div data-particle_enable=\"false\" data-particle-mobile-disabled=\"false\" class=\"elementor-element elementor-element-eaeeffc e-flex e-con-boxed e-con e-parent\" data-id=\"eaeeffc\" data-element_type=\"container\">\n\t\t\t\t\t<div class=\"e-con-inner\">\n\t\t<div data-particle_enable=\"false\" data-particle-mobile-disabled=\"false\" class=\"elementor-element elementor-element-1eaefdc e-con-full e-flex e-con e-child\" data-id=\"1eaefdc\" data-element_type=\"container\">\n\t\t\t\t<div class=\"elementor-element elementor-element-549ca05 elementor-widget elementor-widget-heading\" data-id=\"549ca05\" data-element_type=\"widget\" data-widget_type=\"heading.default\">\n\t\t\t\t<div class=\"elementor-widget-container\">\n\t\t\t\t\t<p class=\"elementor-heading-title elementor-size-default\">\/\/ Notre expertise au service de votre r\u00e9ussite<\/p>\t\t\t\t<\/div>\n\t\t\t\t<\/div>\n\t\t\t\t<div class=\"elementor-element elementor-element-2787245 elementor-widget elementor-widget-heading\" data-id=\"2787245\" data-element_type=\"widget\" data-widget_type=\"heading.default\">\n\t\t\t\t<div class=\"elementor-widget-container\">\n\t\t\t\t\t<h2 class=\"elementor-heading-title elementor-size-default\">D\u00e9clarations des mat\u00e9riaux<\/h2>\t\t\t\t<\/div>\n\t\t\t\t<\/div>\n\t\t\t\t<\/div>\n\t\t\t\t\t<\/div>\n\t\t\t\t<\/div>\n\t\t<div data-particle_enable=\"false\" data-particle-mobile-disabled=\"false\" class=\"elementor-element elementor-element-af87587 e-flex e-con-boxed e-con e-parent\" data-id=\"af87587\" data-element_type=\"container\">\n\t\t\t\t\t<div class=\"e-con-inner\">\n\t\t<div data-particle_enable=\"false\" data-particle-mobile-disabled=\"false\" class=\"elementor-element elementor-element-3947a5b e-con-full e-flex e-con e-child\" data-id=\"3947a5b\" data-element_type=\"container\">\n\t\t\t\t<div class=\"elementor-element elementor-element-8a6f223 elementor-widget elementor-widget-text-editor\" data-id=\"8a6f223\" data-element_type=\"widget\" data-widget_type=\"text-editor.default\">\n\t\t\t\t<div class=\"elementor-widget-container\">\n\t\t\t\t\t\t\t\t\t<p>La d\u00e9claration des mat\u00e9riaux dans le cadre de la d\u00e9claration de conformit\u00e9 UE fait r\u00e9f\u00e9rence \u00e0 l&rsquo;indication des mat\u00e9riaux utilis\u00e9s dans un produit.<\/p>\n<p>Les fabricants doivent fournir une liste des mat\u00e9riaux contenus dans le produit, en particulier si ces mat\u00e9riaux peuvent contenir des substances potentiellement dangereuses.<\/p>\n\t\t\t\t\t\t\t\t<\/div>\n\t\t\t\t<\/div>\n\t\t\t\t<\/div>\n\t\t<div data-particle_enable=\"false\" data-particle-mobile-disabled=\"false\" class=\"elementor-element elementor-element-7bccef1 e-con-full e-flex e-con e-child\" data-id=\"7bccef1\" data-element_type=\"container\">\n\t\t\t\t<div class=\"elementor-element elementor-element-6de1881 elementor-widget elementor-widget-text-editor\" data-id=\"6de1881\" data-element_type=\"widget\" data-widget_type=\"text-editor.default\">\n\t\t\t\t<div class=\"elementor-widget-container\">\n\t\t\t\t\t\t\t\t\t<p>Cette d\u00e9claration contribue \u00e0 garantir que les produits sont conformes aux directives europ\u00e9ennes, notamment en ce qui concerne les restrictions relatives aux substances dangereuses, et permet aux consommateurs de faire des choix \u00e9clair\u00e9s.<\/p>\n\t\t\t\t\t\t\t\t<\/div>\n\t\t\t\t<\/div>\n\t\t\t\t<\/div>\n\t\t\t\t\t<\/div>\n\t\t\t\t<\/div>\n\t\t<div data-particle_enable=\"false\" data-particle-mobile-disabled=\"false\" class=\"elementor-element elementor-element-3169749 e-flex e-con-boxed e-con e-parent\" data-id=\"3169749\" data-element_type=\"container\" data-settings=\"{&quot;background_background&quot;:&quot;classic&quot;}\">\n\t\t\t\t\t<div class=\"e-con-inner\">\n\t\t\t\t<div class=\"elementor-element elementor-element-06863e4 elementor-widget elementor-widget-heading\" data-id=\"06863e4\" data-element_type=\"widget\" data-widget_type=\"heading.default\">\n\t\t\t\t<div class=\"elementor-widget-container\">\n\t\t\t\t\t<p class=\"elementor-heading-title elementor-size-default\">\/\/ Liste des directives pertinentes<\/p>\t\t\t\t<\/div>\n\t\t\t\t<\/div>\n\t\t\t\t<div class=\"elementor-element elementor-element-0778dc6 elementor-widget elementor-widget-heading\" data-id=\"0778dc6\" data-element_type=\"widget\" data-widget_type=\"heading.default\">\n\t\t\t\t<div class=\"elementor-widget-container\">\n\t\t\t\t\t<h2 class=\"elementor-heading-title elementor-size-default\">Quelques directives et r\u00e8glements europ\u00e9ens importants pour les produits :<\/h2>\t\t\t\t<\/div>\n\t\t\t\t<\/div>\n\t\t\t\t\t<\/div>\n\t\t\t\t<\/div>\n\t\t<div data-particle_enable=\"false\" data-particle-mobile-disabled=\"false\" class=\"elementor-element elementor-element-16a17da e-flex e-con-boxed e-con e-parent\" data-id=\"16a17da\" data-element_type=\"container\" data-settings=\"{&quot;background_background&quot;:&quot;classic&quot;}\">\n\t\t\t\t\t<div class=\"e-con-inner\">\n\t\t<div data-particle_enable=\"false\" data-particle-mobile-disabled=\"false\" class=\"elementor-element elementor-element-be6a171 e-con-full e-flex e-con e-child\" data-id=\"be6a171\" data-element_type=\"container\" data-settings=\"{&quot;animation&quot;:&quot;none&quot;}\">\n\t\t<div data-particle_enable=\"false\" data-particle-mobile-disabled=\"false\" class=\"elementor-element elementor-element-e850e68 e-con-full e-flex e-con e-child\" data-id=\"e850e68\" data-element_type=\"container\">\n\t\t\t\t<div class=\"elementor-element elementor-element-4a23b83 elementor-widget-divider--view-line elementor-invisible elementor-widget elementor-widget-divider\" data-id=\"4a23b83\" data-element_type=\"widget\" data-settings=\"{&quot;_animation&quot;:&quot;fadeInLeft&quot;}\" data-widget_type=\"divider.default\">\n\t\t\t\t<div class=\"elementor-widget-container\">\n\t\t\t\t\t\t\t<div class=\"elementor-divider\">\n\t\t\t<span class=\"elementor-divider-separator\">\n\t\t\t\t\t\t<\/span>\n\t\t<\/div>\n\t\t\t\t\t\t<\/div>\n\t\t\t\t<\/div>\n\t\t\t\t<div class=\"elementor-element elementor-element-89e6302 elementor-widget elementor-widget-icon-box\" data-id=\"89e6302\" data-element_type=\"widget\" data-widget_type=\"icon-box.default\">\n\t\t\t\t<div class=\"elementor-widget-container\">\n\t\t\t\t\t\t\t<div class=\"elementor-icon-box-wrapper\">\n\n\t\t\t\n\t\t\t\t\t\t<div class=\"elementor-icon-box-content\">\n\n\t\t\t\t\t\t\t\t\t<h3 class=\"elementor-icon-box-title\">\n\t\t\t\t\t\t<span  >\n\t\t\t\t\t\t\tD\u00e9claration des mat\u00e9riaux RoHS\t\t\t\t\t\t<\/span>\n\t\t\t\t\t<\/h3>\n\t\t\t\t\n\t\t\t\t\t\t\t\t\t<p class=\"elementor-icon-box-description\">\n\t\t\t\t\t\tD\u00e9claration des mat\u00e9riaux RoHS (Restriction of Hazardous Substances Directive) : Cette directive europ\u00e9enne limite l'utilisation de certaines substances dangereuses telles que le plomb, le mercure, le cadmium et autres dans les appareils \u00e9lectroniques et \u00e9lectriques. La d\u00e9claration des mat\u00e9riaux selon la directive RoHS exige l'indication des mat\u00e9riaux et substances utilis\u00e9s afin de garantir que les produits sont exempts des substances interdites. Pour la RoHS, des tests en laboratoire sont utilis\u00e9s pour v\u00e9rifier la teneur en certaines substances interdites, comme le plomb, le mercure ou le cadmium, et pour s'assurer que les produits ne d\u00e9passent pas les limites autoris\u00e9es.\t\t\t\t\t<\/p>\n\t\t\t\t\n\t\t\t<\/div>\n\t\t\t\n\t\t<\/div>\n\t\t\t\t\t\t<\/div>\n\t\t\t\t<\/div>\n\t\t\t\t<\/div>\n\t\t<div data-particle_enable=\"false\" data-particle-mobile-disabled=\"false\" class=\"elementor-element elementor-element-4a0bc29 e-con-full e-flex e-con e-child\" data-id=\"4a0bc29\" data-element_type=\"container\">\n\t\t\t\t<div class=\"elementor-element elementor-element-6f2e474 elementor-widget-divider--view-line elementor-invisible elementor-widget elementor-widget-divider\" data-id=\"6f2e474\" data-element_type=\"widget\" data-settings=\"{&quot;_animation&quot;:&quot;fadeInLeft&quot;}\" data-widget_type=\"divider.default\">\n\t\t\t\t<div class=\"elementor-widget-container\">\n\t\t\t\t\t\t\t<div class=\"elementor-divider\">\n\t\t\t<span class=\"elementor-divider-separator\">\n\t\t\t\t\t\t<\/span>\n\t\t<\/div>\n\t\t\t\t\t\t<\/div>\n\t\t\t\t<\/div>\n\t\t\t\t<div class=\"elementor-element elementor-element-ceb8adf elementor-widget elementor-widget-icon-box\" data-id=\"ceb8adf\" data-element_type=\"widget\" data-widget_type=\"icon-box.default\">\n\t\t\t\t<div class=\"elementor-widget-container\">\n\t\t\t\t\t\t\t<div class=\"elementor-icon-box-wrapper\">\n\n\t\t\t\n\t\t\t\t\t\t<div class=\"elementor-icon-box-content\">\n\n\t\t\t\t\t\t\t\t\t<h3 class=\"elementor-icon-box-title\">\n\t\t\t\t\t\t<span  >\n\t\t\t\t\t\t\tD\u00e9claration des mat\u00e9riaux REACH\t\t\t\t\t\t<\/span>\n\t\t\t\t\t<\/h3>\n\t\t\t\t\n\t\t\t\t\t\t\t\t\t<p class=\"elementor-icon-box-description\">\n\t\t\t\t\t\tREACH (Registration, Evaluation, Authorization, and Restriction of Chemicals) : REACH r\u00e9glemente l'enregistrement, l'\u00e9valuation, l'autorisation et la restriction des substances chimiques contenues dans les produits. La d\u00e9claration des mat\u00e9riaux selon REACH exige la divulgation des substances chimiques contenues dans les produits afin de garantir que leur utilisation est s\u00fbre et prot\u00e8ge la sant\u00e9 des personnes et l'environnement. Dans le cadre de REACH, les tests en laboratoire servent \u00e0 analyser la composition des substances chimiques et des substances contenues dans les produits afin de s'assurer que l'utilisation de ces substances est conforme aux dispositions et aux normes de s\u00e9curit\u00e9 de la directive.\t\t\t\t\t<\/p>\n\t\t\t\t\n\t\t\t<\/div>\n\t\t\t\n\t\t<\/div>\n\t\t\t\t\t\t<\/div>\n\t\t\t\t<\/div>\n\t\t\t\t<\/div>\n\t\t\t\t<\/div>\n\t\t\t\t\t<\/div>\n\t\t\t\t<\/div>\n\t\t<div data-particle_enable=\"false\" data-particle-mobile-disabled=\"false\" class=\"elementor-element elementor-element-85a3cf0 e-flex e-con-boxed e-con e-parent\" data-id=\"85a3cf0\" data-element_type=\"container\" data-settings=\"{&quot;background_background&quot;:&quot;classic&quot;}\">\n\t\t\t\t\t<div class=\"e-con-inner\">\n\t\t<div data-particle_enable=\"false\" data-particle-mobile-disabled=\"false\" class=\"elementor-element elementor-element-7dcb537 e-con-full e-flex e-con e-child\" data-id=\"7dcb537\" data-element_type=\"container\" data-settings=\"{&quot;animation&quot;:&quot;none&quot;}\">\n\t\t<div data-particle_enable=\"false\" data-particle-mobile-disabled=\"false\" class=\"elementor-element elementor-element-4aec096 e-con-full e-flex e-con e-child\" data-id=\"4aec096\" data-element_type=\"container\">\n\t\t\t\t<div class=\"elementor-element elementor-element-e420bba elementor-widget-divider--view-line elementor-invisible elementor-widget elementor-widget-divider\" data-id=\"e420bba\" data-element_type=\"widget\" data-settings=\"{&quot;_animation&quot;:&quot;fadeInLeft&quot;}\" data-widget_type=\"divider.default\">\n\t\t\t\t<div class=\"elementor-widget-container\">\n\t\t\t\t\t\t\t<div class=\"elementor-divider\">\n\t\t\t<span class=\"elementor-divider-separator\">\n\t\t\t\t\t\t<\/span>\n\t\t<\/div>\n\t\t\t\t\t\t<\/div>\n\t\t\t\t<\/div>\n\t\t\t\t<div class=\"elementor-element elementor-element-d70a86f elementor-widget elementor-widget-icon-box\" data-id=\"d70a86f\" data-element_type=\"widget\" data-widget_type=\"icon-box.default\">\n\t\t\t\t<div class=\"elementor-widget-container\">\n\t\t\t\t\t\t\t<div class=\"elementor-icon-box-wrapper\">\n\n\t\t\t\n\t\t\t\t\t\t<div class=\"elementor-icon-box-content\">\n\n\t\t\t\t\t\t\t\t\t<h3 class=\"elementor-icon-box-title\">\n\t\t\t\t\t\t<span  >\n\t\t\t\t\t\t\tD\u00e9claration de mat\u00e9riaux DEEE\t\t\t\t\t\t<\/span>\n\t\t\t\t\t<\/h3>\n\t\t\t\t\n\t\t\t\t\t\t\t\t\t<p class=\"elementor-icon-box-description\">\n\t\t\t\t\t\tDEEE (Directive relative aux d\u00e9chets d'\u00e9quipements \u00e9lectriques et \u00e9lectroniques) : Cette directive europ\u00e9enne traite de l'\u00e9limination des d\u00e9chets d'\u00e9quipements \u00e9lectriques et \u00e9lectroniques. Les d\u00e9clarations de mat\u00e9riaux relatives \u00e0 la DEEE aident \u00e0 garantir la mise au rebut et le recyclage appropri\u00e9s des appareils en fournissant des informations sur les mat\u00e9riaux qu'ils contiennent afin de r\u00e9duire les substances dangereuses dans les DEEE et de faciliter leur mise au rebut correcte. Dans le cas des DEEE, les tests en laboratoire permettent d'identifier les mat\u00e9riaux pr\u00e9sents dans les \u00e9quipements \u00e9lectroniques afin de faciliter leur \u00e9limination et leur recyclage corrects et de s'assurer que les substances dangereuses sont trait\u00e9es correctement.  \t\t\t\t\t<\/p>\n\t\t\t\t\n\t\t\t<\/div>\n\t\t\t\n\t\t<\/div>\n\t\t\t\t\t\t<\/div>\n\t\t\t\t<\/div>\n\t\t\t\t<\/div>\n\t\t\t\t<\/div>\n\t\t\t\t\t<\/div>\n\t\t\t\t<\/div>\n\t\t<div data-particle_enable=\"false\" data-particle-mobile-disabled=\"false\" class=\"elementor-element elementor-element-66686cd e-flex e-con-boxed e-con e-parent\" data-id=\"66686cd\" data-element_type=\"container\">\n\t\t\t\t\t<div class=\"e-con-inner\">\n\t\t<div data-particle_enable=\"false\" data-particle-mobile-disabled=\"false\" class=\"elementor-element elementor-element-a246ef9 e-con-full e-flex e-con e-child\" data-id=\"a246ef9\" data-element_type=\"container\">\n\t\t\t\t<div class=\"elementor-element elementor-element-f5dae07 elementor-widget elementor-widget-heading\" data-id=\"f5dae07\" data-element_type=\"widget\" data-widget_type=\"heading.default\">\n\t\t\t\t<div class=\"elementor-widget-container\">\n\t\t\t\t\t<p class=\"elementor-heading-title elementor-size-default\">FAZIT<\/p>\t\t\t\t<\/div>\n\t\t\t\t<\/div>\n\t\t\t\t<div class=\"elementor-element elementor-element-d09d109 elementor-widget elementor-widget-text-editor\" data-id=\"d09d109\" data-element_type=\"widget\" data-widget_type=\"text-editor.default\">\n\t\t\t\t<div class=\"elementor-widget-container\">\n\t\t\t\t\t\t\t\t\t<p>Il est important de noter qu&rsquo;il ne s&rsquo;agit que d&rsquo;une s\u00e9lection des directives europ\u00e9ennes pertinentes. Selon le type de produit, d&rsquo;autres directives et r\u00e8glements sp\u00e9cifiques peuvent \u00eatre applicables. Il est conseill\u00e9 de nous demander conseil si n\u00e9cessaire afin de s&rsquo;assurer que toutes les exigences pertinentes sont respect\u00e9es.<\/p>\n\t\t\t\t\t\t\t\t<\/div>\n\t\t\t\t<\/div>\n\t\t\t\t<\/div>\n\t\t\t\t\t<\/div>\n\t\t\t\t<\/div>\n\t\t\t\t<\/div>\n\t\t","protected":false},"excerpt":{"rendered":"<p>\/\/ Conformit\u00e9 UE &amp; s\u00e9curit\u00e9 des produits D\u00e9clarations de mat\u00e9riel Vous avez besoin d&rsquo;aide &#8211; nous sommes votre partenaire \/\/ Notre expertise au service de votre r\u00e9ussite D\u00e9clarations des mat\u00e9riaux La d\u00e9claration des mat\u00e9riaux dans le cadre de la d\u00e9claration de conformit\u00e9 UE fait r\u00e9f\u00e9rence \u00e0 l&rsquo;indication des mat\u00e9riaux utilis\u00e9s dans un produit. Les fabricants [&hellip;]<\/p>\n","protected":false},"author":2,"featured_media":0,"parent":2617,"menu_order":0,"comment_status":"closed","ping_status":"closed","template":"","meta":{"footnotes":""},"class_list":["post-2752","page","type-page","status-publish","hentry"],"yoast_head":"<!-- This site is optimized with the Yoast SEO plugin v26.6 - https:\/\/yoast.com\/wordpress\/plugins\/seo\/ -->\n<title>D\u00e9clarations des mat\u00e9riaux RoHS REACH WEEE - Hahn Consulting<\/title>\n<meta name=\"description\" content=\"D\u00e9clarations de mat\u00e9riaux RoHS REACH WEEE - nous vous conseillons et vous assistons sur les directives europ\u00e9ennes pertinentes afin que vous soyez en conformit\u00e9 avec toutes les exigences de l&#039;UE.\" \/>\n<meta name=\"robots\" content=\"index, follow, max-snippet:-1, max-image-preview:large, max-video-preview:-1\" \/>\n<link rel=\"canonical\" href=\"https:\/\/hahn-consulting.de\/fr\/cooperation\/declarations-des-materiaux\/\" \/>\n<meta property=\"og:locale\" content=\"fr_FR\" \/>\n<meta property=\"og:type\" content=\"article\" \/>\n<meta property=\"og:title\" content=\"D\u00e9clarations des mat\u00e9riaux RoHS REACH WEEE - Hahn Consulting\" \/>\n<meta property=\"og:description\" content=\"D\u00e9clarations de mat\u00e9riaux RoHS REACH WEEE - nous vous conseillons et vous assistons sur les directives europ\u00e9ennes pertinentes afin que vous soyez en conformit\u00e9 avec toutes les exigences de l&#039;UE.\" \/>\n<meta property=\"og:url\" content=\"https:\/\/hahn-consulting.de\/fr\/cooperation\/declarations-des-materiaux\/\" \/>\n<meta property=\"og:site_name\" content=\"Hahn Consulting\" \/>\n<meta property=\"article:modified_time\" content=\"2024-09-26T15:36:45+00:00\" \/>\n<meta name=\"twitter:card\" content=\"summary_large_image\" \/>\n<meta name=\"twitter:label1\" content=\"Dur\u00e9e de lecture estim\u00e9e\" \/>\n\t<meta name=\"twitter:data1\" content=\"3 minutes\" \/>\n<script type=\"application\/ld+json\" class=\"yoast-schema-graph\">{\"@context\":\"https:\/\/schema.org\",\"@graph\":[{\"@type\":\"WebPage\",\"@id\":\"https:\/\/hahn-consulting.de\/fr\/cooperation\/declarations-des-materiaux\/\",\"url\":\"https:\/\/hahn-consulting.de\/fr\/cooperation\/declarations-des-materiaux\/\",\"name\":\"D\u00e9clarations des mat\u00e9riaux RoHS REACH WEEE - Hahn Consulting\",\"isPartOf\":{\"@id\":\"\/#website\"},\"datePublished\":\"2024-02-14T14:57:39+00:00\",\"dateModified\":\"2024-09-26T15:36:45+00:00\",\"description\":\"D\u00e9clarations de mat\u00e9riaux RoHS REACH WEEE - nous vous conseillons et vous assistons sur les directives europ\u00e9ennes pertinentes afin que vous soyez en conformit\u00e9 avec toutes les exigences de l'UE.\",\"breadcrumb\":{\"@id\":\"https:\/\/hahn-consulting.de\/fr\/cooperation\/declarations-des-materiaux\/#breadcrumb\"},\"inLanguage\":\"fr-FR\",\"potentialAction\":[{\"@type\":\"ReadAction\",\"target\":[\"https:\/\/hahn-consulting.de\/fr\/cooperation\/declarations-des-materiaux\/\"]}]},{\"@type\":\"BreadcrumbList\",\"@id\":\"https:\/\/hahn-consulting.de\/fr\/cooperation\/declarations-des-materiaux\/#breadcrumb\",\"itemListElement\":[{\"@type\":\"ListItem\",\"position\":1,\"name\":\"Startseite\",\"item\":\"https:\/\/hahn-consulting.de\/fr\/page-daccueil\/\"},{\"@type\":\"ListItem\",\"position\":2,\"name\":\"Coop\u00e9ration\",\"item\":\"https:\/\/hahn-consulting.de\/fr\/zusammenarbeit\/\"},{\"@type\":\"ListItem\",\"position\":3,\"name\":\"D\u00e9clarations des mat\u00e9riaux\"}]},{\"@type\":\"WebSite\",\"@id\":\"\/#website\",\"url\":\"\/\",\"name\":\"Hahn Consulting\",\"description\":\"\",\"publisher\":{\"@id\":\"\/#organization\"},\"potentialAction\":[{\"@type\":\"SearchAction\",\"target\":{\"@type\":\"EntryPoint\",\"urlTemplate\":\"\/?s={search_term_string}\"},\"query-input\":{\"@type\":\"PropertyValueSpecification\",\"valueRequired\":true,\"valueName\":\"search_term_string\"}}],\"inLanguage\":\"fr-FR\"},{\"@type\":\"Organization\",\"@id\":\"\/#organization\",\"name\":\"Hahn Consulting\",\"url\":\"\/\",\"logo\":{\"@type\":\"ImageObject\",\"inLanguage\":\"fr-FR\",\"@id\":\"\/#\/schema\/logo\/image\/\",\"url\":\"https:\/\/hahn-consulting.de\/wp-content\/uploads\/Logo_Hahn-Consulting_500px.png\",\"contentUrl\":\"https:\/\/hahn-consulting.de\/wp-content\/uploads\/Logo_Hahn-Consulting_500px.png\",\"width\":500,\"height\":147,\"caption\":\"Hahn Consulting\"},\"image\":{\"@id\":\"\/#\/schema\/logo\/image\/\"}}]}<\/script>\n<!-- \/ Yoast SEO plugin. -->","yoast_head_json":{"title":"D\u00e9clarations des mat\u00e9riaux RoHS REACH WEEE - Hahn Consulting","description":"D\u00e9clarations de mat\u00e9riaux RoHS REACH WEEE - nous vous conseillons et vous assistons sur les directives europ\u00e9ennes pertinentes afin que vous soyez en conformit\u00e9 avec toutes les exigences de l'UE.","robots":{"index":"index","follow":"follow","max-snippet":"max-snippet:-1","max-image-preview":"max-image-preview:large","max-video-preview":"max-video-preview:-1"},"canonical":"https:\/\/hahn-consulting.de\/fr\/cooperation\/declarations-des-materiaux\/","og_locale":"fr_FR","og_type":"article","og_title":"D\u00e9clarations des mat\u00e9riaux RoHS REACH WEEE - Hahn Consulting","og_description":"D\u00e9clarations de mat\u00e9riaux RoHS REACH WEEE - nous vous conseillons et vous assistons sur les directives europ\u00e9ennes pertinentes afin que vous soyez en conformit\u00e9 avec toutes les exigences de l'UE.","og_url":"https:\/\/hahn-consulting.de\/fr\/cooperation\/declarations-des-materiaux\/","og_site_name":"Hahn Consulting","article_modified_time":"2024-09-26T15:36:45+00:00","twitter_card":"summary_large_image","twitter_misc":{"Dur\u00e9e de lecture estim\u00e9e":"3 minutes"},"schema":{"@context":"https:\/\/schema.org","@graph":[{"@type":"WebPage","@id":"https:\/\/hahn-consulting.de\/fr\/cooperation\/declarations-des-materiaux\/","url":"https:\/\/hahn-consulting.de\/fr\/cooperation\/declarations-des-materiaux\/","name":"D\u00e9clarations des mat\u00e9riaux RoHS REACH WEEE - Hahn Consulting","isPartOf":{"@id":"\/#website"},"datePublished":"2024-02-14T14:57:39+00:00","dateModified":"2024-09-26T15:36:45+00:00","description":"D\u00e9clarations de mat\u00e9riaux RoHS REACH WEEE - nous vous conseillons et vous assistons sur les directives europ\u00e9ennes pertinentes afin que vous soyez en conformit\u00e9 avec toutes les exigences de l'UE.","breadcrumb":{"@id":"https:\/\/hahn-consulting.de\/fr\/cooperation\/declarations-des-materiaux\/#breadcrumb"},"inLanguage":"fr-FR","potentialAction":[{"@type":"ReadAction","target":["https:\/\/hahn-consulting.de\/fr\/cooperation\/declarations-des-materiaux\/"]}]},{"@type":"BreadcrumbList","@id":"https:\/\/hahn-consulting.de\/fr\/cooperation\/declarations-des-materiaux\/#breadcrumb","itemListElement":[{"@type":"ListItem","position":1,"name":"Startseite","item":"https:\/\/hahn-consulting.de\/fr\/page-daccueil\/"},{"@type":"ListItem","position":2,"name":"Coop\u00e9ration","item":"https:\/\/hahn-consulting.de\/fr\/zusammenarbeit\/"},{"@type":"ListItem","position":3,"name":"D\u00e9clarations des mat\u00e9riaux"}]},{"@type":"WebSite","@id":"\/#website","url":"\/","name":"Hahn Consulting","description":"","publisher":{"@id":"\/#organization"},"potentialAction":[{"@type":"SearchAction","target":{"@type":"EntryPoint","urlTemplate":"\/?s={search_term_string}"},"query-input":{"@type":"PropertyValueSpecification","valueRequired":true,"valueName":"search_term_string"}}],"inLanguage":"fr-FR"},{"@type":"Organization","@id":"\/#organization","name":"Hahn Consulting","url":"\/","logo":{"@type":"ImageObject","inLanguage":"fr-FR","@id":"\/#\/schema\/logo\/image\/","url":"https:\/\/hahn-consulting.de\/wp-content\/uploads\/Logo_Hahn-Consulting_500px.png","contentUrl":"https:\/\/hahn-consulting.de\/wp-content\/uploads\/Logo_Hahn-Consulting_500px.png","width":500,"height":147,"caption":"Hahn Consulting"},"image":{"@id":"\/#\/schema\/logo\/image\/"}}]}},"_links":{"self":[{"href":"https:\/\/hahn-consulting.de\/fr\/wp-json\/wp\/v2\/pages\/2752","targetHints":{"allow":["GET"]}}],"collection":[{"href":"https:\/\/hahn-consulting.de\/fr\/wp-json\/wp\/v2\/pages"}],"about":[{"href":"https:\/\/hahn-consulting.de\/fr\/wp-json\/wp\/v2\/types\/page"}],"author":[{"embeddable":true,"href":"https:\/\/hahn-consulting.de\/fr\/wp-json\/wp\/v2\/users\/2"}],"replies":[{"embeddable":true,"href":"https:\/\/hahn-consulting.de\/fr\/wp-json\/wp\/v2\/comments?post=2752"}],"version-history":[{"count":4,"href":"https:\/\/hahn-consulting.de\/fr\/wp-json\/wp\/v2\/pages\/2752\/revisions"}],"predecessor-version":[{"id":3449,"href":"https:\/\/hahn-consulting.de\/fr\/wp-json\/wp\/v2\/pages\/2752\/revisions\/3449"}],"up":[{"embeddable":true,"href":"https:\/\/hahn-consulting.de\/fr\/wp-json\/wp\/v2\/pages\/2617"}],"wp:attachment":[{"href":"https:\/\/hahn-consulting.de\/fr\/wp-json\/wp\/v2\/media?parent=2752"}],"curies":[{"name":"wp","href":"https:\/\/api.w.org\/{rel}","templated":true}]}}