{"id":2723,"date":"2024-02-14T15:30:49","date_gmt":"2024-02-14T14:30:49","guid":{"rendered":"https:\/\/hahn-consulting.de\/cooperation\/mode-demploi\/"},"modified":"2024-09-26T17:33:10","modified_gmt":"2024-09-26T15:33:10","slug":"mode-demploi","status":"publish","type":"page","link":"https:\/\/hahn-consulting.de\/fr\/cooperation\/mode-demploi\/","title":{"rendered":"Mode d&#8217;emploi"},"content":{"rendered":"\t\t<div data-elementor-type=\"wp-page\" data-elementor-id=\"2723\" class=\"elementor elementor-2723 elementor-922\" data-elementor-post-type=\"page\">\n\t\t\t\t<div data-particle_enable=\"false\" data-particle-mobile-disabled=\"false\" class=\"elementor-element elementor-element-dd91373 e-con-full e-flex e-con e-parent\" data-id=\"dd91373\" data-element_type=\"container\" data-settings=\"{&quot;background_background&quot;:&quot;classic&quot;}\">\n\t\t<div data-particle_enable=\"false\" data-particle-mobile-disabled=\"false\" class=\"elementor-element elementor-element-ed27449 e-con-full e-flex e-con e-child\" data-id=\"ed27449\" data-element_type=\"container\">\n\t\t\t\t<div class=\"elementor-element elementor-element-da4d45d elementor-widget elementor-widget-heading\" data-id=\"da4d45d\" data-element_type=\"widget\" data-widget_type=\"heading.default\">\n\t\t\t\t<div class=\"elementor-widget-container\">\n\t\t\t\t\t<h2 class=\"elementor-heading-title elementor-size-default\">\/\/ Conformit\u00e9 UE &amp; s\u00e9curit\u00e9 des produits<\/h2>\t\t\t\t<\/div>\n\t\t\t\t<\/div>\n\t\t\t\t<div class=\"elementor-element elementor-element-6d0e0cb elementor-widget__width-initial elementor-widget elementor-widget-heading\" data-id=\"6d0e0cb\" data-element_type=\"widget\" data-widget_type=\"heading.default\">\n\t\t\t\t<div class=\"elementor-widget-container\">\n\t\t\t\t\t<h1 class=\"elementor-heading-title elementor-size-default\">Mode d'emploi<\/h1>\t\t\t\t<\/div>\n\t\t\t\t<\/div>\n\t\t\t\t<div class=\"elementor-element elementor-element-5baf9dd elementor-widget elementor-widget-text-editor\" data-id=\"5baf9dd\" data-element_type=\"widget\" data-widget_type=\"text-editor.default\">\n\t\t\t\t<div class=\"elementor-widget-container\">\n\t\t\t\t\t\t\t\t\t<p>Vous avez besoin d&rsquo;aide &#8211; nous sommes votre partenaire<\/p>\n\t\t\t\t\t\t\t\t<\/div>\n\t\t\t\t<\/div>\n\t\t\t\t<\/div>\n\t\t\t\t<\/div>\n\t\t<div data-particle_enable=\"false\" data-particle-mobile-disabled=\"false\" class=\"elementor-element elementor-element-92da1d6 e-flex e-con-boxed e-con e-parent\" data-id=\"92da1d6\" data-element_type=\"container\">\n\t\t\t\t\t<div class=\"e-con-inner\">\n\t\t<div data-particle_enable=\"false\" data-particle-mobile-disabled=\"false\" class=\"elementor-element elementor-element-a353c47 e-con-full e-flex e-con e-child\" data-id=\"a353c47\" data-element_type=\"container\">\n\t\t\t\t<div class=\"elementor-element elementor-element-549ca05 elementor-widget elementor-widget-heading\" data-id=\"549ca05\" data-element_type=\"widget\" data-widget_type=\"heading.default\">\n\t\t\t\t<div class=\"elementor-widget-container\">\n\t\t\t\t\t<p class=\"elementor-heading-title elementor-size-default\">\/\/ Planification et conception efficaces<\/p>\t\t\t\t<\/div>\n\t\t\t\t<\/div>\n\t\t\t\t<\/div>\n\t\t<div data-particle_enable=\"false\" data-particle-mobile-disabled=\"false\" class=\"elementor-element elementor-element-369dda3 e-con-full e-flex e-con e-child\" data-id=\"369dda3\" data-element_type=\"container\">\n\t\t\t\t<div class=\"elementor-element elementor-element-2787245 elementor-widget elementor-widget-heading\" data-id=\"2787245\" data-element_type=\"widget\" data-widget_type=\"heading.default\">\n\t\t\t\t<div class=\"elementor-widget-container\">\n\t\t\t\t\t<h2 class=\"elementor-heading-title elementor-size-default\">Mode d'emploi<\/h2>\t\t\t\t<\/div>\n\t\t\t\t<\/div>\n\t\t\t\t<\/div>\n\t\t\t\t\t<\/div>\n\t\t\t\t<\/div>\n\t\t<div data-particle_enable=\"false\" data-particle-mobile-disabled=\"false\" class=\"elementor-element elementor-element-8f28139 e-flex e-con-boxed e-con e-parent\" data-id=\"8f28139\" data-element_type=\"container\">\n\t\t\t\t\t<div class=\"e-con-inner\">\n\t\t<div data-particle_enable=\"false\" data-particle-mobile-disabled=\"false\" class=\"elementor-element elementor-element-cef881e e-con-full e-flex e-con e-child\" data-id=\"cef881e\" data-element_type=\"container\">\n\t\t\t\t<div class=\"elementor-element elementor-element-9fe3c21 elementor-widget elementor-widget-text-editor\" data-id=\"9fe3c21\" data-element_type=\"widget\" data-widget_type=\"text-editor.default\">\n\t\t\t\t<div class=\"elementor-widget-container\">\n\t\t\t\t\t\t\t\t\t<div class=\"flex flex-grow flex-col max-w-full\">\n<div class=\"min-h-[20px] text-message flex flex-col items-start gap-3 whitespace-pre-wrap break-words [.text-message+&amp;]:mt-5 overflow-x-auto\" data-message-author-role=\"assistant\" data-message-id=\"40e6978b-ee06-416f-980f-42dd6e24ce3d\">\n<div class=\"result-streaming markdown prose w-full break-words dark:prose-invert dark\">\n<p>Un manuel d&rsquo;utilisation est un document qui fournit des informations et des instructions pour l&rsquo;utilisation s\u00fbre et efficace d&rsquo;un produit. Elle d\u00e9voile des instructions d\u00e9taill\u00e9es, des consignes de s\u00e9curit\u00e9, des sp\u00e9cifications techniques et des informations sur la maintenance.  <\/p>\n<\/div>\n<\/div>\n<\/div>\n\t\t\t\t\t\t\t\t<\/div>\n\t\t\t\t<\/div>\n\t\t\t\t<\/div>\n\t\t<div data-particle_enable=\"false\" data-particle-mobile-disabled=\"false\" class=\"elementor-element elementor-element-05931ac e-con-full e-flex e-con e-child\" data-id=\"05931ac\" data-element_type=\"container\">\n\t\t\t\t<div class=\"elementor-element elementor-element-b976bdb elementor-widget elementor-widget-text-editor\" data-id=\"b976bdb\" data-element_type=\"widget\" data-widget_type=\"text-editor.default\">\n\t\t\t\t<div class=\"elementor-widget-container\">\n\t\t\t\t\t\t\t\t\t<div class=\"flex flex-grow flex-col max-w-full\">\n<div class=\"min-h-[20px] text-message flex flex-col items-start gap-3 whitespace-pre-wrap break-words [.text-message+&amp;]:mt-5 overflow-x-auto\" data-message-author-role=\"assistant\" data-message-id=\"40e6978b-ee06-416f-980f-42dd6e24ce3d\">\n<div class=\"result-streaming markdown prose w-full break-words dark:prose-invert dark\">\n<p>L&rsquo;objectif est de fournir \u00e0 l&rsquo;utilisateur toutes les informations n\u00e9cessaires pour utiliser correctement le produit, minimiser les risques \u00e9ventuels et maximiser la dur\u00e9e de vie du produit.<\/p>\n<\/div>\n<\/div>\n<\/div>\n\t\t\t\t\t\t\t\t<\/div>\n\t\t\t\t<\/div>\n\t\t\t\t<\/div>\n\t\t\t\t\t<\/div>\n\t\t\t\t<\/div>\n\t\t\t\t<\/div>\n\t\t","protected":false},"excerpt":{"rendered":"<p>\/\/ Conformit\u00e9 UE &amp; s\u00e9curit\u00e9 des produits Mode d&#8217;emploi Vous avez besoin d&rsquo;aide &#8211; nous sommes votre partenaire \/\/ Planification et conception efficaces Mode d&#8217;emploi Un manuel d&rsquo;utilisation est un document qui fournit des informations et des instructions pour l&rsquo;utilisation s\u00fbre et efficace d&rsquo;un produit. Elle d\u00e9voile des instructions d\u00e9taill\u00e9es, des consignes de s\u00e9curit\u00e9, des [&hellip;]<\/p>\n","protected":false},"author":2,"featured_media":0,"parent":2617,"menu_order":0,"comment_status":"closed","ping_status":"closed","template":"","meta":{"footnotes":""},"class_list":["post-2723","page","type-page","status-publish","hentry"],"yoast_head":"<!-- This site is optimized with the Yoast SEO plugin v26.6 - https:\/\/yoast.com\/wordpress\/plugins\/seo\/ -->\n<title>Manuel d&#039;utilisation - Conformit\u00e9 UE &amp; s\u00e9curit\u00e9 des produits - Hahn Consulting<\/title>\n<meta name=\"description\" content=\"Planification et conception efficaces : Manuel d&#039;utilisation conforme \u00e0 la norme CE - Conforme \u00e0 la l\u00e9gislation europ\u00e9enne - Instructions, consignes de s\u00e9curit\u00e9, sp\u00e9cifications techniques\" \/>\n<meta name=\"robots\" content=\"index, follow, max-snippet:-1, max-image-preview:large, max-video-preview:-1\" \/>\n<link rel=\"canonical\" href=\"https:\/\/hahn-consulting.de\/fr\/cooperation\/mode-demploi\/\" \/>\n<meta property=\"og:locale\" content=\"fr_FR\" \/>\n<meta property=\"og:type\" content=\"article\" \/>\n<meta property=\"og:title\" content=\"Manuel d&#039;utilisation - Conformit\u00e9 UE &amp; s\u00e9curit\u00e9 des produits - Hahn Consulting\" \/>\n<meta property=\"og:description\" content=\"Planification et conception efficaces : Manuel d&#039;utilisation conforme \u00e0 la norme CE - Conforme \u00e0 la l\u00e9gislation europ\u00e9enne - Instructions, consignes de s\u00e9curit\u00e9, sp\u00e9cifications techniques\" \/>\n<meta property=\"og:url\" content=\"https:\/\/hahn-consulting.de\/fr\/cooperation\/mode-demploi\/\" \/>\n<meta property=\"og:site_name\" content=\"Hahn Consulting\" \/>\n<meta property=\"article:modified_time\" content=\"2024-09-26T15:33:10+00:00\" \/>\n<meta name=\"twitter:card\" content=\"summary_large_image\" \/>\n<script type=\"application\/ld+json\" class=\"yoast-schema-graph\">{\"@context\":\"https:\/\/schema.org\",\"@graph\":[{\"@type\":\"WebPage\",\"@id\":\"https:\/\/hahn-consulting.de\/fr\/cooperation\/mode-demploi\/\",\"url\":\"https:\/\/hahn-consulting.de\/fr\/cooperation\/mode-demploi\/\",\"name\":\"Manuel d'utilisation - Conformit\u00e9 UE & s\u00e9curit\u00e9 des produits - Hahn Consulting\",\"isPartOf\":{\"@id\":\"\/#website\"},\"datePublished\":\"2024-02-14T14:30:49+00:00\",\"dateModified\":\"2024-09-26T15:33:10+00:00\",\"description\":\"Planification et conception efficaces : Manuel d'utilisation conforme \u00e0 la norme CE - Conforme \u00e0 la l\u00e9gislation europ\u00e9enne - Instructions, consignes de s\u00e9curit\u00e9, sp\u00e9cifications techniques\",\"breadcrumb\":{\"@id\":\"https:\/\/hahn-consulting.de\/fr\/cooperation\/mode-demploi\/#breadcrumb\"},\"inLanguage\":\"fr-FR\",\"potentialAction\":[{\"@type\":\"ReadAction\",\"target\":[\"https:\/\/hahn-consulting.de\/fr\/cooperation\/mode-demploi\/\"]}]},{\"@type\":\"BreadcrumbList\",\"@id\":\"https:\/\/hahn-consulting.de\/fr\/cooperation\/mode-demploi\/#breadcrumb\",\"itemListElement\":[{\"@type\":\"ListItem\",\"position\":1,\"name\":\"Startseite\",\"item\":\"https:\/\/hahn-consulting.de\/fr\/page-daccueil\/\"},{\"@type\":\"ListItem\",\"position\":2,\"name\":\"Coop\u00e9ration\",\"item\":\"https:\/\/hahn-consulting.de\/fr\/zusammenarbeit\/\"},{\"@type\":\"ListItem\",\"position\":3,\"name\":\"Mode d&#8217;emploi\"}]},{\"@type\":\"WebSite\",\"@id\":\"\/#website\",\"url\":\"\/\",\"name\":\"Hahn Consulting\",\"description\":\"\",\"publisher\":{\"@id\":\"\/#organization\"},\"potentialAction\":[{\"@type\":\"SearchAction\",\"target\":{\"@type\":\"EntryPoint\",\"urlTemplate\":\"\/?s={search_term_string}\"},\"query-input\":{\"@type\":\"PropertyValueSpecification\",\"valueRequired\":true,\"valueName\":\"search_term_string\"}}],\"inLanguage\":\"fr-FR\"},{\"@type\":\"Organization\",\"@id\":\"\/#organization\",\"name\":\"Hahn Consulting\",\"url\":\"\/\",\"logo\":{\"@type\":\"ImageObject\",\"inLanguage\":\"fr-FR\",\"@id\":\"\/#\/schema\/logo\/image\/\",\"url\":\"https:\/\/hahn-consulting.de\/wp-content\/uploads\/Logo_Hahn-Consulting_500px.png\",\"contentUrl\":\"https:\/\/hahn-consulting.de\/wp-content\/uploads\/Logo_Hahn-Consulting_500px.png\",\"width\":500,\"height\":147,\"caption\":\"Hahn Consulting\"},\"image\":{\"@id\":\"\/#\/schema\/logo\/image\/\"}}]}<\/script>\n<!-- \/ Yoast SEO plugin. -->","yoast_head_json":{"title":"Manuel d'utilisation - Conformit\u00e9 UE & s\u00e9curit\u00e9 des produits - Hahn Consulting","description":"Planification et conception efficaces : Manuel d'utilisation conforme \u00e0 la norme CE - Conforme \u00e0 la l\u00e9gislation europ\u00e9enne - Instructions, consignes de s\u00e9curit\u00e9, sp\u00e9cifications techniques","robots":{"index":"index","follow":"follow","max-snippet":"max-snippet:-1","max-image-preview":"max-image-preview:large","max-video-preview":"max-video-preview:-1"},"canonical":"https:\/\/hahn-consulting.de\/fr\/cooperation\/mode-demploi\/","og_locale":"fr_FR","og_type":"article","og_title":"Manuel d'utilisation - Conformit\u00e9 UE & s\u00e9curit\u00e9 des produits - Hahn Consulting","og_description":"Planification et conception efficaces : Manuel d'utilisation conforme \u00e0 la norme CE - Conforme \u00e0 la l\u00e9gislation europ\u00e9enne - Instructions, consignes de s\u00e9curit\u00e9, sp\u00e9cifications techniques","og_url":"https:\/\/hahn-consulting.de\/fr\/cooperation\/mode-demploi\/","og_site_name":"Hahn Consulting","article_modified_time":"2024-09-26T15:33:10+00:00","twitter_card":"summary_large_image","schema":{"@context":"https:\/\/schema.org","@graph":[{"@type":"WebPage","@id":"https:\/\/hahn-consulting.de\/fr\/cooperation\/mode-demploi\/","url":"https:\/\/hahn-consulting.de\/fr\/cooperation\/mode-demploi\/","name":"Manuel d'utilisation - Conformit\u00e9 UE & s\u00e9curit\u00e9 des produits - Hahn Consulting","isPartOf":{"@id":"\/#website"},"datePublished":"2024-02-14T14:30:49+00:00","dateModified":"2024-09-26T15:33:10+00:00","description":"Planification et conception efficaces : Manuel d'utilisation conforme \u00e0 la norme CE - Conforme \u00e0 la l\u00e9gislation europ\u00e9enne - Instructions, consignes de s\u00e9curit\u00e9, sp\u00e9cifications techniques","breadcrumb":{"@id":"https:\/\/hahn-consulting.de\/fr\/cooperation\/mode-demploi\/#breadcrumb"},"inLanguage":"fr-FR","potentialAction":[{"@type":"ReadAction","target":["https:\/\/hahn-consulting.de\/fr\/cooperation\/mode-demploi\/"]}]},{"@type":"BreadcrumbList","@id":"https:\/\/hahn-consulting.de\/fr\/cooperation\/mode-demploi\/#breadcrumb","itemListElement":[{"@type":"ListItem","position":1,"name":"Startseite","item":"https:\/\/hahn-consulting.de\/fr\/page-daccueil\/"},{"@type":"ListItem","position":2,"name":"Coop\u00e9ration","item":"https:\/\/hahn-consulting.de\/fr\/zusammenarbeit\/"},{"@type":"ListItem","position":3,"name":"Mode d&#8217;emploi"}]},{"@type":"WebSite","@id":"\/#website","url":"\/","name":"Hahn Consulting","description":"","publisher":{"@id":"\/#organization"},"potentialAction":[{"@type":"SearchAction","target":{"@type":"EntryPoint","urlTemplate":"\/?s={search_term_string}"},"query-input":{"@type":"PropertyValueSpecification","valueRequired":true,"valueName":"search_term_string"}}],"inLanguage":"fr-FR"},{"@type":"Organization","@id":"\/#organization","name":"Hahn Consulting","url":"\/","logo":{"@type":"ImageObject","inLanguage":"fr-FR","@id":"\/#\/schema\/logo\/image\/","url":"https:\/\/hahn-consulting.de\/wp-content\/uploads\/Logo_Hahn-Consulting_500px.png","contentUrl":"https:\/\/hahn-consulting.de\/wp-content\/uploads\/Logo_Hahn-Consulting_500px.png","width":500,"height":147,"caption":"Hahn Consulting"},"image":{"@id":"\/#\/schema\/logo\/image\/"}}]}},"_links":{"self":[{"href":"https:\/\/hahn-consulting.de\/fr\/wp-json\/wp\/v2\/pages\/2723","targetHints":{"allow":["GET"]}}],"collection":[{"href":"https:\/\/hahn-consulting.de\/fr\/wp-json\/wp\/v2\/pages"}],"about":[{"href":"https:\/\/hahn-consulting.de\/fr\/wp-json\/wp\/v2\/types\/page"}],"author":[{"embeddable":true,"href":"https:\/\/hahn-consulting.de\/fr\/wp-json\/wp\/v2\/users\/2"}],"replies":[{"embeddable":true,"href":"https:\/\/hahn-consulting.de\/fr\/wp-json\/wp\/v2\/comments?post=2723"}],"version-history":[{"count":3,"href":"https:\/\/hahn-consulting.de\/fr\/wp-json\/wp\/v2\/pages\/2723\/revisions"}],"predecessor-version":[{"id":3417,"href":"https:\/\/hahn-consulting.de\/fr\/wp-json\/wp\/v2\/pages\/2723\/revisions\/3417"}],"up":[{"embeddable":true,"href":"https:\/\/hahn-consulting.de\/fr\/wp-json\/wp\/v2\/pages\/2617"}],"wp:attachment":[{"href":"https:\/\/hahn-consulting.de\/fr\/wp-json\/wp\/v2\/media?parent=2723"}],"curies":[{"name":"wp","href":"https:\/\/api.w.org\/{rel}","templated":true}]}}