{"id":2705,"date":"2024-02-14T15:33:39","date_gmt":"2024-02-14T14:33:39","guid":{"rendered":"https:\/\/hahn-consulting.de\/cooperation\/ce-check-controle-de-produit-ue\/"},"modified":"2024-09-26T17:33:44","modified_gmt":"2024-09-26T15:33:44","slug":"ce-check-controle-de-produit-ue","status":"publish","type":"page","link":"https:\/\/hahn-consulting.de\/fr\/cooperation\/ce-check-controle-de-produit-ue\/","title":{"rendered":"CE Check \/ Contr\u00f4le de produit UE"},"content":{"rendered":"\t\t<div data-elementor-type=\"wp-page\" data-elementor-id=\"2705\" class=\"elementor elementor-2705 elementor-934\" data-elementor-post-type=\"page\">\n\t\t\t\t<div data-particle_enable=\"false\" data-particle-mobile-disabled=\"false\" class=\"elementor-element elementor-element-dd91373 e-con-full e-flex e-con e-parent\" data-id=\"dd91373\" data-element_type=\"container\" data-settings=\"{&quot;background_background&quot;:&quot;classic&quot;}\">\n\t\t<div data-particle_enable=\"false\" data-particle-mobile-disabled=\"false\" class=\"elementor-element elementor-element-ed27449 e-con-full e-flex e-con e-child\" data-id=\"ed27449\" data-element_type=\"container\">\n\t\t\t\t<div class=\"elementor-element elementor-element-da4d45d elementor-widget elementor-widget-heading\" data-id=\"da4d45d\" data-element_type=\"widget\" data-widget_type=\"heading.default\">\n\t\t\t\t<div class=\"elementor-widget-container\">\n\t\t\t\t\t<h2 class=\"elementor-heading-title elementor-size-default\">\/\/ Conformit\u00e9 UE &amp; s\u00e9curit\u00e9 des produits<\/h2>\t\t\t\t<\/div>\n\t\t\t\t<\/div>\n\t\t\t\t<div class=\"elementor-element elementor-element-6d0e0cb elementor-widget__width-initial elementor-widget elementor-widget-heading\" data-id=\"6d0e0cb\" data-element_type=\"widget\" data-widget_type=\"heading.default\">\n\t\t\t\t<div class=\"elementor-widget-container\">\n\t\t\t\t\t<h1 class=\"elementor-heading-title elementor-size-default\">CE-Check - <br> V\u00e9rification des produits UE<\/h1>\t\t\t\t<\/div>\n\t\t\t\t<\/div>\n\t\t\t\t<div class=\"elementor-element elementor-element-5baf9dd elementor-widget elementor-widget-text-editor\" data-id=\"5baf9dd\" data-element_type=\"widget\" data-widget_type=\"text-editor.default\">\n\t\t\t\t<div class=\"elementor-widget-container\">\n\t\t\t\t\t\t\t\t\t<p>Vous avez besoin d&rsquo;aide &#8211; nous sommes votre partenaire<\/p>\n\t\t\t\t\t\t\t\t<\/div>\n\t\t\t\t<\/div>\n\t\t\t\t<\/div>\n\t\t\t\t<\/div>\n\t\t<div data-particle_enable=\"false\" data-particle-mobile-disabled=\"false\" class=\"elementor-element elementor-element-92da1d6 e-flex e-con-boxed e-con e-parent\" data-id=\"92da1d6\" data-element_type=\"container\">\n\t\t\t\t\t<div class=\"e-con-inner\">\n\t\t<div data-particle_enable=\"false\" data-particle-mobile-disabled=\"false\" class=\"elementor-element elementor-element-a353c47 e-con-full e-flex e-con e-child\" data-id=\"a353c47\" data-element_type=\"container\">\n\t\t\t\t<div class=\"elementor-element elementor-element-549ca05 elementor-widget elementor-widget-heading\" data-id=\"549ca05\" data-element_type=\"widget\" data-widget_type=\"heading.default\">\n\t\t\t\t<div class=\"elementor-widget-container\">\n\t\t\t\t\t<p class=\"elementor-heading-title elementor-size-default\">\/\/ Planification et conception efficaces<\/p>\t\t\t\t<\/div>\n\t\t\t\t<\/div>\n\t\t\t\t<\/div>\n\t\t<div data-particle_enable=\"false\" data-particle-mobile-disabled=\"false\" class=\"elementor-element elementor-element-369dda3 e-con-full e-flex e-con e-child\" data-id=\"369dda3\" data-element_type=\"container\">\n\t\t\t\t<div class=\"elementor-element elementor-element-2787245 elementor-widget elementor-widget-heading\" data-id=\"2787245\" data-element_type=\"widget\" data-widget_type=\"heading.default\">\n\t\t\t\t<div class=\"elementor-widget-container\">\n\t\t\t\t\t<h2 class=\"elementor-heading-title elementor-size-default\">Contr\u00f4le CE<\/h2>\t\t\t\t<\/div>\n\t\t\t\t<\/div>\n\t\t\t\t<\/div>\n\t\t\t\t\t<\/div>\n\t\t\t\t<\/div>\n\t\t<div data-particle_enable=\"false\" data-particle-mobile-disabled=\"false\" class=\"elementor-element elementor-element-576c03d e-flex e-con-boxed e-con e-parent\" data-id=\"576c03d\" data-element_type=\"container\">\n\t\t\t\t\t<div class=\"e-con-inner\">\n\t\t<div data-particle_enable=\"false\" data-particle-mobile-disabled=\"false\" class=\"elementor-element elementor-element-e2a1faf e-con-full e-flex e-con e-child\" data-id=\"e2a1faf\" data-element_type=\"container\">\n\t\t\t\t<div class=\"elementor-element elementor-element-07b539b elementor-widget elementor-widget-text-editor\" data-id=\"07b539b\" data-element_type=\"widget\" data-widget_type=\"text-editor.default\">\n\t\t\t\t<div class=\"elementor-widget-container\">\n\t\t\t\t\t\t\t\t\t<div class=\"flex flex-grow flex-col max-w-full\">\n<div class=\"min-h-[20px] text-message flex flex-col items-start gap-3 whitespace-pre-wrap break-words [.text-message+&amp;]:mt-5 overflow-x-auto\" data-message-author-role=\"assistant\" data-message-id=\"40e6978b-ee06-416f-980f-42dd6e24ce3d\">\n<div class=\"result-streaming markdown prose w-full break-words dark:prose-invert dark\">\n<p>Un contr\u00f4le CE est une premi\u00e8re v\u00e9rification visant \u00e0 d\u00e9terminer si un produit ou un \u00e9quipement r\u00e9pond aux exigences requises pour obtenir le marquage CE conform\u00e9ment \u00e0 la r\u00e9glementation europ\u00e9enne. Ce processus implique de v\u00e9rifier la conformit\u00e9 du produit avec les directives europ\u00e9ennes pertinentes, les normes de s\u00e9curit\u00e9 et autres exigences l\u00e9gales. Dans une \u00e9tape ult\u00e9rieure, vous recevrez des informations d\u00e9taill\u00e9es sur l&rsquo;\u00e9tat actuel de votre produit ainsi qu&rsquo;une \u00e9valuation de sa mise sur le march\u00e9 europ\u00e9en et des \u00e9carts et risques qui y sont li\u00e9s.<\/p>\n<\/div>\n<\/div>\n<\/div>\n\t\t\t\t\t\t\t\t<\/div>\n\t\t\t\t<\/div>\n\t\t\t\t<\/div>\n\t\t<div data-particle_enable=\"false\" data-particle-mobile-disabled=\"false\" class=\"elementor-element elementor-element-fe50bed e-con-full e-flex e-con e-child\" data-id=\"fe50bed\" data-element_type=\"container\">\n\t\t\t\t<div class=\"elementor-element elementor-element-08ebd4e elementor-widget elementor-widget-text-editor\" data-id=\"08ebd4e\" data-element_type=\"widget\" data-widget_type=\"text-editor.default\">\n\t\t\t\t<div class=\"elementor-widget-container\">\n\t\t\t\t\t\t\t\t\t<div class=\"flex flex-grow flex-col max-w-full\">\n<div class=\"min-h-[20px] text-message flex flex-col items-start gap-3 whitespace-pre-wrap break-words [.text-message+&amp;]:mt-5 overflow-x-auto\" data-message-author-role=\"assistant\" data-message-id=\"40e6978b-ee06-416f-980f-42dd6e24ce3d\">\n<div class=\"result-streaming markdown prose w-full break-words dark:prose-invert dark\">\n<p>Si n\u00e9cessaire, nous pouvons \u00e9galement organiser et lancer les tests de laboratoire requis \u00e0 court terme. Les fabricants, les quasi-fabricants, les importateurs, les prestataires de services d&rsquo;ex\u00e9cution, les distributeurs, les mandataires de l&rsquo;UE sont tenus de n&rsquo;introduire que des produits s\u00fbrs sur le march\u00e9 int\u00e9rieur europ\u00e9en.<\/p>\n<\/div>\n<\/div>\n<\/div>\n\t\t\t\t\t\t\t\t<\/div>\n\t\t\t\t<\/div>\n\t\t\t\t<\/div>\n\t\t\t\t\t<\/div>\n\t\t\t\t<\/div>\n\t\t\t\t<\/div>\n\t\t","protected":false},"excerpt":{"rendered":"<p>\/\/ Conformit\u00e9 UE &amp; s\u00e9curit\u00e9 des produits CE-Check &#8211; V\u00e9rification des produits UE Vous avez besoin d&rsquo;aide &#8211; nous sommes votre partenaire \/\/ Planification et conception efficaces Contr\u00f4le CE Un contr\u00f4le CE est une premi\u00e8re v\u00e9rification visant \u00e0 d\u00e9terminer si un produit ou un \u00e9quipement r\u00e9pond aux exigences requises pour obtenir le marquage CE conform\u00e9ment [&hellip;]<\/p>\n","protected":false},"author":2,"featured_media":0,"parent":2617,"menu_order":0,"comment_status":"closed","ping_status":"closed","template":"","meta":{"footnotes":""},"class_list":["post-2705","page","type-page","status-publish","hentry"],"yoast_head":"<!-- This site is optimized with the Yoast SEO plugin v26.6 - https:\/\/yoast.com\/wordpress\/plugins\/seo\/ -->\n<title>CE-Check - V\u00e9rification des produits UE - Hahn Consulting<\/title>\n<meta name=\"description\" content=\"Contr\u00f4le CE : planification et conception efficaces - Essais de produits UE - Conformit\u00e9 UE &amp; s\u00e9curit\u00e9 des produits : marquage CE conform\u00e9ment \u00e0 la r\u00e9glementation europ\u00e9enne\" \/>\n<meta name=\"robots\" content=\"index, follow, max-snippet:-1, max-image-preview:large, max-video-preview:-1\" \/>\n<link rel=\"canonical\" href=\"https:\/\/hahn-consulting.de\/fr\/cooperation\/ce-check-controle-de-produit-ue\/\" \/>\n<meta property=\"og:locale\" content=\"fr_FR\" \/>\n<meta property=\"og:type\" content=\"article\" \/>\n<meta property=\"og:title\" content=\"CE-Check - V\u00e9rification des produits UE - Hahn Consulting\" \/>\n<meta property=\"og:description\" content=\"Contr\u00f4le CE : planification et conception efficaces - Essais de produits UE - Conformit\u00e9 UE &amp; s\u00e9curit\u00e9 des produits : marquage CE conform\u00e9ment \u00e0 la r\u00e9glementation europ\u00e9enne\" \/>\n<meta property=\"og:url\" content=\"https:\/\/hahn-consulting.de\/fr\/cooperation\/ce-check-controle-de-produit-ue\/\" \/>\n<meta property=\"og:site_name\" content=\"Hahn Consulting\" \/>\n<meta property=\"article:modified_time\" content=\"2024-09-26T15:33:44+00:00\" \/>\n<meta name=\"twitter:card\" content=\"summary_large_image\" \/>\n<meta name=\"twitter:label1\" content=\"Dur\u00e9e de lecture estim\u00e9e\" \/>\n\t<meta name=\"twitter:data1\" content=\"1 minute\" \/>\n<script type=\"application\/ld+json\" class=\"yoast-schema-graph\">{\"@context\":\"https:\/\/schema.org\",\"@graph\":[{\"@type\":\"WebPage\",\"@id\":\"https:\/\/hahn-consulting.de\/fr\/cooperation\/ce-check-controle-de-produit-ue\/\",\"url\":\"https:\/\/hahn-consulting.de\/fr\/cooperation\/ce-check-controle-de-produit-ue\/\",\"name\":\"CE-Check - V\u00e9rification des produits UE - Hahn Consulting\",\"isPartOf\":{\"@id\":\"\/#website\"},\"datePublished\":\"2024-02-14T14:33:39+00:00\",\"dateModified\":\"2024-09-26T15:33:44+00:00\",\"description\":\"Contr\u00f4le CE : planification et conception efficaces - Essais de produits UE - Conformit\u00e9 UE & s\u00e9curit\u00e9 des produits : marquage CE conform\u00e9ment \u00e0 la r\u00e9glementation europ\u00e9enne\",\"breadcrumb\":{\"@id\":\"https:\/\/hahn-consulting.de\/fr\/cooperation\/ce-check-controle-de-produit-ue\/#breadcrumb\"},\"inLanguage\":\"fr-FR\",\"potentialAction\":[{\"@type\":\"ReadAction\",\"target\":[\"https:\/\/hahn-consulting.de\/fr\/cooperation\/ce-check-controle-de-produit-ue\/\"]}]},{\"@type\":\"BreadcrumbList\",\"@id\":\"https:\/\/hahn-consulting.de\/fr\/cooperation\/ce-check-controle-de-produit-ue\/#breadcrumb\",\"itemListElement\":[{\"@type\":\"ListItem\",\"position\":1,\"name\":\"Startseite\",\"item\":\"https:\/\/hahn-consulting.de\/fr\/page-daccueil\/\"},{\"@type\":\"ListItem\",\"position\":2,\"name\":\"Coop\u00e9ration\",\"item\":\"https:\/\/hahn-consulting.de\/fr\/zusammenarbeit\/\"},{\"@type\":\"ListItem\",\"position\":3,\"name\":\"CE Check \/ Contr\u00f4le de produit UE\"}]},{\"@type\":\"WebSite\",\"@id\":\"\/#website\",\"url\":\"\/\",\"name\":\"Hahn Consulting\",\"description\":\"\",\"publisher\":{\"@id\":\"\/#organization\"},\"potentialAction\":[{\"@type\":\"SearchAction\",\"target\":{\"@type\":\"EntryPoint\",\"urlTemplate\":\"\/?s={search_term_string}\"},\"query-input\":{\"@type\":\"PropertyValueSpecification\",\"valueRequired\":true,\"valueName\":\"search_term_string\"}}],\"inLanguage\":\"fr-FR\"},{\"@type\":\"Organization\",\"@id\":\"\/#organization\",\"name\":\"Hahn Consulting\",\"url\":\"\/\",\"logo\":{\"@type\":\"ImageObject\",\"inLanguage\":\"fr-FR\",\"@id\":\"\/#\/schema\/logo\/image\/\",\"url\":\"https:\/\/hahn-consulting.de\/wp-content\/uploads\/Logo_Hahn-Consulting_500px.png\",\"contentUrl\":\"https:\/\/hahn-consulting.de\/wp-content\/uploads\/Logo_Hahn-Consulting_500px.png\",\"width\":500,\"height\":147,\"caption\":\"Hahn Consulting\"},\"image\":{\"@id\":\"\/#\/schema\/logo\/image\/\"}}]}<\/script>\n<!-- \/ Yoast SEO plugin. -->","yoast_head_json":{"title":"CE-Check - V\u00e9rification des produits UE - Hahn Consulting","description":"Contr\u00f4le CE : planification et conception efficaces - Essais de produits UE - Conformit\u00e9 UE & s\u00e9curit\u00e9 des produits : marquage CE conform\u00e9ment \u00e0 la r\u00e9glementation europ\u00e9enne","robots":{"index":"index","follow":"follow","max-snippet":"max-snippet:-1","max-image-preview":"max-image-preview:large","max-video-preview":"max-video-preview:-1"},"canonical":"https:\/\/hahn-consulting.de\/fr\/cooperation\/ce-check-controle-de-produit-ue\/","og_locale":"fr_FR","og_type":"article","og_title":"CE-Check - V\u00e9rification des produits UE - Hahn Consulting","og_description":"Contr\u00f4le CE : planification et conception efficaces - Essais de produits UE - Conformit\u00e9 UE & s\u00e9curit\u00e9 des produits : marquage CE conform\u00e9ment \u00e0 la r\u00e9glementation europ\u00e9enne","og_url":"https:\/\/hahn-consulting.de\/fr\/cooperation\/ce-check-controle-de-produit-ue\/","og_site_name":"Hahn Consulting","article_modified_time":"2024-09-26T15:33:44+00:00","twitter_card":"summary_large_image","twitter_misc":{"Dur\u00e9e de lecture estim\u00e9e":"1 minute"},"schema":{"@context":"https:\/\/schema.org","@graph":[{"@type":"WebPage","@id":"https:\/\/hahn-consulting.de\/fr\/cooperation\/ce-check-controle-de-produit-ue\/","url":"https:\/\/hahn-consulting.de\/fr\/cooperation\/ce-check-controle-de-produit-ue\/","name":"CE-Check - V\u00e9rification des produits UE - Hahn Consulting","isPartOf":{"@id":"\/#website"},"datePublished":"2024-02-14T14:33:39+00:00","dateModified":"2024-09-26T15:33:44+00:00","description":"Contr\u00f4le CE : planification et conception efficaces - Essais de produits UE - Conformit\u00e9 UE & s\u00e9curit\u00e9 des produits : marquage CE conform\u00e9ment \u00e0 la r\u00e9glementation europ\u00e9enne","breadcrumb":{"@id":"https:\/\/hahn-consulting.de\/fr\/cooperation\/ce-check-controle-de-produit-ue\/#breadcrumb"},"inLanguage":"fr-FR","potentialAction":[{"@type":"ReadAction","target":["https:\/\/hahn-consulting.de\/fr\/cooperation\/ce-check-controle-de-produit-ue\/"]}]},{"@type":"BreadcrumbList","@id":"https:\/\/hahn-consulting.de\/fr\/cooperation\/ce-check-controle-de-produit-ue\/#breadcrumb","itemListElement":[{"@type":"ListItem","position":1,"name":"Startseite","item":"https:\/\/hahn-consulting.de\/fr\/page-daccueil\/"},{"@type":"ListItem","position":2,"name":"Coop\u00e9ration","item":"https:\/\/hahn-consulting.de\/fr\/zusammenarbeit\/"},{"@type":"ListItem","position":3,"name":"CE Check \/ Contr\u00f4le de produit UE"}]},{"@type":"WebSite","@id":"\/#website","url":"\/","name":"Hahn Consulting","description":"","publisher":{"@id":"\/#organization"},"potentialAction":[{"@type":"SearchAction","target":{"@type":"EntryPoint","urlTemplate":"\/?s={search_term_string}"},"query-input":{"@type":"PropertyValueSpecification","valueRequired":true,"valueName":"search_term_string"}}],"inLanguage":"fr-FR"},{"@type":"Organization","@id":"\/#organization","name":"Hahn Consulting","url":"\/","logo":{"@type":"ImageObject","inLanguage":"fr-FR","@id":"\/#\/schema\/logo\/image\/","url":"https:\/\/hahn-consulting.de\/wp-content\/uploads\/Logo_Hahn-Consulting_500px.png","contentUrl":"https:\/\/hahn-consulting.de\/wp-content\/uploads\/Logo_Hahn-Consulting_500px.png","width":500,"height":147,"caption":"Hahn Consulting"},"image":{"@id":"\/#\/schema\/logo\/image\/"}}]}},"_links":{"self":[{"href":"https:\/\/hahn-consulting.de\/fr\/wp-json\/wp\/v2\/pages\/2705","targetHints":{"allow":["GET"]}}],"collection":[{"href":"https:\/\/hahn-consulting.de\/fr\/wp-json\/wp\/v2\/pages"}],"about":[{"href":"https:\/\/hahn-consulting.de\/fr\/wp-json\/wp\/v2\/types\/page"}],"author":[{"embeddable":true,"href":"https:\/\/hahn-consulting.de\/fr\/wp-json\/wp\/v2\/users\/2"}],"replies":[{"embeddable":true,"href":"https:\/\/hahn-consulting.de\/fr\/wp-json\/wp\/v2\/comments?post=2705"}],"version-history":[{"count":4,"href":"https:\/\/hahn-consulting.de\/fr\/wp-json\/wp\/v2\/pages\/2705\/revisions"}],"predecessor-version":[{"id":3428,"href":"https:\/\/hahn-consulting.de\/fr\/wp-json\/wp\/v2\/pages\/2705\/revisions\/3428"}],"up":[{"embeddable":true,"href":"https:\/\/hahn-consulting.de\/fr\/wp-json\/wp\/v2\/pages\/2617"}],"wp:attachment":[{"href":"https:\/\/hahn-consulting.de\/fr\/wp-json\/wp\/v2\/media?parent=2705"}],"curies":[{"name":"wp","href":"https:\/\/api.w.org\/{rel}","templated":true}]}}