{"id":2675,"date":"2024-02-14T15:40:19","date_gmt":"2024-02-14T14:40:19","guid":{"rendered":"https:\/\/hahn-consulting.de\/cooperation\/conseil-en-organisation-coaching\/"},"modified":"2024-09-26T17:37:18","modified_gmt":"2024-09-26T15:37:18","slug":"conseil-en-organisation-coaching","status":"publish","type":"page","link":"https:\/\/hahn-consulting.de\/fr\/cooperation\/conseil-en-organisation-coaching\/","title":{"rendered":"Conseil en organisation + coaching"},"content":{"rendered":"\t\t<div data-elementor-type=\"wp-page\" data-elementor-id=\"2675\" class=\"elementor elementor-2675 elementor-956\" data-elementor-post-type=\"page\">\n\t\t\t\t<div data-particle_enable=\"false\" data-particle-mobile-disabled=\"false\" class=\"elementor-element elementor-element-dd91373 e-con-full e-flex e-con e-parent\" data-id=\"dd91373\" data-element_type=\"container\" data-settings=\"{&quot;background_background&quot;:&quot;classic&quot;}\">\n\t\t<div data-particle_enable=\"false\" data-particle-mobile-disabled=\"false\" class=\"elementor-element elementor-element-ed27449 e-con-full e-flex e-con e-child\" data-id=\"ed27449\" data-element_type=\"container\">\n\t\t\t\t<div class=\"elementor-element elementor-element-da4d45d elementor-widget elementor-widget-heading\" data-id=\"da4d45d\" data-element_type=\"widget\" data-widget_type=\"heading.default\">\n\t\t\t\t<div class=\"elementor-widget-container\">\n\t\t\t\t\t<h2 class=\"elementor-heading-title elementor-size-default\">\/\/ Conformit\u00e9 UE &amp; s\u00e9curit\u00e9 des produits<\/h2>\t\t\t\t<\/div>\n\t\t\t\t<\/div>\n\t\t\t\t<div class=\"elementor-element elementor-element-6d0e0cb elementor-widget__width-initial elementor-widget elementor-widget-heading\" data-id=\"6d0e0cb\" data-element_type=\"widget\" data-widget_type=\"heading.default\">\n\t\t\t\t<div class=\"elementor-widget-container\">\n\t\t\t\t\t<h1 class=\"elementor-heading-title elementor-size-default\">Conseil en organisation &amp;<br>Coaching<\/h1>\t\t\t\t<\/div>\n\t\t\t\t<\/div>\n\t\t\t\t<div class=\"elementor-element elementor-element-5baf9dd elementor-widget elementor-widget-text-editor\" data-id=\"5baf9dd\" data-element_type=\"widget\" data-widget_type=\"text-editor.default\">\n\t\t\t\t<div class=\"elementor-widget-container\">\n\t\t\t\t\t\t\t\t\t<p>Vous avez besoin d&rsquo;aide &#8211; nous sommes votre partenaire<\/p>\n\t\t\t\t\t\t\t\t<\/div>\n\t\t\t\t<\/div>\n\t\t\t\t<\/div>\n\t\t\t\t<\/div>\n\t\t<div data-particle_enable=\"false\" data-particle-mobile-disabled=\"false\" class=\"elementor-element elementor-element-92da1d6 e-flex e-con-boxed e-con e-parent\" data-id=\"92da1d6\" data-element_type=\"container\">\n\t\t\t\t\t<div class=\"e-con-inner\">\n\t\t<div data-particle_enable=\"false\" data-particle-mobile-disabled=\"false\" class=\"elementor-element elementor-element-a353c47 e-con-full e-flex e-con e-child\" data-id=\"a353c47\" data-element_type=\"container\">\n\t\t\t\t<div class=\"elementor-element elementor-element-549ca05 elementor-widget elementor-widget-heading\" data-id=\"549ca05\" data-element_type=\"widget\" data-widget_type=\"heading.default\">\n\t\t\t\t<div class=\"elementor-widget-container\">\n\t\t\t\t\t<p class=\"elementor-heading-title elementor-size-default\">\/\/ Planification et conception efficaces<\/p>\t\t\t\t<\/div>\n\t\t\t\t<\/div>\n\t\t\t\t<\/div>\n\t\t<div data-particle_enable=\"false\" data-particle-mobile-disabled=\"false\" class=\"elementor-element elementor-element-369dda3 e-con-full e-flex e-con e-child\" data-id=\"369dda3\" data-element_type=\"container\">\n\t\t\t\t<div class=\"elementor-element elementor-element-2787245 elementor-widget elementor-widget-heading\" data-id=\"2787245\" data-element_type=\"widget\" data-widget_type=\"heading.default\">\n\t\t\t\t<div class=\"elementor-widget-container\">\n\t\t\t\t\t<h2 class=\"elementor-heading-title elementor-size-default\">Conseil en organisation  <\/h2>\t\t\t\t<\/div>\n\t\t\t\t<\/div>\n\t\t\t\t<div class=\"elementor-element elementor-element-486922d elementor-widget elementor-widget-text-editor\" data-id=\"486922d\" data-element_type=\"widget\" data-widget_type=\"text-editor.default\">\n\t\t\t\t<div class=\"elementor-widget-container\">\n\t\t\t\t\t\t\t\t\t<div class=\"flex flex-grow flex-col max-w-full\">\n<div class=\"min-h-[20px] text-message flex flex-col items-start gap-3 whitespace-pre-wrap break-words [.text-message+&amp;]:mt-5 overflow-x-auto\" data-message-author-role=\"assistant\" data-message-id=\"40e6978b-ee06-416f-980f-42dd6e24ce3d\">\n<div class=\"result-streaming markdown prose w-full break-words dark:prose-invert dark\">\n<p>Le conseil en organisation et le coaching en mati\u00e8re de marquage CE visent \u00e0 aider les entreprises \u00e0 comprendre et \u00e0 mettre en \u0153uvre les exigences et les processus en mati\u00e8re de conformit\u00e9 des produits conform\u00e9ment aux directives europ\u00e9ennes.<\/p>\n<\/div>\n<\/div>\n<\/div>\n\t\t\t\t\t\t\t\t<\/div>\n\t\t\t\t<\/div>\n\t\t\t\t<\/div>\n\t\t<div data-particle_enable=\"false\" data-particle-mobile-disabled=\"false\" class=\"elementor-element elementor-element-0b3f5e1 e-con-full e-flex e-con e-child\" data-id=\"0b3f5e1\" data-element_type=\"container\" data-settings=\"{&quot;background_background&quot;:&quot;classic&quot;}\">\n\t\t\t\t<div class=\"elementor-element elementor-element-d1089f5 elementor-widget elementor-widget-heading\" data-id=\"d1089f5\" data-element_type=\"widget\" data-widget_type=\"heading.default\">\n\t\t\t\t<div class=\"elementor-widget-container\">\n\t\t\t\t\t<h2 class=\"elementor-heading-title elementor-size-default\">L'\u00e9quipe de conseil<\/h2>\t\t\t\t<\/div>\n\t\t\t\t<\/div>\n\t\t\t\t<div class=\"elementor-element elementor-element-0410e3c elementor-widget elementor-widget-text-editor\" data-id=\"0410e3c\" data-element_type=\"widget\" data-widget_type=\"text-editor.default\">\n\t\t\t\t<div class=\"elementor-widget-container\">\n\t\t\t\t\t\t\t\t\t<p>L&rsquo;\u00e9quipe de conseil aide \u00e0 adapter les processus internes, \u00e0 cr\u00e9er la documentation n\u00e9cessaire, \u00e0 respecter les normes de s\u00e9curit\u00e9 et \u00e0 concevoir le d\u00e9veloppement de produits de mani\u00e8re \u00e0 ce qu&rsquo;il soit conforme \u00e0 la r\u00e9glementation CE.<\/p>\n\t\t\t\t\t\t\t\t<\/div>\n\t\t\t\t<\/div>\n\t\t\t\t<\/div>\n\t\t\t\t\t<\/div>\n\t\t\t\t<\/div>\n\t\t<div data-particle_enable=\"false\" data-particle-mobile-disabled=\"false\" class=\"elementor-element elementor-element-4d66be2 e-flex e-con-boxed e-con e-parent\" data-id=\"4d66be2\" data-element_type=\"container\">\n\t\t\t\t\t<div class=\"e-con-inner\">\n\t\t<div data-particle_enable=\"false\" data-particle-mobile-disabled=\"false\" class=\"elementor-element elementor-element-646c341 e-con-full e-flex e-con e-child\" data-id=\"646c341\" data-element_type=\"container\">\n\t\t\t\t<div class=\"elementor-element elementor-element-e014aaa elementor-widget elementor-widget-heading\" data-id=\"e014aaa\" data-element_type=\"widget\" data-widget_type=\"heading.default\">\n\t\t\t\t<div class=\"elementor-widget-container\">\n\t\t\t\t\t<h2 class=\"elementor-heading-title elementor-size-default\">Coaching<\/h2>\t\t\t\t<\/div>\n\t\t\t\t<\/div>\n\t\t\t\t<div class=\"elementor-element elementor-element-9ce74a2 elementor-widget elementor-widget-text-editor\" data-id=\"9ce74a2\" data-element_type=\"widget\" data-widget_type=\"text-editor.default\">\n\t\t\t\t<div class=\"elementor-widget-container\">\n\t\t\t\t\t\t\t\t\t<p>Le coaching peut \u00e9galement inclure une formation et des instructions pour l&rsquo;\u00e9quipe interne afin d&rsquo;am\u00e9liorer la compr\u00e9hension des exigences CE et d&rsquo;assurer la conformit\u00e9.<\/p>\n\t\t\t\t\t\t\t\t<\/div>\n\t\t\t\t<\/div>\n\t\t\t\t<\/div>\n\t\t\t\t\t<\/div>\n\t\t\t\t<\/div>\n\t\t\t\t<\/div>\n\t\t","protected":false},"excerpt":{"rendered":"<p>\/\/ Conformit\u00e9 UE &amp; s\u00e9curit\u00e9 des produits Conseil en organisation &amp;Coaching Vous avez besoin d&rsquo;aide &#8211; nous sommes votre partenaire \/\/ Planification et conception efficaces Conseil en organisation Le conseil en organisation et le coaching en mati\u00e8re de marquage CE visent \u00e0 aider les entreprises \u00e0 comprendre et \u00e0 mettre en \u0153uvre les exigences et [&hellip;]<\/p>\n","protected":false},"author":2,"featured_media":0,"parent":2617,"menu_order":0,"comment_status":"closed","ping_status":"closed","template":"","meta":{"footnotes":""},"class_list":["post-2675","page","type-page","status-publish","hentry"],"yoast_head":"<!-- This site is optimized with the Yoast SEO plugin v26.6 - https:\/\/yoast.com\/wordpress\/plugins\/seo\/ -->\n<title>Conseil en organisation &amp; coaching - Conformit\u00e9 UE - Hahn Consulting<\/title>\n<meta name=\"description\" content=\"Coaching Conformit\u00e9 UE Marquage CE : nous conseillons sur tous les processus relatifs \u00e0 la conformit\u00e9 des produits aux directives europ\u00e9ennes\" \/>\n<meta name=\"robots\" content=\"index, follow, max-snippet:-1, max-image-preview:large, max-video-preview:-1\" \/>\n<link rel=\"canonical\" href=\"https:\/\/hahn-consulting.de\/fr\/cooperation\/conseil-en-organisation-coaching\/\" \/>\n<meta property=\"og:locale\" content=\"fr_FR\" \/>\n<meta property=\"og:type\" content=\"article\" \/>\n<meta property=\"og:title\" content=\"Conseil en organisation &amp; coaching - Conformit\u00e9 UE - Hahn Consulting\" \/>\n<meta property=\"og:description\" content=\"Coaching Conformit\u00e9 UE Marquage CE : nous conseillons sur tous les processus relatifs \u00e0 la conformit\u00e9 des produits aux directives europ\u00e9ennes\" \/>\n<meta property=\"og:url\" content=\"https:\/\/hahn-consulting.de\/fr\/cooperation\/conseil-en-organisation-coaching\/\" \/>\n<meta property=\"og:site_name\" content=\"Hahn Consulting\" \/>\n<meta property=\"article:modified_time\" content=\"2024-09-26T15:37:18+00:00\" \/>\n<meta name=\"twitter:card\" content=\"summary_large_image\" \/>\n<meta name=\"twitter:label1\" content=\"Dur\u00e9e de lecture estim\u00e9e\" \/>\n\t<meta name=\"twitter:data1\" content=\"1 minute\" \/>\n<script type=\"application\/ld+json\" class=\"yoast-schema-graph\">{\"@context\":\"https:\/\/schema.org\",\"@graph\":[{\"@type\":\"WebPage\",\"@id\":\"https:\/\/hahn-consulting.de\/fr\/cooperation\/conseil-en-organisation-coaching\/\",\"url\":\"https:\/\/hahn-consulting.de\/fr\/cooperation\/conseil-en-organisation-coaching\/\",\"name\":\"Conseil en organisation & coaching - Conformit\u00e9 UE - Hahn Consulting\",\"isPartOf\":{\"@id\":\"\/#website\"},\"datePublished\":\"2024-02-14T14:40:19+00:00\",\"dateModified\":\"2024-09-26T15:37:18+00:00\",\"description\":\"Coaching Conformit\u00e9 UE Marquage CE : nous conseillons sur tous les processus relatifs \u00e0 la conformit\u00e9 des produits aux directives europ\u00e9ennes\",\"breadcrumb\":{\"@id\":\"https:\/\/hahn-consulting.de\/fr\/cooperation\/conseil-en-organisation-coaching\/#breadcrumb\"},\"inLanguage\":\"fr-FR\",\"potentialAction\":[{\"@type\":\"ReadAction\",\"target\":[\"https:\/\/hahn-consulting.de\/fr\/cooperation\/conseil-en-organisation-coaching\/\"]}]},{\"@type\":\"BreadcrumbList\",\"@id\":\"https:\/\/hahn-consulting.de\/fr\/cooperation\/conseil-en-organisation-coaching\/#breadcrumb\",\"itemListElement\":[{\"@type\":\"ListItem\",\"position\":1,\"name\":\"Startseite\",\"item\":\"https:\/\/hahn-consulting.de\/fr\/page-daccueil\/\"},{\"@type\":\"ListItem\",\"position\":2,\"name\":\"Coop\u00e9ration\",\"item\":\"https:\/\/hahn-consulting.de\/fr\/zusammenarbeit\/\"},{\"@type\":\"ListItem\",\"position\":3,\"name\":\"Conseil en organisation + coaching\"}]},{\"@type\":\"WebSite\",\"@id\":\"\/#website\",\"url\":\"\/\",\"name\":\"Hahn Consulting\",\"description\":\"\",\"publisher\":{\"@id\":\"\/#organization\"},\"potentialAction\":[{\"@type\":\"SearchAction\",\"target\":{\"@type\":\"EntryPoint\",\"urlTemplate\":\"\/?s={search_term_string}\"},\"query-input\":{\"@type\":\"PropertyValueSpecification\",\"valueRequired\":true,\"valueName\":\"search_term_string\"}}],\"inLanguage\":\"fr-FR\"},{\"@type\":\"Organization\",\"@id\":\"\/#organization\",\"name\":\"Hahn Consulting\",\"url\":\"\/\",\"logo\":{\"@type\":\"ImageObject\",\"inLanguage\":\"fr-FR\",\"@id\":\"\/#\/schema\/logo\/image\/\",\"url\":\"https:\/\/hahn-consulting.de\/wp-content\/uploads\/Logo_Hahn-Consulting_500px.png\",\"contentUrl\":\"https:\/\/hahn-consulting.de\/wp-content\/uploads\/Logo_Hahn-Consulting_500px.png\",\"width\":500,\"height\":147,\"caption\":\"Hahn Consulting\"},\"image\":{\"@id\":\"\/#\/schema\/logo\/image\/\"}}]}<\/script>\n<!-- \/ Yoast SEO plugin. -->","yoast_head_json":{"title":"Conseil en organisation & coaching - Conformit\u00e9 UE - Hahn Consulting","description":"Coaching Conformit\u00e9 UE Marquage CE : nous conseillons sur tous les processus relatifs \u00e0 la conformit\u00e9 des produits aux directives europ\u00e9ennes","robots":{"index":"index","follow":"follow","max-snippet":"max-snippet:-1","max-image-preview":"max-image-preview:large","max-video-preview":"max-video-preview:-1"},"canonical":"https:\/\/hahn-consulting.de\/fr\/cooperation\/conseil-en-organisation-coaching\/","og_locale":"fr_FR","og_type":"article","og_title":"Conseil en organisation & coaching - Conformit\u00e9 UE - Hahn Consulting","og_description":"Coaching Conformit\u00e9 UE Marquage CE : nous conseillons sur tous les processus relatifs \u00e0 la conformit\u00e9 des produits aux directives europ\u00e9ennes","og_url":"https:\/\/hahn-consulting.de\/fr\/cooperation\/conseil-en-organisation-coaching\/","og_site_name":"Hahn Consulting","article_modified_time":"2024-09-26T15:37:18+00:00","twitter_card":"summary_large_image","twitter_misc":{"Dur\u00e9e de lecture estim\u00e9e":"1 minute"},"schema":{"@context":"https:\/\/schema.org","@graph":[{"@type":"WebPage","@id":"https:\/\/hahn-consulting.de\/fr\/cooperation\/conseil-en-organisation-coaching\/","url":"https:\/\/hahn-consulting.de\/fr\/cooperation\/conseil-en-organisation-coaching\/","name":"Conseil en organisation & coaching - Conformit\u00e9 UE - Hahn Consulting","isPartOf":{"@id":"\/#website"},"datePublished":"2024-02-14T14:40:19+00:00","dateModified":"2024-09-26T15:37:18+00:00","description":"Coaching Conformit\u00e9 UE Marquage CE : nous conseillons sur tous les processus relatifs \u00e0 la conformit\u00e9 des produits aux directives europ\u00e9ennes","breadcrumb":{"@id":"https:\/\/hahn-consulting.de\/fr\/cooperation\/conseil-en-organisation-coaching\/#breadcrumb"},"inLanguage":"fr-FR","potentialAction":[{"@type":"ReadAction","target":["https:\/\/hahn-consulting.de\/fr\/cooperation\/conseil-en-organisation-coaching\/"]}]},{"@type":"BreadcrumbList","@id":"https:\/\/hahn-consulting.de\/fr\/cooperation\/conseil-en-organisation-coaching\/#breadcrumb","itemListElement":[{"@type":"ListItem","position":1,"name":"Startseite","item":"https:\/\/hahn-consulting.de\/fr\/page-daccueil\/"},{"@type":"ListItem","position":2,"name":"Coop\u00e9ration","item":"https:\/\/hahn-consulting.de\/fr\/zusammenarbeit\/"},{"@type":"ListItem","position":3,"name":"Conseil en organisation + coaching"}]},{"@type":"WebSite","@id":"\/#website","url":"\/","name":"Hahn Consulting","description":"","publisher":{"@id":"\/#organization"},"potentialAction":[{"@type":"SearchAction","target":{"@type":"EntryPoint","urlTemplate":"\/?s={search_term_string}"},"query-input":{"@type":"PropertyValueSpecification","valueRequired":true,"valueName":"search_term_string"}}],"inLanguage":"fr-FR"},{"@type":"Organization","@id":"\/#organization","name":"Hahn Consulting","url":"\/","logo":{"@type":"ImageObject","inLanguage":"fr-FR","@id":"\/#\/schema\/logo\/image\/","url":"https:\/\/hahn-consulting.de\/wp-content\/uploads\/Logo_Hahn-Consulting_500px.png","contentUrl":"https:\/\/hahn-consulting.de\/wp-content\/uploads\/Logo_Hahn-Consulting_500px.png","width":500,"height":147,"caption":"Hahn Consulting"},"image":{"@id":"\/#\/schema\/logo\/image\/"}}]}},"_links":{"self":[{"href":"https:\/\/hahn-consulting.de\/fr\/wp-json\/wp\/v2\/pages\/2675","targetHints":{"allow":["GET"]}}],"collection":[{"href":"https:\/\/hahn-consulting.de\/fr\/wp-json\/wp\/v2\/pages"}],"about":[{"href":"https:\/\/hahn-consulting.de\/fr\/wp-json\/wp\/v2\/types\/page"}],"author":[{"embeddable":true,"href":"https:\/\/hahn-consulting.de\/fr\/wp-json\/wp\/v2\/users\/2"}],"replies":[{"embeddable":true,"href":"https:\/\/hahn-consulting.de\/fr\/wp-json\/wp\/v2\/comments?post=2675"}],"version-history":[{"count":3,"href":"https:\/\/hahn-consulting.de\/fr\/wp-json\/wp\/v2\/pages\/2675\/revisions"}],"predecessor-version":[{"id":3456,"href":"https:\/\/hahn-consulting.de\/fr\/wp-json\/wp\/v2\/pages\/2675\/revisions\/3456"}],"up":[{"embeddable":true,"href":"https:\/\/hahn-consulting.de\/fr\/wp-json\/wp\/v2\/pages\/2617"}],"wp:attachment":[{"href":"https:\/\/hahn-consulting.de\/fr\/wp-json\/wp\/v2\/media?parent=2675"}],"curies":[{"name":"wp","href":"https:\/\/api.w.org\/{rel}","templated":true}]}}