{"id":2544,"date":"2024-02-14T15:23:23","date_gmt":"2024-02-14T14:23:23","guid":{"rendered":"https:\/\/hahn-consulting.de\/documentation-technique\/"},"modified":"2024-09-26T17:39:51","modified_gmt":"2024-09-26T15:39:51","slug":"documentation-technique","status":"publish","type":"page","link":"https:\/\/hahn-consulting.de\/fr\/cooperation\/documentation-technique\/","title":{"rendered":"Documentation technique"},"content":{"rendered":"\t\t<div data-elementor-type=\"wp-page\" data-elementor-id=\"2544\" class=\"elementor elementor-2544 elementor-703\" data-elementor-post-type=\"page\">\n\t\t\t\t<div data-particle_enable=\"false\" data-particle-mobile-disabled=\"false\" class=\"elementor-element elementor-element-dd91373 e-con-full e-flex e-con e-parent\" data-id=\"dd91373\" data-element_type=\"container\" data-settings=\"{&quot;background_background&quot;:&quot;classic&quot;}\">\n\t\t<div data-particle_enable=\"false\" data-particle-mobile-disabled=\"false\" class=\"elementor-element elementor-element-ed27449 e-con-full e-flex e-con e-child\" data-id=\"ed27449\" data-element_type=\"container\">\n\t\t\t\t<div class=\"elementor-element elementor-element-da4d45d elementor-widget elementor-widget-heading\" data-id=\"da4d45d\" data-element_type=\"widget\" data-widget_type=\"heading.default\">\n\t\t\t\t<div class=\"elementor-widget-container\">\n\t\t\t\t\t<h2 class=\"elementor-heading-title elementor-size-default\">\/\/ Conformit\u00e9 UE &amp; s\u00e9curit\u00e9 des produits<\/h2>\t\t\t\t<\/div>\n\t\t\t\t<\/div>\n\t\t\t\t<div class=\"elementor-element elementor-element-6d0e0cb elementor-widget__width-initial elementor-widget elementor-widget-heading\" data-id=\"6d0e0cb\" data-element_type=\"widget\" data-widget_type=\"heading.default\">\n\t\t\t\t<div class=\"elementor-widget-container\">\n\t\t\t\t\t<h1 class=\"elementor-heading-title elementor-size-default\">Documentation technique<\/h1>\t\t\t\t<\/div>\n\t\t\t\t<\/div>\n\t\t\t\t<div class=\"elementor-element elementor-element-5baf9dd elementor-widget elementor-widget-text-editor\" data-id=\"5baf9dd\" data-element_type=\"widget\" data-widget_type=\"text-editor.default\">\n\t\t\t\t<div class=\"elementor-widget-container\">\n\t\t\t\t\t\t\t\t\t<p>Vous avez besoin d&rsquo;aide &#8211; nous sommes votre partenaire<\/p>\n\t\t\t\t\t\t\t\t<\/div>\n\t\t\t\t<\/div>\n\t\t\t\t<\/div>\n\t\t\t\t<\/div>\n\t\t<div data-particle_enable=\"false\" data-particle-mobile-disabled=\"false\" class=\"elementor-element elementor-element-92da1d6 e-flex e-con-boxed e-con e-parent\" data-id=\"92da1d6\" data-element_type=\"container\">\n\t\t\t\t\t<div class=\"e-con-inner\">\n\t\t<div data-particle_enable=\"false\" data-particle-mobile-disabled=\"false\" class=\"elementor-element elementor-element-a353c47 e-con-full e-flex e-con e-child\" data-id=\"a353c47\" data-element_type=\"container\">\n\t\t\t\t<div class=\"elementor-element elementor-element-549ca05 elementor-widget elementor-widget-heading\" data-id=\"549ca05\" data-element_type=\"widget\" data-widget_type=\"heading.default\">\n\t\t\t\t<div class=\"elementor-widget-container\">\n\t\t\t\t\t<p class=\"elementor-heading-title elementor-size-default\">\/\/ Planification et conception efficaces<\/p>\t\t\t\t<\/div>\n\t\t\t\t<\/div>\n\t\t\t\t<\/div>\n\t\t<div data-particle_enable=\"false\" data-particle-mobile-disabled=\"false\" class=\"elementor-element elementor-element-369dda3 e-con-full e-flex e-con e-child\" data-id=\"369dda3\" data-element_type=\"container\">\n\t\t\t\t<div class=\"elementor-element elementor-element-2787245 elementor-widget elementor-widget-heading\" data-id=\"2787245\" data-element_type=\"widget\" data-widget_type=\"heading.default\">\n\t\t\t\t<div class=\"elementor-widget-container\">\n\t\t\t\t\t<h2 class=\"elementor-heading-title elementor-size-default\">Documentation technique<\/h2>\t\t\t\t<\/div>\n\t\t\t\t<\/div>\n\t\t\t\t<\/div>\n\t\t\t\t\t<\/div>\n\t\t\t\t<\/div>\n\t\t<div data-particle_enable=\"false\" data-particle-mobile-disabled=\"false\" class=\"elementor-element elementor-element-19a7823 e-flex e-con-boxed e-con e-parent\" data-id=\"19a7823\" data-element_type=\"container\">\n\t\t\t\t\t<div class=\"e-con-inner\">\n\t\t<div data-particle_enable=\"false\" data-particle-mobile-disabled=\"false\" class=\"elementor-element elementor-element-f9631d2 e-con-full e-flex e-con e-child\" data-id=\"f9631d2\" data-element_type=\"container\">\n\t\t\t\t<div class=\"elementor-element elementor-element-2ae8da2 elementor-widget elementor-widget-text-editor\" data-id=\"2ae8da2\" data-element_type=\"widget\" data-widget_type=\"text-editor.default\">\n\t\t\t\t<div class=\"elementor-widget-container\">\n\t\t\t\t\t\t\t\t\t<div class=\"flex flex-grow flex-col max-w-full\">\n<div class=\"min-h-[20px] text-message flex flex-col items-start gap-3 whitespace-pre-wrap break-words [.text-message+&amp;]:mt-5 overflow-x-auto\" data-message-author-role=\"assistant\" data-message-id=\"40e6978b-ee06-416f-980f-42dd6e24ce3d\">\n<div class=\"result-streaming markdown prose w-full break-words dark:prose-invert dark\">\n<p>La documentation technique fait r\u00e9f\u00e9rence \u00e0 un ensemble coh\u00e9rent d&rsquo;informations et de documents qui d\u00e9crivent en d\u00e9tail la conception, le d\u00e9veloppement, le fonctionnement, la maintenance et d&rsquo;autres aspects d&rsquo;un produit.<\/p>\n<p>Elle comprend les dessins techniques, les sp\u00e9cifications, les instructions, les rapports d&rsquo;essais et de certification et toute autre documentation pertinente n\u00e9cessaire pour faciliter la compr\u00e9hension, l&rsquo;utilisation et l&rsquo;entretien d&rsquo;un produit.<\/p>\n<\/div>\n<\/div>\n<\/div>\n\t\t\t\t\t\t\t\t<\/div>\n\t\t\t\t<\/div>\n\t\t\t\t<div class=\"elementor-element elementor-element-43e2770 elementor-widget elementor-widget-text-editor\" data-id=\"43e2770\" data-element_type=\"widget\" data-widget_type=\"text-editor.default\">\n\t\t\t\t<div class=\"elementor-widget-container\">\n\t\t\t\t\t\t\t\t\t<div class=\"flex flex-grow flex-col max-w-full\">\n<div class=\"min-h-[20px] text-message flex flex-col items-start gap-3 whitespace-pre-wrap break-words [.text-message+&amp;]:mt-5 overflow-x-auto\" data-message-author-role=\"assistant\" data-message-id=\"40e6978b-ee06-416f-980f-42dd6e24ce3d\">\n<div class=\"result-streaming markdown prose w-full break-words dark:prose-invert dark\">\n<p>Cette documentation est essentielle pour d\u00e9montrer la conformit\u00e9 aux r\u00e9glementations, produire et exploiter le produit et fournir des informations compl\u00e8tes aux utilisateurs, aux ing\u00e9nieurs et aux autres parties prenantes.<\/p>\n<\/div>\n<\/div>\n<\/div>\n\t\t\t\t\t\t\t\t<\/div>\n\t\t\t\t<\/div>\n\t\t\t\t<\/div>\n\t\t\t\t\t<\/div>\n\t\t\t\t<\/div>\n\t\t\t\t<\/div>\n\t\t","protected":false},"excerpt":{"rendered":"<p>\/\/ Conformit\u00e9 UE &amp; s\u00e9curit\u00e9 des produits Documentation technique Vous avez besoin d&rsquo;aide &#8211; nous sommes votre partenaire \/\/ Planification et conception efficaces Documentation technique La documentation technique fait r\u00e9f\u00e9rence \u00e0 un ensemble coh\u00e9rent d&rsquo;informations et de documents qui d\u00e9crivent en d\u00e9tail la conception, le d\u00e9veloppement, le fonctionnement, la maintenance et d&rsquo;autres aspects d&rsquo;un produit. [&hellip;]<\/p>\n","protected":false},"author":2,"featured_media":0,"parent":2617,"menu_order":0,"comment_status":"closed","ping_status":"closed","template":"","meta":{"footnotes":""},"class_list":["post-2544","page","type-page","status-publish","hentry"],"yoast_head":"<!-- This site is optimized with the Yoast SEO plugin v26.6 - https:\/\/yoast.com\/wordpress\/plugins\/seo\/ -->\n<title>Documentation technique - Conformit\u00e9 UE - Hahn Consulting du site de s\u00e9curit\u00e9 du produit<\/title>\n<meta name=\"description\" content=\"Documentation technique &amp; Conformit\u00e9 UE - Aide \u00e0 la pr\u00e9paration de la documentation technique Assurer la s\u00e9curit\u00e9 des produits\" \/>\n<meta name=\"robots\" content=\"index, follow, max-snippet:-1, max-image-preview:large, max-video-preview:-1\" \/>\n<link rel=\"canonical\" href=\"https:\/\/hahn-consulting.de\/fr\/cooperation\/documentation-technique\/\" \/>\n<meta property=\"og:locale\" content=\"fr_FR\" \/>\n<meta property=\"og:type\" content=\"article\" \/>\n<meta property=\"og:title\" content=\"Documentation technique - Conformit\u00e9 UE - Hahn Consulting du site de s\u00e9curit\u00e9 du produit\" \/>\n<meta property=\"og:description\" content=\"Documentation technique &amp; Conformit\u00e9 UE - Aide \u00e0 la pr\u00e9paration de la documentation technique Assurer la s\u00e9curit\u00e9 des produits\" \/>\n<meta property=\"og:url\" content=\"https:\/\/hahn-consulting.de\/fr\/cooperation\/documentation-technique\/\" \/>\n<meta property=\"og:site_name\" content=\"Hahn Consulting\" \/>\n<meta property=\"article:modified_time\" content=\"2024-09-26T15:39:51+00:00\" \/>\n<meta name=\"twitter:card\" content=\"summary_large_image\" \/>\n<meta name=\"twitter:label1\" content=\"Dur\u00e9e de lecture estim\u00e9e\" \/>\n\t<meta name=\"twitter:data1\" content=\"1 minute\" \/>\n<script type=\"application\/ld+json\" class=\"yoast-schema-graph\">{\"@context\":\"https:\/\/schema.org\",\"@graph\":[{\"@type\":\"WebPage\",\"@id\":\"https:\/\/hahn-consulting.de\/fr\/cooperation\/documentation-technique\/\",\"url\":\"https:\/\/hahn-consulting.de\/fr\/cooperation\/documentation-technique\/\",\"name\":\"Documentation technique - Conformit\u00e9 UE - Hahn Consulting du site de s\u00e9curit\u00e9 du produit\",\"isPartOf\":{\"@id\":\"\/#website\"},\"datePublished\":\"2024-02-14T14:23:23+00:00\",\"dateModified\":\"2024-09-26T15:39:51+00:00\",\"description\":\"Documentation technique & Conformit\u00e9 UE - Aide \u00e0 la pr\u00e9paration de la documentation technique Assurer la s\u00e9curit\u00e9 des produits\",\"breadcrumb\":{\"@id\":\"https:\/\/hahn-consulting.de\/fr\/cooperation\/documentation-technique\/#breadcrumb\"},\"inLanguage\":\"fr-FR\",\"potentialAction\":[{\"@type\":\"ReadAction\",\"target\":[\"https:\/\/hahn-consulting.de\/fr\/cooperation\/documentation-technique\/\"]}]},{\"@type\":\"BreadcrumbList\",\"@id\":\"https:\/\/hahn-consulting.de\/fr\/cooperation\/documentation-technique\/#breadcrumb\",\"itemListElement\":[{\"@type\":\"ListItem\",\"position\":1,\"name\":\"Startseite\",\"item\":\"https:\/\/hahn-consulting.de\/fr\/page-daccueil\/\"},{\"@type\":\"ListItem\",\"position\":2,\"name\":\"Coop\u00e9ration\",\"item\":\"https:\/\/hahn-consulting.de\/fr\/zusammenarbeit\/\"},{\"@type\":\"ListItem\",\"position\":3,\"name\":\"Documentation technique\"}]},{\"@type\":\"WebSite\",\"@id\":\"\/#website\",\"url\":\"\/\",\"name\":\"Hahn Consulting\",\"description\":\"\",\"publisher\":{\"@id\":\"\/#organization\"},\"potentialAction\":[{\"@type\":\"SearchAction\",\"target\":{\"@type\":\"EntryPoint\",\"urlTemplate\":\"\/?s={search_term_string}\"},\"query-input\":{\"@type\":\"PropertyValueSpecification\",\"valueRequired\":true,\"valueName\":\"search_term_string\"}}],\"inLanguage\":\"fr-FR\"},{\"@type\":\"Organization\",\"@id\":\"\/#organization\",\"name\":\"Hahn Consulting\",\"url\":\"\/\",\"logo\":{\"@type\":\"ImageObject\",\"inLanguage\":\"fr-FR\",\"@id\":\"\/#\/schema\/logo\/image\/\",\"url\":\"https:\/\/hahn-consulting.de\/wp-content\/uploads\/Logo_Hahn-Consulting_500px.png\",\"contentUrl\":\"https:\/\/hahn-consulting.de\/wp-content\/uploads\/Logo_Hahn-Consulting_500px.png\",\"width\":500,\"height\":147,\"caption\":\"Hahn Consulting\"},\"image\":{\"@id\":\"\/#\/schema\/logo\/image\/\"}}]}<\/script>\n<!-- \/ Yoast SEO plugin. -->","yoast_head_json":{"title":"Documentation technique - Conformit\u00e9 UE - Hahn Consulting du site de s\u00e9curit\u00e9 du produit","description":"Documentation technique & Conformit\u00e9 UE - Aide \u00e0 la pr\u00e9paration de la documentation technique Assurer la s\u00e9curit\u00e9 des produits","robots":{"index":"index","follow":"follow","max-snippet":"max-snippet:-1","max-image-preview":"max-image-preview:large","max-video-preview":"max-video-preview:-1"},"canonical":"https:\/\/hahn-consulting.de\/fr\/cooperation\/documentation-technique\/","og_locale":"fr_FR","og_type":"article","og_title":"Documentation technique - Conformit\u00e9 UE - Hahn Consulting du site de s\u00e9curit\u00e9 du produit","og_description":"Documentation technique & Conformit\u00e9 UE - Aide \u00e0 la pr\u00e9paration de la documentation technique Assurer la s\u00e9curit\u00e9 des produits","og_url":"https:\/\/hahn-consulting.de\/fr\/cooperation\/documentation-technique\/","og_site_name":"Hahn Consulting","article_modified_time":"2024-09-26T15:39:51+00:00","twitter_card":"summary_large_image","twitter_misc":{"Dur\u00e9e de lecture estim\u00e9e":"1 minute"},"schema":{"@context":"https:\/\/schema.org","@graph":[{"@type":"WebPage","@id":"https:\/\/hahn-consulting.de\/fr\/cooperation\/documentation-technique\/","url":"https:\/\/hahn-consulting.de\/fr\/cooperation\/documentation-technique\/","name":"Documentation technique - Conformit\u00e9 UE - Hahn Consulting du site de s\u00e9curit\u00e9 du produit","isPartOf":{"@id":"\/#website"},"datePublished":"2024-02-14T14:23:23+00:00","dateModified":"2024-09-26T15:39:51+00:00","description":"Documentation technique & Conformit\u00e9 UE - Aide \u00e0 la pr\u00e9paration de la documentation technique Assurer la s\u00e9curit\u00e9 des produits","breadcrumb":{"@id":"https:\/\/hahn-consulting.de\/fr\/cooperation\/documentation-technique\/#breadcrumb"},"inLanguage":"fr-FR","potentialAction":[{"@type":"ReadAction","target":["https:\/\/hahn-consulting.de\/fr\/cooperation\/documentation-technique\/"]}]},{"@type":"BreadcrumbList","@id":"https:\/\/hahn-consulting.de\/fr\/cooperation\/documentation-technique\/#breadcrumb","itemListElement":[{"@type":"ListItem","position":1,"name":"Startseite","item":"https:\/\/hahn-consulting.de\/fr\/page-daccueil\/"},{"@type":"ListItem","position":2,"name":"Coop\u00e9ration","item":"https:\/\/hahn-consulting.de\/fr\/zusammenarbeit\/"},{"@type":"ListItem","position":3,"name":"Documentation technique"}]},{"@type":"WebSite","@id":"\/#website","url":"\/","name":"Hahn Consulting","description":"","publisher":{"@id":"\/#organization"},"potentialAction":[{"@type":"SearchAction","target":{"@type":"EntryPoint","urlTemplate":"\/?s={search_term_string}"},"query-input":{"@type":"PropertyValueSpecification","valueRequired":true,"valueName":"search_term_string"}}],"inLanguage":"fr-FR"},{"@type":"Organization","@id":"\/#organization","name":"Hahn Consulting","url":"\/","logo":{"@type":"ImageObject","inLanguage":"fr-FR","@id":"\/#\/schema\/logo\/image\/","url":"https:\/\/hahn-consulting.de\/wp-content\/uploads\/Logo_Hahn-Consulting_500px.png","contentUrl":"https:\/\/hahn-consulting.de\/wp-content\/uploads\/Logo_Hahn-Consulting_500px.png","width":500,"height":147,"caption":"Hahn Consulting"},"image":{"@id":"\/#\/schema\/logo\/image\/"}}]}},"_links":{"self":[{"href":"https:\/\/hahn-consulting.de\/fr\/wp-json\/wp\/v2\/pages\/2544","targetHints":{"allow":["GET"]}}],"collection":[{"href":"https:\/\/hahn-consulting.de\/fr\/wp-json\/wp\/v2\/pages"}],"about":[{"href":"https:\/\/hahn-consulting.de\/fr\/wp-json\/wp\/v2\/types\/page"}],"author":[{"embeddable":true,"href":"https:\/\/hahn-consulting.de\/fr\/wp-json\/wp\/v2\/users\/2"}],"replies":[{"embeddable":true,"href":"https:\/\/hahn-consulting.de\/fr\/wp-json\/wp\/v2\/comments?post=2544"}],"version-history":[{"count":3,"href":"https:\/\/hahn-consulting.de\/fr\/wp-json\/wp\/v2\/pages\/2544\/revisions"}],"predecessor-version":[{"id":3477,"href":"https:\/\/hahn-consulting.de\/fr\/wp-json\/wp\/v2\/pages\/2544\/revisions\/3477"}],"up":[{"embeddable":true,"href":"https:\/\/hahn-consulting.de\/fr\/wp-json\/wp\/v2\/pages\/2617"}],"wp:attachment":[{"href":"https:\/\/hahn-consulting.de\/fr\/wp-json\/wp\/v2\/media?parent=2544"}],"curies":[{"name":"wp","href":"https:\/\/api.w.org\/{rel}","templated":true}]}}