{"id":2530,"date":"2024-02-14T12:54:25","date_gmt":"2024-02-14T11:54:25","guid":{"rendered":"https:\/\/hahn-consulting.de\/seminaires\/mise-en-oeuvre-dune-procedure-de-conformite-ue\/"},"modified":"2024-09-26T17:28:38","modified_gmt":"2024-09-26T15:28:38","slug":"mise-en-oeuvre-dune-procedure-de-conformite-ue","status":"publish","type":"page","link":"https:\/\/hahn-consulting.de\/fr\/seminaires\/mise-en-oeuvre-dune-procedure-de-conformite-ue\/","title":{"rendered":"Mise en \u0153uvre d&rsquo;une proc\u00e9dure de conformit\u00e9 UE"},"content":{"rendered":"\t\t<div data-elementor-type=\"wp-page\" data-elementor-id=\"2530\" class=\"elementor elementor-2530 elementor-606\" data-elementor-post-type=\"page\">\n\t\t\t\t<div data-particle_enable=\"false\" data-particle-mobile-disabled=\"false\" class=\"elementor-element elementor-element-52b055c3 e-con-full e-flex e-con e-parent\" data-id=\"52b055c3\" data-element_type=\"container\" data-settings=\"{&quot;background_background&quot;:&quot;classic&quot;}\">\n\t\t<div data-particle_enable=\"false\" data-particle-mobile-disabled=\"false\" class=\"elementor-element elementor-element-7a4d96b7 e-con-full e-flex e-con e-child\" data-id=\"7a4d96b7\" data-element_type=\"container\" data-settings=\"{&quot;background_background&quot;:&quot;classic&quot;}\">\n\t\t\t\t<div class=\"elementor-element elementor-element-e1995fc elementor-widget elementor-widget-heading\" data-id=\"e1995fc\" data-element_type=\"widget\" data-widget_type=\"heading.default\">\n\t\t\t\t<div class=\"elementor-widget-container\">\n\t\t\t\t\t<h1 class=\"elementor-heading-title elementor-size-default\">\/\/ Mise en \u0153uvre d'une proc\u00e9dure de conformit\u00e9 UE<\/h1>\t\t\t\t<\/div>\n\t\t\t\t<\/div>\n\t\t\t\t<div class=\"elementor-element elementor-element-780853d1 elementor-widget__width-initial elementor-widget elementor-widget-heading\" data-id=\"780853d1\" data-element_type=\"widget\" data-widget_type=\"heading.default\">\n\t\t\t\t<div class=\"elementor-widget-container\">\n\t\t\t\t\t<h2 class=\"elementor-heading-title elementor-size-default\">S\u00e9minaires<\/h2>\t\t\t\t<\/div>\n\t\t\t\t<\/div>\n\t\t\t\t<\/div>\n\t\t\t\t<\/div>\n\t\t<div data-particle_enable=\"false\" data-particle-mobile-disabled=\"false\" class=\"elementor-element elementor-element-92da1d6 e-flex e-con-boxed e-con e-parent\" data-id=\"92da1d6\" data-element_type=\"container\">\n\t\t\t\t\t<div class=\"e-con-inner\">\n\t\t<div data-particle_enable=\"false\" data-particle-mobile-disabled=\"false\" class=\"elementor-element elementor-element-a353c47 e-con-full e-flex e-con e-child\" data-id=\"a353c47\" data-element_type=\"container\">\n\t\t\t\t<div class=\"elementor-element elementor-element-549ca05 elementor-widget elementor-widget-heading\" data-id=\"549ca05\" data-element_type=\"widget\" data-widget_type=\"heading.default\">\n\t\t\t\t<div class=\"elementor-widget-container\">\n\t\t\t\t\t<p class=\"elementor-heading-title elementor-size-default\">\/\/ R\u00e9alisation d'un ...<\/p>\t\t\t\t<\/div>\n\t\t\t\t<\/div>\n\t\t\t\t<\/div>\n\t\t<div data-particle_enable=\"false\" data-particle-mobile-disabled=\"false\" class=\"elementor-element elementor-element-369dda3 e-con-full e-flex e-con e-child\" data-id=\"369dda3\" data-element_type=\"container\">\n\t\t\t\t<div class=\"elementor-element elementor-element-2787245 elementor-widget elementor-widget-heading\" data-id=\"2787245\" data-element_type=\"widget\" data-widget_type=\"heading.default\">\n\t\t\t\t<div class=\"elementor-widget-container\">\n\t\t\t\t\t<h2 class=\"elementor-heading-title elementor-size-default\">Proc\u00e9dure de conformit\u00e9 UE<\/h2>\t\t\t\t<\/div>\n\t\t\t\t<\/div>\n\t\t\t\t<div class=\"elementor-element elementor-element-486922d elementor-widget elementor-widget-text-editor\" data-id=\"486922d\" data-element_type=\"widget\" data-widget_type=\"text-editor.default\">\n\t\t\t\t<div class=\"elementor-widget-container\">\n\t\t\t\t\t\t\t\t\t<div class=\"flex flex-grow flex-col max-w-full\">\n<div class=\"min-h-[20px] text-message flex flex-col items-start gap-3 whitespace-pre-wrap break-words [.text-message+&amp;]:mt-5 overflow-x-auto\" data-message-author-role=\"assistant\" data-message-id=\"40e6978b-ee06-416f-980f-42dd6e24ce3d\">\n<div class=\"result-streaming markdown prose w-full break-words dark:prose-invert dark\">\n<p>Par \u00e9valuation de la conformit\u00e9, on entend la v\u00e9rification de la conformit\u00e9 d&rsquo;un produit avec les prescriptions des directives europ\u00e9ennes correspondantes. Le s\u00e9minaire a pour objectif de familiariser les fabricants avec la proc\u00e9dure d&rsquo;\u00e9valuation de la conformit\u00e9 aux directives europ\u00e9ennes.<\/p>\n<\/div>\n<\/div>\n<\/div>\n\t\t\t\t\t\t\t\t<\/div>\n\t\t\t\t<\/div>\n\t\t\t\t<div class=\"elementor-element elementor-element-2fbe8f1 elementor-widget elementor-widget-text-editor\" data-id=\"2fbe8f1\" data-element_type=\"widget\" data-widget_type=\"text-editor.default\">\n\t\t\t\t<div class=\"elementor-widget-container\">\n\t\t\t\t\t\t\t\t\t<p>Le s\u00e9minaire est organis\u00e9 en coop\u00e9ration avec le T\u00dcV Rheinland. Pour plus d&rsquo;informations sur le contenu, toutes les dates et l&rsquo;inscription, cliquez ici :<\/p>\n<p><a href=\"https:\/\/akademie.tuv.com\/weiterbildungen\/seminar-zur-durchfuehrung-der-eu-konformitaetsbewertung-547819\" target=\"_blank\" rel=\"noopener\">S\u00e9minaire Manuels d&rsquo;utilisation &#8211; Mise en \u0153uvre d&rsquo;une proc\u00e9dure de conformit\u00e9 UE<\/a><\/p>\n\t\t\t\t\t\t\t\t<\/div>\n\t\t\t\t<\/div>\n\t\t\t\t<div class=\"elementor-element elementor-element-7fb81b4 elementor-widget elementor-widget-image\" data-id=\"7fb81b4\" data-element_type=\"widget\" data-widget_type=\"image.default\">\n\t\t\t\t<div class=\"elementor-widget-container\">\n\t\t\t\t\t\t\t\t\t\t\t\t\t\t\t\t<a href=\"https:\/\/akademie.tuv.com\/weiterbildungen\/seminar-zur-durchfuehrung-der-eu-konformitaetsbewertung-547819\" target=\"_blank\">\n\t\t\t\t\t\t\t<img decoding=\"async\" width=\"293\" height=\"76\" src=\"https:\/\/hahn-consulting.de\/wp-content\/uploads\/Tuev.png\" class=\"attachment-large size-large wp-image-2322\" alt=\"\" \/>\t\t\t\t\t\t\t\t<\/a>\n\t\t\t\t\t\t\t\t\t\t\t\t\t\t\t<\/div>\n\t\t\t\t<\/div>\n\t\t\t\t<div class=\"elementor-element elementor-element-c34bd5f elementor-widget elementor-widget-text-editor\" data-id=\"c34bd5f\" data-element_type=\"widget\" data-widget_type=\"text-editor.default\">\n\t\t\t\t<div class=\"elementor-widget-container\">\n\t\t\t\t\t\t\t\t\t<p>Je me tiens \u00e0 votre disposition pour r\u00e9pondre \u00e0 vos questions.<\/p>\n<p>J\u00fcrgen H. Hahn (responsable du s\u00e9minaire)<\/p>\n\t\t\t\t\t\t\t\t<\/div>\n\t\t\t\t<\/div>\n\t\t\t\t<\/div>\n\t\t\t\t\t<\/div>\n\t\t\t\t<\/div>\n\t\t\t\t<\/div>\n\t\t","protected":false},"excerpt":{"rendered":"<p>\/\/ Mise en \u0153uvre d&rsquo;une proc\u00e9dure de conformit\u00e9 UE S\u00e9minaires \/\/ R\u00e9alisation d&rsquo;un &#8230; Proc\u00e9dure de conformit\u00e9 UE Par \u00e9valuation de la conformit\u00e9, on entend la v\u00e9rification de la conformit\u00e9 d&rsquo;un produit avec les prescriptions des directives europ\u00e9ennes correspondantes. Le s\u00e9minaire a pour objectif de familiariser les fabricants avec la proc\u00e9dure d&rsquo;\u00e9valuation de la conformit\u00e9 [&hellip;]<\/p>\n","protected":false},"author":2,"featured_media":0,"parent":2476,"menu_order":0,"comment_status":"closed","ping_status":"closed","template":"","meta":{"footnotes":""},"class_list":["post-2530","page","type-page","status-publish","hentry"],"yoast_head":"<!-- This site is optimized with the Yoast SEO plugin v26.6 - https:\/\/yoast.com\/wordpress\/plugins\/seo\/ -->\n<title>Proc\u00e9dure de conformit\u00e9 UE - s\u00e9minaire - Hahn Consulting<\/title>\n<meta name=\"description\" content=\"S\u00e9minaire : Mise en \u0153uvre de la proc\u00e9dure de conformit\u00e9 UE - V\u00e9rification de la conformit\u00e9 des produits avec les r\u00e9glementations et les directives europ\u00e9ennes\" \/>\n<meta name=\"robots\" content=\"index, follow, max-snippet:-1, max-image-preview:large, max-video-preview:-1\" \/>\n<link rel=\"canonical\" href=\"https:\/\/hahn-consulting.de\/fr\/seminaires\/mise-en-oeuvre-dune-procedure-de-conformite-ue\/\" \/>\n<meta property=\"og:locale\" content=\"fr_FR\" \/>\n<meta property=\"og:type\" content=\"article\" \/>\n<meta property=\"og:title\" content=\"Proc\u00e9dure de conformit\u00e9 UE - s\u00e9minaire - Hahn Consulting\" \/>\n<meta property=\"og:description\" content=\"S\u00e9minaire : Mise en \u0153uvre de la proc\u00e9dure de conformit\u00e9 UE - V\u00e9rification de la conformit\u00e9 des produits avec les r\u00e9glementations et les directives europ\u00e9ennes\" \/>\n<meta property=\"og:url\" content=\"https:\/\/hahn-consulting.de\/fr\/seminaires\/mise-en-oeuvre-dune-procedure-de-conformite-ue\/\" \/>\n<meta property=\"og:site_name\" content=\"Hahn Consulting\" \/>\n<meta property=\"article:modified_time\" content=\"2024-09-26T15:28:38+00:00\" \/>\n<meta property=\"og:image\" content=\"http:\/\/hahn-consulting.de\/wp-content\/uploads\/Tuev.png\" \/>\n<meta name=\"twitter:card\" content=\"summary_large_image\" \/>\n<meta name=\"twitter:label1\" content=\"Dur\u00e9e de lecture estim\u00e9e\" \/>\n\t<meta name=\"twitter:data1\" content=\"1 minute\" \/>\n<script type=\"application\/ld+json\" class=\"yoast-schema-graph\">{\"@context\":\"https:\/\/schema.org\",\"@graph\":[{\"@type\":\"WebPage\",\"@id\":\"https:\/\/hahn-consulting.de\/fr\/seminaires\/mise-en-oeuvre-dune-procedure-de-conformite-ue\/\",\"url\":\"https:\/\/hahn-consulting.de\/fr\/seminaires\/mise-en-oeuvre-dune-procedure-de-conformite-ue\/\",\"name\":\"Proc\u00e9dure de conformit\u00e9 UE - s\u00e9minaire - Hahn Consulting\",\"isPartOf\":{\"@id\":\"\/#website\"},\"primaryImageOfPage\":{\"@id\":\"https:\/\/hahn-consulting.de\/fr\/seminaires\/mise-en-oeuvre-dune-procedure-de-conformite-ue\/#primaryimage\"},\"image\":{\"@id\":\"https:\/\/hahn-consulting.de\/fr\/seminaires\/mise-en-oeuvre-dune-procedure-de-conformite-ue\/#primaryimage\"},\"thumbnailUrl\":\"http:\/\/hahn-consulting.de\/wp-content\/uploads\/Tuev.png\",\"datePublished\":\"2024-02-14T11:54:25+00:00\",\"dateModified\":\"2024-09-26T15:28:38+00:00\",\"description\":\"S\u00e9minaire : Mise en \u0153uvre de la proc\u00e9dure de conformit\u00e9 UE - V\u00e9rification de la conformit\u00e9 des produits avec les r\u00e9glementations et les directives europ\u00e9ennes\",\"breadcrumb\":{\"@id\":\"https:\/\/hahn-consulting.de\/fr\/seminaires\/mise-en-oeuvre-dune-procedure-de-conformite-ue\/#breadcrumb\"},\"inLanguage\":\"fr-FR\",\"potentialAction\":[{\"@type\":\"ReadAction\",\"target\":[\"https:\/\/hahn-consulting.de\/fr\/seminaires\/mise-en-oeuvre-dune-procedure-de-conformite-ue\/\"]}]},{\"@type\":\"ImageObject\",\"inLanguage\":\"fr-FR\",\"@id\":\"https:\/\/hahn-consulting.de\/fr\/seminaires\/mise-en-oeuvre-dune-procedure-de-conformite-ue\/#primaryimage\",\"url\":\"http:\/\/hahn-consulting.de\/wp-content\/uploads\/Tuev.png\",\"contentUrl\":\"http:\/\/hahn-consulting.de\/wp-content\/uploads\/Tuev.png\"},{\"@type\":\"BreadcrumbList\",\"@id\":\"https:\/\/hahn-consulting.de\/fr\/seminaires\/mise-en-oeuvre-dune-procedure-de-conformite-ue\/#breadcrumb\",\"itemListElement\":[{\"@type\":\"ListItem\",\"position\":1,\"name\":\"Startseite\",\"item\":\"https:\/\/hahn-consulting.de\/fr\/page-daccueil\/\"},{\"@type\":\"ListItem\",\"position\":2,\"name\":\"S\u00e9minaires\",\"item\":\"https:\/\/hahn-consulting.de\/fr\/seminare\/\"},{\"@type\":\"ListItem\",\"position\":3,\"name\":\"Mise en \u0153uvre d&#8217;une proc\u00e9dure de conformit\u00e9 UE\"}]},{\"@type\":\"WebSite\",\"@id\":\"\/#website\",\"url\":\"\/\",\"name\":\"Hahn Consulting\",\"description\":\"\",\"publisher\":{\"@id\":\"\/#organization\"},\"potentialAction\":[{\"@type\":\"SearchAction\",\"target\":{\"@type\":\"EntryPoint\",\"urlTemplate\":\"\/?s={search_term_string}\"},\"query-input\":{\"@type\":\"PropertyValueSpecification\",\"valueRequired\":true,\"valueName\":\"search_term_string\"}}],\"inLanguage\":\"fr-FR\"},{\"@type\":\"Organization\",\"@id\":\"\/#organization\",\"name\":\"Hahn Consulting\",\"url\":\"\/\",\"logo\":{\"@type\":\"ImageObject\",\"inLanguage\":\"fr-FR\",\"@id\":\"\/#\/schema\/logo\/image\/\",\"url\":\"https:\/\/hahn-consulting.de\/wp-content\/uploads\/Logo_Hahn-Consulting_500px.png\",\"contentUrl\":\"https:\/\/hahn-consulting.de\/wp-content\/uploads\/Logo_Hahn-Consulting_500px.png\",\"width\":500,\"height\":147,\"caption\":\"Hahn Consulting\"},\"image\":{\"@id\":\"\/#\/schema\/logo\/image\/\"}}]}<\/script>\n<!-- \/ Yoast SEO plugin. -->","yoast_head_json":{"title":"Proc\u00e9dure de conformit\u00e9 UE - s\u00e9minaire - Hahn Consulting","description":"S\u00e9minaire : Mise en \u0153uvre de la proc\u00e9dure de conformit\u00e9 UE - V\u00e9rification de la conformit\u00e9 des produits avec les r\u00e9glementations et les directives europ\u00e9ennes","robots":{"index":"index","follow":"follow","max-snippet":"max-snippet:-1","max-image-preview":"max-image-preview:large","max-video-preview":"max-video-preview:-1"},"canonical":"https:\/\/hahn-consulting.de\/fr\/seminaires\/mise-en-oeuvre-dune-procedure-de-conformite-ue\/","og_locale":"fr_FR","og_type":"article","og_title":"Proc\u00e9dure de conformit\u00e9 UE - s\u00e9minaire - Hahn Consulting","og_description":"S\u00e9minaire : Mise en \u0153uvre de la proc\u00e9dure de conformit\u00e9 UE - V\u00e9rification de la conformit\u00e9 des produits avec les r\u00e9glementations et les directives europ\u00e9ennes","og_url":"https:\/\/hahn-consulting.de\/fr\/seminaires\/mise-en-oeuvre-dune-procedure-de-conformite-ue\/","og_site_name":"Hahn Consulting","article_modified_time":"2024-09-26T15:28:38+00:00","og_image":[{"url":"http:\/\/hahn-consulting.de\/wp-content\/uploads\/Tuev.png","type":"","width":"","height":""}],"twitter_card":"summary_large_image","twitter_misc":{"Dur\u00e9e de lecture estim\u00e9e":"1 minute"},"schema":{"@context":"https:\/\/schema.org","@graph":[{"@type":"WebPage","@id":"https:\/\/hahn-consulting.de\/fr\/seminaires\/mise-en-oeuvre-dune-procedure-de-conformite-ue\/","url":"https:\/\/hahn-consulting.de\/fr\/seminaires\/mise-en-oeuvre-dune-procedure-de-conformite-ue\/","name":"Proc\u00e9dure de conformit\u00e9 UE - s\u00e9minaire - Hahn Consulting","isPartOf":{"@id":"\/#website"},"primaryImageOfPage":{"@id":"https:\/\/hahn-consulting.de\/fr\/seminaires\/mise-en-oeuvre-dune-procedure-de-conformite-ue\/#primaryimage"},"image":{"@id":"https:\/\/hahn-consulting.de\/fr\/seminaires\/mise-en-oeuvre-dune-procedure-de-conformite-ue\/#primaryimage"},"thumbnailUrl":"http:\/\/hahn-consulting.de\/wp-content\/uploads\/Tuev.png","datePublished":"2024-02-14T11:54:25+00:00","dateModified":"2024-09-26T15:28:38+00:00","description":"S\u00e9minaire : Mise en \u0153uvre de la proc\u00e9dure de conformit\u00e9 UE - V\u00e9rification de la conformit\u00e9 des produits avec les r\u00e9glementations et les directives europ\u00e9ennes","breadcrumb":{"@id":"https:\/\/hahn-consulting.de\/fr\/seminaires\/mise-en-oeuvre-dune-procedure-de-conformite-ue\/#breadcrumb"},"inLanguage":"fr-FR","potentialAction":[{"@type":"ReadAction","target":["https:\/\/hahn-consulting.de\/fr\/seminaires\/mise-en-oeuvre-dune-procedure-de-conformite-ue\/"]}]},{"@type":"ImageObject","inLanguage":"fr-FR","@id":"https:\/\/hahn-consulting.de\/fr\/seminaires\/mise-en-oeuvre-dune-procedure-de-conformite-ue\/#primaryimage","url":"http:\/\/hahn-consulting.de\/wp-content\/uploads\/Tuev.png","contentUrl":"http:\/\/hahn-consulting.de\/wp-content\/uploads\/Tuev.png"},{"@type":"BreadcrumbList","@id":"https:\/\/hahn-consulting.de\/fr\/seminaires\/mise-en-oeuvre-dune-procedure-de-conformite-ue\/#breadcrumb","itemListElement":[{"@type":"ListItem","position":1,"name":"Startseite","item":"https:\/\/hahn-consulting.de\/fr\/page-daccueil\/"},{"@type":"ListItem","position":2,"name":"S\u00e9minaires","item":"https:\/\/hahn-consulting.de\/fr\/seminare\/"},{"@type":"ListItem","position":3,"name":"Mise en \u0153uvre d&#8217;une proc\u00e9dure de conformit\u00e9 UE"}]},{"@type":"WebSite","@id":"\/#website","url":"\/","name":"Hahn Consulting","description":"","publisher":{"@id":"\/#organization"},"potentialAction":[{"@type":"SearchAction","target":{"@type":"EntryPoint","urlTemplate":"\/?s={search_term_string}"},"query-input":{"@type":"PropertyValueSpecification","valueRequired":true,"valueName":"search_term_string"}}],"inLanguage":"fr-FR"},{"@type":"Organization","@id":"\/#organization","name":"Hahn Consulting","url":"\/","logo":{"@type":"ImageObject","inLanguage":"fr-FR","@id":"\/#\/schema\/logo\/image\/","url":"https:\/\/hahn-consulting.de\/wp-content\/uploads\/Logo_Hahn-Consulting_500px.png","contentUrl":"https:\/\/hahn-consulting.de\/wp-content\/uploads\/Logo_Hahn-Consulting_500px.png","width":500,"height":147,"caption":"Hahn Consulting"},"image":{"@id":"\/#\/schema\/logo\/image\/"}}]}},"_links":{"self":[{"href":"https:\/\/hahn-consulting.de\/fr\/wp-json\/wp\/v2\/pages\/2530","targetHints":{"allow":["GET"]}}],"collection":[{"href":"https:\/\/hahn-consulting.de\/fr\/wp-json\/wp\/v2\/pages"}],"about":[{"href":"https:\/\/hahn-consulting.de\/fr\/wp-json\/wp\/v2\/types\/page"}],"author":[{"embeddable":true,"href":"https:\/\/hahn-consulting.de\/fr\/wp-json\/wp\/v2\/users\/2"}],"replies":[{"embeddable":true,"href":"https:\/\/hahn-consulting.de\/fr\/wp-json\/wp\/v2\/comments?post=2530"}],"version-history":[{"count":3,"href":"https:\/\/hahn-consulting.de\/fr\/wp-json\/wp\/v2\/pages\/2530\/revisions"}],"predecessor-version":[{"id":3400,"href":"https:\/\/hahn-consulting.de\/fr\/wp-json\/wp\/v2\/pages\/2530\/revisions\/3400"}],"up":[{"embeddable":true,"href":"https:\/\/hahn-consulting.de\/fr\/wp-json\/wp\/v2\/pages\/2476"}],"wp:attachment":[{"href":"https:\/\/hahn-consulting.de\/fr\/wp-json\/wp\/v2\/media?parent=2530"}],"curies":[{"name":"wp","href":"https:\/\/api.w.org\/{rel}","templated":true}]}}