{"id":2484,"date":"2024-02-14T11:32:33","date_gmt":"2024-02-14T10:32:33","guid":{"rendered":"https:\/\/hahn-consulting.de\/seminaires\/creation-dun-guide-conforme-a-la-norme-ce\/"},"modified":"2024-09-26T17:29:13","modified_gmt":"2024-09-26T15:29:13","slug":"creation-dun-guide-conforme-a-la-norme-ce","status":"publish","type":"page","link":"https:\/\/hahn-consulting.de\/fr\/seminaires\/creation-dun-guide-conforme-a-la-norme-ce\/","title":{"rendered":"Cr\u00e9ation d&rsquo;un guide conforme \u00e0 la norme CE"},"content":{"rendered":"\t\t<div data-elementor-type=\"wp-page\" data-elementor-id=\"2484\" class=\"elementor elementor-2484 elementor-492\" data-elementor-post-type=\"page\">\n\t\t\t\t<div data-particle_enable=\"false\" data-particle-mobile-disabled=\"false\" class=\"elementor-element elementor-element-52b055c3 e-con-full e-flex e-con e-parent\" data-id=\"52b055c3\" data-element_type=\"container\" data-settings=\"{&quot;background_background&quot;:&quot;classic&quot;}\">\n\t\t<div data-particle_enable=\"false\" data-particle-mobile-disabled=\"false\" class=\"elementor-element elementor-element-7a4d96b7 e-con-full e-flex e-con e-child\" data-id=\"7a4d96b7\" data-element_type=\"container\" data-settings=\"{&quot;background_background&quot;:&quot;classic&quot;}\">\n\t\t\t\t<div class=\"elementor-element elementor-element-9801a9a elementor-widget elementor-widget-heading\" data-id=\"9801a9a\" data-element_type=\"widget\" data-widget_type=\"heading.default\">\n\t\t\t\t<div class=\"elementor-widget-container\">\n\t\t\t\t\t<h1 class=\"elementor-heading-title elementor-size-default\">\/\/ Cr\u00e9ation d'une notice conforme \u00e0 la norme CE<\/h1>\t\t\t\t<\/div>\n\t\t\t\t<\/div>\n\t\t\t\t<div class=\"elementor-element elementor-element-780853d1 elementor-widget__width-initial elementor-widget elementor-widget-heading\" data-id=\"780853d1\" data-element_type=\"widget\" data-widget_type=\"heading.default\">\n\t\t\t\t<div class=\"elementor-widget-container\">\n\t\t\t\t\t<h2 class=\"elementor-heading-title elementor-size-default\">S\u00e9minaires<\/h2>\t\t\t\t<\/div>\n\t\t\t\t<\/div>\n\t\t\t\t<\/div>\n\t\t\t\t<\/div>\n\t\t<div data-particle_enable=\"false\" data-particle-mobile-disabled=\"false\" class=\"elementor-element elementor-element-92da1d6 e-flex e-con-boxed e-con e-parent\" data-id=\"92da1d6\" data-element_type=\"container\">\n\t\t\t\t\t<div class=\"e-con-inner\">\n\t\t<div data-particle_enable=\"false\" data-particle-mobile-disabled=\"false\" class=\"elementor-element elementor-element-a353c47 e-con-full e-flex e-con e-child\" data-id=\"a353c47\" data-element_type=\"container\">\n\t\t\t\t<div class=\"elementor-element elementor-element-549ca05 elementor-widget elementor-widget-heading\" data-id=\"549ca05\" data-element_type=\"widget\" data-widget_type=\"heading.default\">\n\t\t\t\t<div class=\"elementor-widget-container\">\n\t\t\t\t\t<p class=\"elementor-heading-title elementor-size-default\">\/\/ Planification et conception efficaces<\/p>\t\t\t\t<\/div>\n\t\t\t\t<\/div>\n\t\t\t\t<\/div>\n\t\t<div data-particle_enable=\"false\" data-particle-mobile-disabled=\"false\" class=\"elementor-element elementor-element-369dda3 e-con-full e-flex e-con e-child\" data-id=\"369dda3\" data-element_type=\"container\">\n\t\t\t\t<div class=\"elementor-element elementor-element-2787245 elementor-widget elementor-widget-heading\" data-id=\"2787245\" data-element_type=\"widget\" data-widget_type=\"heading.default\">\n\t\t\t\t<div class=\"elementor-widget-container\">\n\t\t\t\t\t<h2 class=\"elementor-heading-title elementor-size-default\">... d'une notice conforme \u00e0 la norme CE<\/h2>\t\t\t\t<\/div>\n\t\t\t\t<\/div>\n\t\t\t\t<div class=\"elementor-element elementor-element-486922d elementor-widget elementor-widget-text-editor\" data-id=\"486922d\" data-element_type=\"widget\" data-widget_type=\"text-editor.default\">\n\t\t\t\t<div class=\"elementor-widget-container\">\n\t\t\t\t\t\t\t\t\t<div class=\"flex flex-grow flex-col max-w-full\">\n<div class=\"min-h-[20px] text-message flex flex-col items-start gap-3 whitespace-pre-wrap break-words [.text-message+&amp;]:mt-5 overflow-x-auto\" data-message-author-role=\"assistant\" data-message-id=\"40e6978b-ee06-416f-980f-42dd6e24ce3d\">\n<div class=\"result-streaming markdown prose w-full break-words dark:prose-invert dark\">\n<p>La planification, la conception et l&rsquo;optimisation des manuels d&rsquo;utilisation des appareils, des machines et des installations n\u00e9cessitent une approche efficace et ax\u00e9e sur la qualit\u00e9 afin de garantir que les utilisateurs re\u00e7oivent les informations n\u00e9cessaires de mani\u00e8re claire, compr\u00e9hensible et pr\u00e9cise.<\/p>\n<\/div>\n<\/div>\n<\/div>\n\t\t\t\t\t\t\t\t<\/div>\n\t\t\t\t<\/div>\n\t\t\t\t<div class=\"elementor-element elementor-element-2fbe8f1 elementor-widget elementor-widget-text-editor\" data-id=\"2fbe8f1\" data-element_type=\"widget\" data-widget_type=\"text-editor.default\">\n\t\t\t\t<div class=\"elementor-widget-container\">\n\t\t\t\t\t\t\t\t\t<p>Le s\u00e9minaire est organis\u00e9 en coop\u00e9ration avec le T\u00dcV Rheinland. Pour plus d&rsquo;informations sur le contenu, toutes les dates et l&rsquo;inscription, cliquez ici :<\/p>\n<p><a href=\"https:\/\/akademie.tuv.com\/weiterbildungen\/seminar-betriebsanleitungen-erstellen-einer-ce-konformen-anleitung-547820\" target=\"_blank\" rel=\"noopener\">S\u00e9minaire Manuels d&rsquo;utilisation &#8211; Cr\u00e9er un manuel conforme \u00e0 la norme CE<\/a><\/p>\n\t\t\t\t\t\t\t\t<\/div>\n\t\t\t\t<\/div>\n\t\t\t\t<div class=\"elementor-element elementor-element-7fb81b4 elementor-widget elementor-widget-image\" data-id=\"7fb81b4\" data-element_type=\"widget\" data-widget_type=\"image.default\">\n\t\t\t\t<div class=\"elementor-widget-container\">\n\t\t\t\t\t\t\t\t\t\t\t\t\t\t\t\t<a href=\"https:\/\/akademie.tuv.com\/weiterbildungen\/seminar-betriebsanleitungen-erstellen-einer-ce-konformen-anleitung-547820\" target=\"_blank\">\n\t\t\t\t\t\t\t<img decoding=\"async\" width=\"293\" height=\"76\" src=\"https:\/\/hahn-consulting.de\/wp-content\/uploads\/Tuev.png\" class=\"attachment-large size-large wp-image-2322\" alt=\"\" \/>\t\t\t\t\t\t\t\t<\/a>\n\t\t\t\t\t\t\t\t\t\t\t\t\t\t\t<\/div>\n\t\t\t\t<\/div>\n\t\t\t\t<div class=\"elementor-element elementor-element-c34bd5f elementor-widget elementor-widget-text-editor\" data-id=\"c34bd5f\" data-element_type=\"widget\" data-widget_type=\"text-editor.default\">\n\t\t\t\t<div class=\"elementor-widget-container\">\n\t\t\t\t\t\t\t\t\t<p>Je me tiens \u00e0 votre disposition pour r\u00e9pondre \u00e0 vos questions.<\/p>\n<p>J\u00fcrgen H. Hahn (responsable du s\u00e9minaire)<\/p>\n\t\t\t\t\t\t\t\t<\/div>\n\t\t\t\t<\/div>\n\t\t\t\t<\/div>\n\t\t\t\t\t<\/div>\n\t\t\t\t<\/div>\n\t\t\t\t<\/div>\n\t\t","protected":false},"excerpt":{"rendered":"<p>\/\/ Cr\u00e9ation d&rsquo;une notice conforme \u00e0 la norme CE S\u00e9minaires \/\/ Planification et conception efficaces &#8230; d&rsquo;une notice conforme \u00e0 la norme CE La planification, la conception et l&rsquo;optimisation des manuels d&rsquo;utilisation des appareils, des machines et des installations n\u00e9cessitent une approche efficace et ax\u00e9e sur la qualit\u00e9 afin de garantir que les utilisateurs re\u00e7oivent [&hellip;]<\/p>\n","protected":false},"author":2,"featured_media":0,"parent":2476,"menu_order":0,"comment_status":"closed","ping_status":"closed","template":"","meta":{"footnotes":""},"class_list":["post-2484","page","type-page","status-publish","hentry"],"yoast_head":"<!-- This site is optimized with the Yoast SEO plugin v26.6 - https:\/\/yoast.com\/wordpress\/plugins\/seo\/ -->\n<title>Cr\u00e9ation d&#039;un manuel conforme \u00e0 la norme CE S\u00e9minaire - Hahn Consulting<\/title>\n<meta name=\"description\" content=\"Cr\u00e9ation d&#039;une notice conforme aux normes CE - S\u00e9minaire : Planification, conception et optimisation efficaces des notices d&#039;instructions\" \/>\n<meta name=\"robots\" content=\"index, follow, max-snippet:-1, max-image-preview:large, max-video-preview:-1\" \/>\n<link rel=\"canonical\" href=\"https:\/\/hahn-consulting.de\/fr\/seminaires\/creation-dun-guide-conforme-a-la-norme-ce\/\" \/>\n<meta property=\"og:locale\" content=\"fr_FR\" \/>\n<meta property=\"og:type\" content=\"article\" \/>\n<meta property=\"og:title\" content=\"Cr\u00e9ation d&#039;un manuel conforme \u00e0 la norme CE S\u00e9minaire - Hahn Consulting\" \/>\n<meta property=\"og:description\" content=\"Cr\u00e9ation d&#039;une notice conforme aux normes CE - S\u00e9minaire : Planification, conception et optimisation efficaces des notices d&#039;instructions\" \/>\n<meta property=\"og:url\" content=\"https:\/\/hahn-consulting.de\/fr\/seminaires\/creation-dun-guide-conforme-a-la-norme-ce\/\" \/>\n<meta property=\"og:site_name\" content=\"Hahn Consulting\" \/>\n<meta property=\"article:modified_time\" content=\"2024-09-26T15:29:13+00:00\" \/>\n<meta property=\"og:image\" content=\"http:\/\/hahn-consulting.de\/wp-content\/uploads\/Tuev.png\" \/>\n<meta name=\"twitter:card\" content=\"summary_large_image\" \/>\n<meta name=\"twitter:label1\" content=\"Dur\u00e9e de lecture estim\u00e9e\" \/>\n\t<meta name=\"twitter:data1\" content=\"1 minute\" \/>\n<script type=\"application\/ld+json\" class=\"yoast-schema-graph\">{\"@context\":\"https:\/\/schema.org\",\"@graph\":[{\"@type\":\"WebPage\",\"@id\":\"https:\/\/hahn-consulting.de\/fr\/seminaires\/creation-dun-guide-conforme-a-la-norme-ce\/\",\"url\":\"https:\/\/hahn-consulting.de\/fr\/seminaires\/creation-dun-guide-conforme-a-la-norme-ce\/\",\"name\":\"Cr\u00e9ation d'un manuel conforme \u00e0 la norme CE S\u00e9minaire - Hahn Consulting\",\"isPartOf\":{\"@id\":\"\/#website\"},\"primaryImageOfPage\":{\"@id\":\"https:\/\/hahn-consulting.de\/fr\/seminaires\/creation-dun-guide-conforme-a-la-norme-ce\/#primaryimage\"},\"image\":{\"@id\":\"https:\/\/hahn-consulting.de\/fr\/seminaires\/creation-dun-guide-conforme-a-la-norme-ce\/#primaryimage\"},\"thumbnailUrl\":\"http:\/\/hahn-consulting.de\/wp-content\/uploads\/Tuev.png\",\"datePublished\":\"2024-02-14T10:32:33+00:00\",\"dateModified\":\"2024-09-26T15:29:13+00:00\",\"description\":\"Cr\u00e9ation d'une notice conforme aux normes CE - S\u00e9minaire : Planification, conception et optimisation efficaces des notices d'instructions\",\"breadcrumb\":{\"@id\":\"https:\/\/hahn-consulting.de\/fr\/seminaires\/creation-dun-guide-conforme-a-la-norme-ce\/#breadcrumb\"},\"inLanguage\":\"fr-FR\",\"potentialAction\":[{\"@type\":\"ReadAction\",\"target\":[\"https:\/\/hahn-consulting.de\/fr\/seminaires\/creation-dun-guide-conforme-a-la-norme-ce\/\"]}]},{\"@type\":\"ImageObject\",\"inLanguage\":\"fr-FR\",\"@id\":\"https:\/\/hahn-consulting.de\/fr\/seminaires\/creation-dun-guide-conforme-a-la-norme-ce\/#primaryimage\",\"url\":\"http:\/\/hahn-consulting.de\/wp-content\/uploads\/Tuev.png\",\"contentUrl\":\"http:\/\/hahn-consulting.de\/wp-content\/uploads\/Tuev.png\"},{\"@type\":\"BreadcrumbList\",\"@id\":\"https:\/\/hahn-consulting.de\/fr\/seminaires\/creation-dun-guide-conforme-a-la-norme-ce\/#breadcrumb\",\"itemListElement\":[{\"@type\":\"ListItem\",\"position\":1,\"name\":\"Startseite\",\"item\":\"https:\/\/hahn-consulting.de\/fr\/page-daccueil\/\"},{\"@type\":\"ListItem\",\"position\":2,\"name\":\"S\u00e9minaires\",\"item\":\"https:\/\/hahn-consulting.de\/fr\/seminare\/\"},{\"@type\":\"ListItem\",\"position\":3,\"name\":\"Cr\u00e9ation d&#8217;un guide conforme \u00e0 la norme CE\"}]},{\"@type\":\"WebSite\",\"@id\":\"\/#website\",\"url\":\"\/\",\"name\":\"Hahn Consulting\",\"description\":\"\",\"publisher\":{\"@id\":\"\/#organization\"},\"potentialAction\":[{\"@type\":\"SearchAction\",\"target\":{\"@type\":\"EntryPoint\",\"urlTemplate\":\"\/?s={search_term_string}\"},\"query-input\":{\"@type\":\"PropertyValueSpecification\",\"valueRequired\":true,\"valueName\":\"search_term_string\"}}],\"inLanguage\":\"fr-FR\"},{\"@type\":\"Organization\",\"@id\":\"\/#organization\",\"name\":\"Hahn Consulting\",\"url\":\"\/\",\"logo\":{\"@type\":\"ImageObject\",\"inLanguage\":\"fr-FR\",\"@id\":\"\/#\/schema\/logo\/image\/\",\"url\":\"https:\/\/hahn-consulting.de\/wp-content\/uploads\/Logo_Hahn-Consulting_500px.png\",\"contentUrl\":\"https:\/\/hahn-consulting.de\/wp-content\/uploads\/Logo_Hahn-Consulting_500px.png\",\"width\":500,\"height\":147,\"caption\":\"Hahn Consulting\"},\"image\":{\"@id\":\"\/#\/schema\/logo\/image\/\"}}]}<\/script>\n<!-- \/ Yoast SEO plugin. -->","yoast_head_json":{"title":"Cr\u00e9ation d'un manuel conforme \u00e0 la norme CE S\u00e9minaire - Hahn Consulting","description":"Cr\u00e9ation d'une notice conforme aux normes CE - S\u00e9minaire : Planification, conception et optimisation efficaces des notices d'instructions","robots":{"index":"index","follow":"follow","max-snippet":"max-snippet:-1","max-image-preview":"max-image-preview:large","max-video-preview":"max-video-preview:-1"},"canonical":"https:\/\/hahn-consulting.de\/fr\/seminaires\/creation-dun-guide-conforme-a-la-norme-ce\/","og_locale":"fr_FR","og_type":"article","og_title":"Cr\u00e9ation d'un manuel conforme \u00e0 la norme CE S\u00e9minaire - Hahn Consulting","og_description":"Cr\u00e9ation d'une notice conforme aux normes CE - S\u00e9minaire : Planification, conception et optimisation efficaces des notices d'instructions","og_url":"https:\/\/hahn-consulting.de\/fr\/seminaires\/creation-dun-guide-conforme-a-la-norme-ce\/","og_site_name":"Hahn Consulting","article_modified_time":"2024-09-26T15:29:13+00:00","og_image":[{"url":"http:\/\/hahn-consulting.de\/wp-content\/uploads\/Tuev.png","type":"","width":"","height":""}],"twitter_card":"summary_large_image","twitter_misc":{"Dur\u00e9e de lecture estim\u00e9e":"1 minute"},"schema":{"@context":"https:\/\/schema.org","@graph":[{"@type":"WebPage","@id":"https:\/\/hahn-consulting.de\/fr\/seminaires\/creation-dun-guide-conforme-a-la-norme-ce\/","url":"https:\/\/hahn-consulting.de\/fr\/seminaires\/creation-dun-guide-conforme-a-la-norme-ce\/","name":"Cr\u00e9ation d'un manuel conforme \u00e0 la norme CE S\u00e9minaire - Hahn Consulting","isPartOf":{"@id":"\/#website"},"primaryImageOfPage":{"@id":"https:\/\/hahn-consulting.de\/fr\/seminaires\/creation-dun-guide-conforme-a-la-norme-ce\/#primaryimage"},"image":{"@id":"https:\/\/hahn-consulting.de\/fr\/seminaires\/creation-dun-guide-conforme-a-la-norme-ce\/#primaryimage"},"thumbnailUrl":"http:\/\/hahn-consulting.de\/wp-content\/uploads\/Tuev.png","datePublished":"2024-02-14T10:32:33+00:00","dateModified":"2024-09-26T15:29:13+00:00","description":"Cr\u00e9ation d'une notice conforme aux normes CE - S\u00e9minaire : Planification, conception et optimisation efficaces des notices d'instructions","breadcrumb":{"@id":"https:\/\/hahn-consulting.de\/fr\/seminaires\/creation-dun-guide-conforme-a-la-norme-ce\/#breadcrumb"},"inLanguage":"fr-FR","potentialAction":[{"@type":"ReadAction","target":["https:\/\/hahn-consulting.de\/fr\/seminaires\/creation-dun-guide-conforme-a-la-norme-ce\/"]}]},{"@type":"ImageObject","inLanguage":"fr-FR","@id":"https:\/\/hahn-consulting.de\/fr\/seminaires\/creation-dun-guide-conforme-a-la-norme-ce\/#primaryimage","url":"http:\/\/hahn-consulting.de\/wp-content\/uploads\/Tuev.png","contentUrl":"http:\/\/hahn-consulting.de\/wp-content\/uploads\/Tuev.png"},{"@type":"BreadcrumbList","@id":"https:\/\/hahn-consulting.de\/fr\/seminaires\/creation-dun-guide-conforme-a-la-norme-ce\/#breadcrumb","itemListElement":[{"@type":"ListItem","position":1,"name":"Startseite","item":"https:\/\/hahn-consulting.de\/fr\/page-daccueil\/"},{"@type":"ListItem","position":2,"name":"S\u00e9minaires","item":"https:\/\/hahn-consulting.de\/fr\/seminare\/"},{"@type":"ListItem","position":3,"name":"Cr\u00e9ation d&#8217;un guide conforme \u00e0 la norme CE"}]},{"@type":"WebSite","@id":"\/#website","url":"\/","name":"Hahn Consulting","description":"","publisher":{"@id":"\/#organization"},"potentialAction":[{"@type":"SearchAction","target":{"@type":"EntryPoint","urlTemplate":"\/?s={search_term_string}"},"query-input":{"@type":"PropertyValueSpecification","valueRequired":true,"valueName":"search_term_string"}}],"inLanguage":"fr-FR"},{"@type":"Organization","@id":"\/#organization","name":"Hahn Consulting","url":"\/","logo":{"@type":"ImageObject","inLanguage":"fr-FR","@id":"\/#\/schema\/logo\/image\/","url":"https:\/\/hahn-consulting.de\/wp-content\/uploads\/Logo_Hahn-Consulting_500px.png","contentUrl":"https:\/\/hahn-consulting.de\/wp-content\/uploads\/Logo_Hahn-Consulting_500px.png","width":500,"height":147,"caption":"Hahn Consulting"},"image":{"@id":"\/#\/schema\/logo\/image\/"}}]}},"_links":{"self":[{"href":"https:\/\/hahn-consulting.de\/fr\/wp-json\/wp\/v2\/pages\/2484","targetHints":{"allow":["GET"]}}],"collection":[{"href":"https:\/\/hahn-consulting.de\/fr\/wp-json\/wp\/v2\/pages"}],"about":[{"href":"https:\/\/hahn-consulting.de\/fr\/wp-json\/wp\/v2\/types\/page"}],"author":[{"embeddable":true,"href":"https:\/\/hahn-consulting.de\/fr\/wp-json\/wp\/v2\/users\/2"}],"replies":[{"embeddable":true,"href":"https:\/\/hahn-consulting.de\/fr\/wp-json\/wp\/v2\/comments?post=2484"}],"version-history":[{"count":4,"href":"https:\/\/hahn-consulting.de\/fr\/wp-json\/wp\/v2\/pages\/2484\/revisions"}],"predecessor-version":[{"id":3407,"href":"https:\/\/hahn-consulting.de\/fr\/wp-json\/wp\/v2\/pages\/2484\/revisions\/3407"}],"up":[{"embeddable":true,"href":"https:\/\/hahn-consulting.de\/fr\/wp-json\/wp\/v2\/pages\/2476"}],"wp:attachment":[{"href":"https:\/\/hahn-consulting.de\/fr\/wp-json\/wp\/v2\/media?parent=2484"}],"curies":[{"name":"wp","href":"https:\/\/api.w.org\/{rel}","templated":true}]}}