{"id":2460,"date":"2024-02-14T09:14:15","date_gmt":"2024-02-14T08:14:15","guid":{"rendered":"https:\/\/hahn-consulting.de\/contact\/"},"modified":"2025-11-19T17:19:37","modified_gmt":"2025-11-19T16:19:37","slug":"contact","status":"publish","type":"page","link":"https:\/\/hahn-consulting.de\/fr\/contact\/","title":{"rendered":"Contact"},"content":{"rendered":"\t\t<div data-elementor-type=\"wp-page\" data-elementor-id=\"2460\" class=\"elementor elementor-2460 elementor-273\" data-elementor-post-type=\"page\">\n\t\t\t\t<div data-particle_enable=\"false\" data-particle-mobile-disabled=\"false\" class=\"elementor-element elementor-element-52b055c3 e-con-full e-flex e-con e-parent\" data-id=\"52b055c3\" data-element_type=\"container\" data-settings=\"{&quot;background_background&quot;:&quot;classic&quot;}\">\n\t\t<div data-particle_enable=\"false\" data-particle-mobile-disabled=\"false\" class=\"elementor-element elementor-element-7a4d96b7 e-con-full e-flex e-con e-child\" data-id=\"7a4d96b7\" data-element_type=\"container\">\n\t\t\t\t<div class=\"elementor-element elementor-element-2755343 elementor-widget elementor-widget-heading\" data-id=\"2755343\" data-element_type=\"widget\" data-widget_type=\"heading.default\">\n\t\t\t\t<div class=\"elementor-widget-container\">\n\t\t\t\t\t<h2 class=\"elementor-heading-title elementor-size-default\">\/\/ La communication facilit\u00e9e<\/h2>\t\t\t\t<\/div>\n\t\t\t\t<\/div>\n\t\t\t\t<div class=\"elementor-element elementor-element-780853d1 elementor-widget__width-initial elementor-widget elementor-widget-heading\" data-id=\"780853d1\" data-element_type=\"widget\" data-widget_type=\"heading.default\">\n\t\t\t\t<div class=\"elementor-widget-container\">\n\t\t\t\t\t<h1 class=\"elementor-heading-title elementor-size-default\">Contactez-nous<\/h1>\t\t\t\t<\/div>\n\t\t\t\t<\/div>\n\t\t\t\t<\/div>\n\t\t\t\t<\/div>\n\t\t<div data-particle_enable=\"false\" data-particle-mobile-disabled=\"false\" class=\"elementor-element elementor-element-ed1d663 e-flex e-con-boxed e-con e-parent\" data-id=\"ed1d663\" data-element_type=\"container\">\n\t\t\t\t\t<div class=\"e-con-inner\">\n\t\t\t\t<div class=\"elementor-element elementor-element-6a287d8 elementor-widget elementor-widget-menu-anchor\" data-id=\"6a287d8\" data-element_type=\"widget\" data-widget_type=\"menu-anchor.default\">\n\t\t\t\t<div class=\"elementor-widget-container\">\n\t\t\t\t\t\t\t<div class=\"elementor-menu-anchor\" id=\"formulaire\"><\/div>\n\t\t\t\t\t\t<\/div>\n\t\t\t\t<\/div>\n\t\t\t\t\t<\/div>\n\t\t\t\t<\/div>\n\t\t<div data-particle_enable=\"false\" data-particle-mobile-disabled=\"false\" class=\"elementor-element elementor-element-3ee0cda1 e-flex e-con-boxed e-con e-parent\" data-id=\"3ee0cda1\" data-element_type=\"container\">\n\t\t\t\t\t<div class=\"e-con-inner\">\n\t\t<div data-particle_enable=\"false\" data-particle-mobile-disabled=\"false\" class=\"elementor-element elementor-element-3b74c4ce e-con-full e-flex e-con e-child\" data-id=\"3b74c4ce\" data-element_type=\"container\">\n\t\t<div data-particle_enable=\"false\" data-particle-mobile-disabled=\"false\" class=\"elementor-element elementor-element-297c936b e-con-full e-flex e-con e-child\" data-id=\"297c936b\" data-element_type=\"container\">\n\t\t\t\t<div class=\"elementor-element elementor-element-0e5e1ca elementor-widget elementor-widget-heading\" data-id=\"0e5e1ca\" data-element_type=\"widget\" data-widget_type=\"heading.default\">\n\t\t\t\t<div class=\"elementor-widget-container\">\n\t\t\t\t\t<h2 class=\"elementor-heading-title elementor-size-default\">\/\/ Nous nous r\u00e9jouissons de vous accueillir\n<\/h2>\t\t\t\t<\/div>\n\t\t\t\t<\/div>\n\t\t\t\t<div class=\"elementor-element elementor-element-3a729dd7 elementor-widget__width-initial elementor-widget elementor-widget-icon-box\" data-id=\"3a729dd7\" data-element_type=\"widget\" data-widget_type=\"icon-box.default\">\n\t\t\t\t<div class=\"elementor-widget-container\">\n\t\t\t\t\t\t\t<div class=\"elementor-icon-box-wrapper\">\n\n\t\t\t\n\t\t\t\t\t\t<div class=\"elementor-icon-box-content\">\n\n\t\t\t\t\t\t\t\t\t<h2 class=\"elementor-icon-box-title\">\n\t\t\t\t\t\t<span  >\n\t\t\t\t\t\t\tContact\t\t\t\t\t\t<\/span>\n\t\t\t\t\t<\/h2>\n\t\t\t\t\n\t\t\t\t\t\t\t\t\t<p class=\"elementor-icon-box-description\">\n\t\t\t\t\t\tContactez-nous pour obtenir de plus amples informations sur le marquage CE et la conformit\u00e9 des produits. Ensemble, nous trouverons certainement une solution sur mesure pour votre produit et votre entreprise !  \t\t\t\t\t<\/p>\n\t\t\t\t\n\t\t\t<\/div>\n\t\t\t\n\t\t<\/div>\n\t\t\t\t\t\t<\/div>\n\t\t\t\t<\/div>\n\t\t\t\t<div class=\"elementor-element elementor-element-1d389868 elementor-widget elementor-widget-icon-box\" data-id=\"1d389868\" data-element_type=\"widget\" data-widget_type=\"icon-box.default\">\n\t\t\t\t<div class=\"elementor-widget-container\">\n\t\t\t\t\t\t\t<div class=\"elementor-icon-box-wrapper\">\n\n\t\t\t\n\t\t\t\t\t\t<div class=\"elementor-icon-box-content\">\n\n\t\t\t\t\t\t\t\t\t<h3 class=\"elementor-icon-box-title\">\n\t\t\t\t\t\t<span  >\n\t\t\t\t\t\t\tAdresse\t\t\t\t\t\t<\/span>\n\t\t\t\t\t<\/h3>\n\t\t\t\t\n\t\t\t\t\t\t\t\t\t<p class=\"elementor-icon-box-description\">\n\t\t\t\t\t\tHahn Consulting<br>Rosenhag 13 <br>61231 Bad Nauheim<br>Allemagne\t\t\t\t\t<\/p>\n\t\t\t\t\n\t\t\t<\/div>\n\t\t\t\n\t\t<\/div>\n\t\t\t\t\t\t<\/div>\n\t\t\t\t<\/div>\n\t\t\t\t<div class=\"elementor-element elementor-element-163311df elementor-widget elementor-widget-icon-box\" data-id=\"163311df\" data-element_type=\"widget\" data-widget_type=\"icon-box.default\">\n\t\t\t\t<div class=\"elementor-widget-container\">\n\t\t\t\t\t\t\t<div class=\"elementor-icon-box-wrapper\">\n\n\t\t\t\n\t\t\t\t\t\t<div class=\"elementor-icon-box-content\">\n\n\t\t\t\t\t\t\t\t\t<h3 class=\"elementor-icon-box-title\">\n\t\t\t\t\t\t<span  >\n\t\t\t\t\t\t\tT\u00e9l\u00e9phone\t\t\t\t\t\t<\/span>\n\t\t\t\t\t<\/h3>\n\t\t\t\t\n\t\t\t\t\t\t\t\t\t<p class=\"elementor-icon-box-description\">\n\t\t\t\t\t\tT\u00e9l\u00e9phone +49 (0) 6032 507 4400 <br>Mobile +49 (0) 176 725 74077\t\t\t\t\t<\/p>\n\t\t\t\t\n\t\t\t<\/div>\n\t\t\t\n\t\t<\/div>\n\t\t\t\t\t\t<\/div>\n\t\t\t\t<\/div>\n\t\t\t\t<div class=\"elementor-element elementor-element-416b58e3 elementor-widget elementor-widget-icon-box\" data-id=\"416b58e3\" data-element_type=\"widget\" data-widget_type=\"icon-box.default\">\n\t\t\t\t<div class=\"elementor-widget-container\">\n\t\t\t\t\t\t\t<div class=\"elementor-icon-box-wrapper\">\n\n\t\t\t\n\t\t\t\t\t\t<div class=\"elementor-icon-box-content\">\n\n\t\t\t\t\t\t\t\t\t<h3 class=\"elementor-icon-box-title\">\n\t\t\t\t\t\t<span  >\n\t\t\t\t\t\t\tCourrier \u00e9lectronique\t\t\t\t\t\t<\/span>\n\t\t\t\t\t<\/h3>\n\t\t\t\t\n\t\t\t\t\t\t\t\t\t<p class=\"elementor-icon-box-description\">\n\t\t\t\t\t\tinfo@hahn-consulting.de\t\t\t\t\t<\/p>\n\t\t\t\t\n\t\t\t<\/div>\n\t\t\t\n\t\t<\/div>\n\t\t\t\t\t\t<\/div>\n\t\t\t\t<\/div>\n\t\t\t\t<\/div>\n\t\t<div data-particle_enable=\"false\" data-particle-mobile-disabled=\"false\" class=\"elementor-element elementor-element-1caf3f9 e-con-full e-flex e-con e-child\" data-id=\"1caf3f9\" data-element_type=\"container\" data-settings=\"{&quot;background_background&quot;:&quot;gradient&quot;}\">\n\t\t<div data-particle_enable=\"false\" data-particle-mobile-disabled=\"false\" class=\"elementor-element elementor-element-7417874 e-flex e-con-boxed e-con e-child\" data-id=\"7417874\" data-element_type=\"container\">\n\t\t\t\t\t<div class=\"e-con-inner\">\n\t\t\t\t<div class=\"elementor-element elementor-element-c2b2ac8 elementor-widget elementor-widget-heading\" data-id=\"c2b2ac8\" data-element_type=\"widget\" data-widget_type=\"heading.default\">\n\t\t\t\t<div class=\"elementor-widget-container\">\n\t\t\t\t\t<h2 class=\"elementor-heading-title elementor-size-default\">Nous vous aidons !<\/h2>\t\t\t\t<\/div>\n\t\t\t\t<\/div>\n\t\t\t\t<div class=\"elementor-element elementor-element-ad209be elementor-widget elementor-widget-shortcode\" data-id=\"ad209be\" data-element_type=\"widget\" data-widget_type=\"shortcode.default\">\n\t\t\t\t<div class=\"elementor-widget-container\">\n\t\t\t\t\t\t\t<div class=\"elementor-shortcode\"><style id=\"wpforms-css-vars-3242\">\n\t\t\t\t#wpforms-3242 {\n\t\t\t\t--wpforms-field-size-input-height: 43px;\n--wpforms-field-size-input-spacing: 15px;\n--wpforms-field-size-font-size: 16px;\n--wpforms-field-size-line-height: 19px;\n--wpforms-field-size-padding-h: 14px;\n--wpforms-field-size-checkbox-size: 16px;\n--wpforms-field-size-sublabel-spacing: 5px;\n--wpforms-field-size-icon-size: 1;\n--wpforms-label-size-font-size: 16px;\n--wpforms-label-size-line-height: 19px;\n--wpforms-label-size-sublabel-font-size: 14px;\n--wpforms-label-size-sublabel-line-height: 17px;\n--wpforms-button-size-font-size: 17px;\n--wpforms-button-size-height: 41px;\n--wpforms-button-size-padding-h: 15px;\n--wpforms-button-size-margin-top: 10px;\n--wpforms-container-shadow-size-box-shadow: none;\n\t\t\t}\n\t\t\t<\/style><div class=\"wpforms-container wpforms-container-full wpforms-render-modern\" id=\"wpforms-3242\"><form id=\"wpforms-form-3242\" class=\"wpforms-validate wpforms-form wpforms-ajax-form\" data-formid=\"3242\" method=\"post\" enctype=\"multipart\/form-data\" action=\"\/fr\/wp-json\/wp\/v2\/pages\/2460\" data-token=\"26b13c2dc63385fd5d1d220e3ff25609\" data-token-time=\"1776761499\"><noscript class=\"wpforms-error-noscript\">Veuillez activer JavaScript dans votre navigateur pour remplir ce formulaire.<\/noscript><div id=\"wpforms-error-noscript\" style=\"display: none;\">Veuillez activer JavaScript dans votre navigateur pour remplir ce formulaire.<\/div><div class=\"wpforms-field-container\"><div id=\"wpforms-3242-field_0-container\" class=\"wpforms-field wpforms-field-name\" data-field-id=\"0\"><fieldset><legend class=\"wpforms-field-label\">Nom <span class=\"wpforms-required-label\" aria-hidden=\"true\">*<\/span><\/legend><div class=\"wpforms-field-row wpforms-field-medium\"><div class=\"wpforms-field-row-block wpforms-first wpforms-one-half\"><input type=\"text\" id=\"wpforms-3242-field_0\" class=\"wpforms-field-name-first wpforms-field-required\" name=\"wpforms[fields][0][first]\" aria-errormessage=\"wpforms-3242-field_0-error\" required><label for=\"wpforms-3242-field_0\" class=\"wpforms-field-sublabel after\">Pr\u00e9nom<\/label><\/div><div class=\"wpforms-field-row-block wpforms-one-half\"><input type=\"text\" id=\"wpforms-3242-field_0-last\" class=\"wpforms-field-name-last wpforms-field-required\" name=\"wpforms[fields][0][last]\" aria-errormessage=\"wpforms-3242-field_0-last-error\" required><label for=\"wpforms-3242-field_0-last\" class=\"wpforms-field-sublabel after\">Nom de famille<\/label><\/div><\/div><\/fieldset><\/div><div id=\"wpforms-3242-field_1-container\" class=\"wpforms-field wpforms-field-email\" data-field-id=\"1\"><label class=\"wpforms-field-label\" for=\"wpforms-3242-field_1\">Adresse \u00e9lectronique <span class=\"wpforms-required-label\" aria-hidden=\"true\">*<\/span><\/label><input type=\"email\" id=\"wpforms-3242-field_1\" class=\"wpforms-field-medium wpforms-field-required\" name=\"wpforms[fields][1]\" spellcheck=\"false\" aria-errormessage=\"wpforms-3242-field_1-error\" required><\/div><div id=\"wpforms-3242-field_2-container\" class=\"wpforms-field wpforms-field-textarea\" data-field-id=\"2\"><label class=\"wpforms-field-label\" for=\"wpforms-3242-field_2\">Votre message<\/label><textarea id=\"wpforms-3242-field_2\" class=\"wpforms-field-medium\" name=\"wpforms[fields][2]\" aria-errormessage=\"wpforms-3242-field_2-error\" ><\/textarea><\/div><div id=\"wpforms-3242-field_3-container\" class=\"wpforms-field wpforms-field-checkbox\" data-field-id=\"3\"><fieldset><legend class=\"wpforms-field-label\">Protection des donn\u00e9es<\/legend><ul id=\"wpforms-3242-field_3\"><li class=\"choice-1 depth-1\"><input type=\"checkbox\" id=\"wpforms-3242-field_3_1\" name=\"wpforms[fields][3][]\" value=\"J&#039;accepte que Hahn Consulting conserve mes donn\u00e9es et les utilise dans le but de r\u00e9pondre \u00e0 ma demande ou de me contacter. J&#039;accepte les dispositions relatives \u00e0 la protection des donn\u00e9es. Je peux r\u00e9voquer mon consentement \u00e0 tout moment avec effet pour l&#039;avenir.  &lt;a target=&quot;_blank&quot; href=&quot;https:\/\/hahn-consulting.de\/fr\/declaration-de-confidentialite\/&quot;&gt;Politique de confidentialit\u00e9&lt;\/a&gt;\" aria-errormessage=\"wpforms-3242-field_3_1-error\"  ><label class=\"wpforms-field-label-inline\" for=\"wpforms-3242-field_3_1\">J'accepte que Hahn Consulting conserve mes donn\u00e9es et les utilise dans le but de r\u00e9pondre \u00e0 ma demande ou de me contacter. J'accepte les dispositions relatives \u00e0 la protection des donn\u00e9es. Je peux r\u00e9voquer mon consentement \u00e0 tout moment avec effet pour l'avenir.  <a target=\"_blank\" href=\"https:\/\/hahn-consulting.de\/fr\/declaration-de-confidentialite\/\">Politique de confidentialit\u00e9<\/a><\/label><\/li><\/ul><\/fieldset><\/div><\/div><!-- .wpforms-field-container --><div class=\"wpforms-submit-container\" ><input type=\"hidden\" name=\"wpforms[id]\" value=\"3242\"><input type=\"hidden\" name=\"page_title\" value=\"\"><input type=\"hidden\" name=\"page_url\" value=\"https:\/\/hahn-consulting.de\/fr\/wp-json\/wp\/v2\/pages\/2460\"><input type=\"hidden\" name=\"url_referer\" value=\"\"><button type=\"submit\" name=\"wpforms[submit]\" id=\"wpforms-submit-3242\" class=\"wpforms-submit\" data-alt-text=\"En cours d&#039;envoi ...\" data-submit-text=\"Envoyer\" aria-live=\"assertive\" value=\"wpforms-submit\">Envoyer<\/button><img decoding=\"async\" src=\"https:\/\/hahn-consulting.de\/wp-content\/plugins\/wpforms\/assets\/images\/submit-spin.svg\" class=\"wpforms-submit-spinner\" style=\"display: none;\" width=\"26\" height=\"26\" alt=\"Chargement en cours\"><\/div><\/form><\/div>  <!-- .wpforms-container --><\/div>\n\t\t\t\t\t\t<\/div>\n\t\t\t\t<\/div>\n\t\t\t\t\t<\/div>\n\t\t\t\t<\/div>\n\t\t\t\t<\/div>\n\t\t\t\t<\/div>\n\t\t\t\t\t<\/div>\n\t\t\t\t<\/div>\n\t\t<div data-particle_enable=\"false\" data-particle-mobile-disabled=\"false\" class=\"elementor-element elementor-element-2e87e21e e-con-full e-flex e-con e-parent\" data-id=\"2e87e21e\" data-element_type=\"container\">\n\t\t\t\t<div class=\"elementor-element elementor-element-11a90c49 elementor-widget elementor-widget-google_maps\" data-id=\"11a90c49\" data-element_type=\"widget\" data-widget_type=\"google_maps.default\">\n\t\t\t\t<div class=\"elementor-widget-container\">\n\t\t\t\t\t\t\t<div class=\"elementor-custom-embed\">\n\t\t\t<iframe loading=\"lazy\"\n\t\t\t\t\tsrc=\"https:\/\/maps.google.com\/maps?q=Hahn%20Consulting%2C%20Rosenhag%2013%2C%20%2061231%20Bad%20Nauheim&#038;t=m&#038;z=13&#038;output=embed&#038;iwloc=near\"\n\t\t\t\t\ttitle=\"Hahn Consulting, Rosenhag 13,  61231 Bad Nauheim\"\n\t\t\t\t\taria-label=\"Hahn Consulting, Rosenhag 13,  61231 Bad Nauheim\"\n\t\t\t><\/iframe>\n\t\t<\/div>\n\t\t\t\t\t\t<\/div>\n\t\t\t\t<\/div>\n\t\t\t\t<\/div>\n\t\t\t\t<\/div>\n\t\t","protected":false},"excerpt":{"rendered":"<p>\/\/ La communication facilit\u00e9e Contactez-nous \/\/ Nous nous r\u00e9jouissons de vous accueillir Contact Contactez-nous pour obtenir de plus amples informations sur le marquage CE et la conformit\u00e9 des produits. Ensemble, nous trouverons certainement une solution sur mesure pour votre produit et votre entreprise ! Adresse Hahn ConsultingRosenhag 13 61231 Bad NauheimAllemagne T\u00e9l\u00e9phone T\u00e9l\u00e9phone +49 (0) [&hellip;]<\/p>\n","protected":false},"author":2,"featured_media":0,"parent":0,"menu_order":0,"comment_status":"closed","ping_status":"closed","template":"","meta":{"footnotes":""},"class_list":["post-2460","page","type-page","status-publish","hentry"],"yoast_head":"<!-- This site is optimized with the Yoast SEO plugin v26.6 - https:\/\/yoast.com\/wordpress\/plugins\/seo\/ -->\n<title>Contact - Hahn Consulting<\/title>\n<meta name=\"robots\" content=\"index, follow, max-snippet:-1, max-image-preview:large, max-video-preview:-1\" \/>\n<link rel=\"canonical\" href=\"https:\/\/hahn-consulting.de\/fr\/contact\/\" \/>\n<meta property=\"og:locale\" content=\"fr_FR\" \/>\n<meta property=\"og:type\" content=\"article\" \/>\n<meta property=\"og:title\" content=\"Contact - Hahn Consulting\" \/>\n<meta property=\"og:description\" content=\"\/\/ La communication facilit\u00e9e Contactez-nous \/\/ Nous nous r\u00e9jouissons de vous accueillir Contact Contactez-nous pour obtenir de plus amples informations sur le marquage CE et la conformit\u00e9 des produits. Ensemble, nous trouverons certainement une solution sur mesure pour votre produit et votre entreprise ! Adresse Hahn ConsultingRosenhag 13 61231 Bad NauheimAllemagne T\u00e9l\u00e9phone T\u00e9l\u00e9phone +49 (0) [&hellip;]\" \/>\n<meta property=\"og:url\" content=\"https:\/\/hahn-consulting.de\/fr\/contact\/\" \/>\n<meta property=\"og:site_name\" content=\"Hahn Consulting\" \/>\n<meta property=\"article:modified_time\" content=\"2025-11-19T16:19:37+00:00\" \/>\n<meta name=\"twitter:card\" content=\"summary_large_image\" \/>\n<script type=\"application\/ld+json\" class=\"yoast-schema-graph\">{\"@context\":\"https:\/\/schema.org\",\"@graph\":[{\"@type\":\"WebPage\",\"@id\":\"https:\/\/hahn-consulting.de\/fr\/contact\/\",\"url\":\"https:\/\/hahn-consulting.de\/fr\/contact\/\",\"name\":\"Contact - Hahn Consulting\",\"isPartOf\":{\"@id\":\"\/#website\"},\"datePublished\":\"2024-02-14T08:14:15+00:00\",\"dateModified\":\"2025-11-19T16:19:37+00:00\",\"breadcrumb\":{\"@id\":\"https:\/\/hahn-consulting.de\/fr\/contact\/#breadcrumb\"},\"inLanguage\":\"fr-FR\",\"potentialAction\":[{\"@type\":\"ReadAction\",\"target\":[\"https:\/\/hahn-consulting.de\/fr\/contact\/\"]}]},{\"@type\":\"BreadcrumbList\",\"@id\":\"https:\/\/hahn-consulting.de\/fr\/contact\/#breadcrumb\",\"itemListElement\":[{\"@type\":\"ListItem\",\"position\":1,\"name\":\"Startseite\",\"item\":\"https:\/\/hahn-consulting.de\/fr\/page-daccueil\/\"},{\"@type\":\"ListItem\",\"position\":2,\"name\":\"Contact\"}]},{\"@type\":\"WebSite\",\"@id\":\"\/#website\",\"url\":\"\/\",\"name\":\"Hahn Consulting\",\"description\":\"\",\"publisher\":{\"@id\":\"\/#organization\"},\"potentialAction\":[{\"@type\":\"SearchAction\",\"target\":{\"@type\":\"EntryPoint\",\"urlTemplate\":\"\/?s={search_term_string}\"},\"query-input\":{\"@type\":\"PropertyValueSpecification\",\"valueRequired\":true,\"valueName\":\"search_term_string\"}}],\"inLanguage\":\"fr-FR\"},{\"@type\":\"Organization\",\"@id\":\"\/#organization\",\"name\":\"Hahn Consulting\",\"url\":\"\/\",\"logo\":{\"@type\":\"ImageObject\",\"inLanguage\":\"fr-FR\",\"@id\":\"\/#\/schema\/logo\/image\/\",\"url\":\"https:\/\/hahn-consulting.de\/wp-content\/uploads\/Logo_Hahn-Consulting_500px.png\",\"contentUrl\":\"https:\/\/hahn-consulting.de\/wp-content\/uploads\/Logo_Hahn-Consulting_500px.png\",\"width\":500,\"height\":147,\"caption\":\"Hahn Consulting\"},\"image\":{\"@id\":\"\/#\/schema\/logo\/image\/\"}}]}<\/script>\n<!-- \/ Yoast SEO plugin. -->","yoast_head_json":{"title":"Contact - Hahn Consulting","robots":{"index":"index","follow":"follow","max-snippet":"max-snippet:-1","max-image-preview":"max-image-preview:large","max-video-preview":"max-video-preview:-1"},"canonical":"https:\/\/hahn-consulting.de\/fr\/contact\/","og_locale":"fr_FR","og_type":"article","og_title":"Contact - Hahn Consulting","og_description":"\/\/ La communication facilit\u00e9e Contactez-nous \/\/ Nous nous r\u00e9jouissons de vous accueillir Contact Contactez-nous pour obtenir de plus amples informations sur le marquage CE et la conformit\u00e9 des produits. Ensemble, nous trouverons certainement une solution sur mesure pour votre produit et votre entreprise ! Adresse Hahn ConsultingRosenhag 13 61231 Bad NauheimAllemagne T\u00e9l\u00e9phone T\u00e9l\u00e9phone +49 (0) [&hellip;]","og_url":"https:\/\/hahn-consulting.de\/fr\/contact\/","og_site_name":"Hahn Consulting","article_modified_time":"2025-11-19T16:19:37+00:00","twitter_card":"summary_large_image","schema":{"@context":"https:\/\/schema.org","@graph":[{"@type":"WebPage","@id":"https:\/\/hahn-consulting.de\/fr\/contact\/","url":"https:\/\/hahn-consulting.de\/fr\/contact\/","name":"Contact - Hahn Consulting","isPartOf":{"@id":"\/#website"},"datePublished":"2024-02-14T08:14:15+00:00","dateModified":"2025-11-19T16:19:37+00:00","breadcrumb":{"@id":"https:\/\/hahn-consulting.de\/fr\/contact\/#breadcrumb"},"inLanguage":"fr-FR","potentialAction":[{"@type":"ReadAction","target":["https:\/\/hahn-consulting.de\/fr\/contact\/"]}]},{"@type":"BreadcrumbList","@id":"https:\/\/hahn-consulting.de\/fr\/contact\/#breadcrumb","itemListElement":[{"@type":"ListItem","position":1,"name":"Startseite","item":"https:\/\/hahn-consulting.de\/fr\/page-daccueil\/"},{"@type":"ListItem","position":2,"name":"Contact"}]},{"@type":"WebSite","@id":"\/#website","url":"\/","name":"Hahn Consulting","description":"","publisher":{"@id":"\/#organization"},"potentialAction":[{"@type":"SearchAction","target":{"@type":"EntryPoint","urlTemplate":"\/?s={search_term_string}"},"query-input":{"@type":"PropertyValueSpecification","valueRequired":true,"valueName":"search_term_string"}}],"inLanguage":"fr-FR"},{"@type":"Organization","@id":"\/#organization","name":"Hahn Consulting","url":"\/","logo":{"@type":"ImageObject","inLanguage":"fr-FR","@id":"\/#\/schema\/logo\/image\/","url":"https:\/\/hahn-consulting.de\/wp-content\/uploads\/Logo_Hahn-Consulting_500px.png","contentUrl":"https:\/\/hahn-consulting.de\/wp-content\/uploads\/Logo_Hahn-Consulting_500px.png","width":500,"height":147,"caption":"Hahn Consulting"},"image":{"@id":"\/#\/schema\/logo\/image\/"}}]}},"_links":{"self":[{"href":"https:\/\/hahn-consulting.de\/fr\/wp-json\/wp\/v2\/pages\/2460","targetHints":{"allow":["GET"]}}],"collection":[{"href":"https:\/\/hahn-consulting.de\/fr\/wp-json\/wp\/v2\/pages"}],"about":[{"href":"https:\/\/hahn-consulting.de\/fr\/wp-json\/wp\/v2\/types\/page"}],"author":[{"embeddable":true,"href":"https:\/\/hahn-consulting.de\/fr\/wp-json\/wp\/v2\/users\/2"}],"replies":[{"embeddable":true,"href":"https:\/\/hahn-consulting.de\/fr\/wp-json\/wp\/v2\/comments?post=2460"}],"version-history":[{"count":10,"href":"https:\/\/hahn-consulting.de\/fr\/wp-json\/wp\/v2\/pages\/2460\/revisions"}],"predecessor-version":[{"id":3887,"href":"https:\/\/hahn-consulting.de\/fr\/wp-json\/wp\/v2\/pages\/2460\/revisions\/3887"}],"wp:attachment":[{"href":"https:\/\/hahn-consulting.de\/fr\/wp-json\/wp\/v2\/media?parent=2460"}],"curies":[{"name":"wp","href":"https:\/\/api.w.org\/{rel}","templated":true}]}}