{"id":2734,"date":"2024-02-14T15:57:39","date_gmt":"2024-02-14T14:57:39","guid":{"rendered":"https:\/\/hahn-consulting.de\/cooperacion\/declaraciones-de-materiales\/"},"modified":"2024-09-26T17:36:45","modified_gmt":"2024-09-26T15:36:45","slug":"declaraciones-de-materiales","status":"publish","type":"page","link":"https:\/\/hahn-consulting.de\/es\/cooperacion\/declaraciones-de-materiales\/","title":{"rendered":"Declaraciones de materiales"},"content":{"rendered":"\t\t<div data-elementor-type=\"wp-page\" data-elementor-id=\"2734\" class=\"elementor elementor-2734 elementor-965\" data-elementor-post-type=\"page\">\n\t\t\t\t<div data-particle_enable=\"false\" data-particle-mobile-disabled=\"false\" class=\"elementor-element elementor-element-52b055c3 e-con-full e-flex e-con e-parent\" data-id=\"52b055c3\" data-element_type=\"container\" data-settings=\"{&quot;background_background&quot;:&quot;classic&quot;}\">\n\t\t<div data-particle_enable=\"false\" data-particle-mobile-disabled=\"false\" class=\"elementor-element elementor-element-7a4d96b7 e-con-full e-flex e-con e-child\" data-id=\"7a4d96b7\" data-element_type=\"container\">\n\t\t\t\t<div class=\"elementor-element elementor-element-2755343 elementor-widget elementor-widget-heading\" data-id=\"2755343\" data-element_type=\"widget\" data-widget_type=\"heading.default\">\n\t\t\t\t<div class=\"elementor-widget-container\">\n\t\t\t\t\t<h2 class=\"elementor-heading-title elementor-size-default\">\/\/ Conformidad con la UE y seguridad de los productos<\/h2>\t\t\t\t<\/div>\n\t\t\t\t<\/div>\n\t\t\t\t<div class=\"elementor-element elementor-element-780853d1 elementor-widget__width-initial elementor-widget elementor-widget-heading\" data-id=\"780853d1\" data-element_type=\"widget\" data-widget_type=\"heading.default\">\n\t\t\t\t<div class=\"elementor-widget-container\">\n\t\t\t\t\t<h1 class=\"elementor-heading-title elementor-size-default\"><br>Material - declaraciones<\/h1>\t\t\t\t<\/div>\n\t\t\t\t<\/div>\n\t\t\t\t<div class=\"elementor-element elementor-element-2bf3eea3 elementor-widget elementor-widget-text-editor\" data-id=\"2bf3eea3\" data-element_type=\"widget\" data-widget_type=\"text-editor.default\">\n\t\t\t\t<div class=\"elementor-widget-container\">\n\t\t\t\t\t\t\t\t\t<p>Necesita apoyo: somos su socio<\/p>\n\t\t\t\t\t\t\t\t<\/div>\n\t\t\t\t<\/div>\n\t\t\t\t<\/div>\n\t\t\t\t<\/div>\n\t\t<div data-particle_enable=\"false\" data-particle-mobile-disabled=\"false\" class=\"elementor-element elementor-element-eaeeffc e-flex e-con-boxed e-con e-parent\" data-id=\"eaeeffc\" data-element_type=\"container\">\n\t\t\t\t\t<div class=\"e-con-inner\">\n\t\t<div data-particle_enable=\"false\" data-particle-mobile-disabled=\"false\" class=\"elementor-element elementor-element-1eaefdc e-con-full e-flex e-con e-child\" data-id=\"1eaefdc\" data-element_type=\"container\">\n\t\t\t\t<div class=\"elementor-element elementor-element-549ca05 elementor-widget elementor-widget-heading\" data-id=\"549ca05\" data-element_type=\"widget\" data-widget_type=\"heading.default\">\n\t\t\t\t<div class=\"elementor-widget-container\">\n\t\t\t\t\t<p class=\"elementor-heading-title elementor-size-default\">\/\/ Nuestra experiencia para su \u00e9xito<\/p>\t\t\t\t<\/div>\n\t\t\t\t<\/div>\n\t\t\t\t<div class=\"elementor-element elementor-element-2787245 elementor-widget elementor-widget-heading\" data-id=\"2787245\" data-element_type=\"widget\" data-widget_type=\"heading.default\">\n\t\t\t\t<div class=\"elementor-widget-container\">\n\t\t\t\t\t<h2 class=\"elementor-heading-title elementor-size-default\">Declaraciones de materiales<\/h2>\t\t\t\t<\/div>\n\t\t\t\t<\/div>\n\t\t\t\t<\/div>\n\t\t\t\t\t<\/div>\n\t\t\t\t<\/div>\n\t\t<div data-particle_enable=\"false\" data-particle-mobile-disabled=\"false\" class=\"elementor-element elementor-element-af87587 e-flex e-con-boxed e-con e-parent\" data-id=\"af87587\" data-element_type=\"container\">\n\t\t\t\t\t<div class=\"e-con-inner\">\n\t\t<div data-particle_enable=\"false\" data-particle-mobile-disabled=\"false\" class=\"elementor-element elementor-element-3947a5b e-con-full e-flex e-con e-child\" data-id=\"3947a5b\" data-element_type=\"container\">\n\t\t\t\t<div class=\"elementor-element elementor-element-8a6f223 elementor-widget elementor-widget-text-editor\" data-id=\"8a6f223\" data-element_type=\"widget\" data-widget_type=\"text-editor.default\">\n\t\t\t\t<div class=\"elementor-widget-container\">\n\t\t\t\t\t\t\t\t\t<p>La declaraci\u00f3n de materiales en relaci\u00f3n con la Declaraci\u00f3n de Conformidad de la UE se refiere a la especificaci\u00f3n de los materiales utilizados en un producto.<\/p>\n<p>Los fabricantes deben facilitar una lista de los materiales que contiene el producto, especialmente si estos materiales pueden contener sustancias potencialmente peligrosas.<\/p>\n\t\t\t\t\t\t\t\t<\/div>\n\t\t\t\t<\/div>\n\t\t\t\t<\/div>\n\t\t<div data-particle_enable=\"false\" data-particle-mobile-disabled=\"false\" class=\"elementor-element elementor-element-7bccef1 e-con-full e-flex e-con e-child\" data-id=\"7bccef1\" data-element_type=\"container\">\n\t\t\t\t<div class=\"elementor-element elementor-element-6de1881 elementor-widget elementor-widget-text-editor\" data-id=\"6de1881\" data-element_type=\"widget\" data-widget_type=\"text-editor.default\">\n\t\t\t\t<div class=\"elementor-widget-container\">\n\t\t\t\t\t\t\t\t\t<p>Esta declaraci\u00f3n contribuye a garantizar que los productos cumplen las directivas de la UE, especialmente en relaci\u00f3n con las restricciones sobre sustancias peligrosas, y permite a los consumidores elegir con conocimiento de causa.<\/p>\n\t\t\t\t\t\t\t\t<\/div>\n\t\t\t\t<\/div>\n\t\t\t\t<\/div>\n\t\t\t\t\t<\/div>\n\t\t\t\t<\/div>\n\t\t<div data-particle_enable=\"false\" data-particle-mobile-disabled=\"false\" class=\"elementor-element elementor-element-3169749 e-flex e-con-boxed e-con e-parent\" data-id=\"3169749\" data-element_type=\"container\" data-settings=\"{&quot;background_background&quot;:&quot;classic&quot;}\">\n\t\t\t\t\t<div class=\"e-con-inner\">\n\t\t\t\t<div class=\"elementor-element elementor-element-06863e4 elementor-widget elementor-widget-heading\" data-id=\"06863e4\" data-element_type=\"widget\" data-widget_type=\"heading.default\">\n\t\t\t\t<div class=\"elementor-widget-container\">\n\t\t\t\t\t<p class=\"elementor-heading-title elementor-size-default\">\/\/ Lista de directrices pertinentes<\/p>\t\t\t\t<\/div>\n\t\t\t\t<\/div>\n\t\t\t\t<div class=\"elementor-element elementor-element-0778dc6 elementor-widget elementor-widget-heading\" data-id=\"0778dc6\" data-element_type=\"widget\" data-widget_type=\"heading.default\">\n\t\t\t\t<div class=\"elementor-widget-container\">\n\t\t\t\t\t<h2 class=\"elementor-heading-title elementor-size-default\">Algunas directivas y reglamentos importantes de la UE sobre productos:<\/h2>\t\t\t\t<\/div>\n\t\t\t\t<\/div>\n\t\t\t\t\t<\/div>\n\t\t\t\t<\/div>\n\t\t<div data-particle_enable=\"false\" data-particle-mobile-disabled=\"false\" class=\"elementor-element elementor-element-16a17da e-flex e-con-boxed e-con e-parent\" data-id=\"16a17da\" data-element_type=\"container\" data-settings=\"{&quot;background_background&quot;:&quot;classic&quot;}\">\n\t\t\t\t\t<div class=\"e-con-inner\">\n\t\t<div data-particle_enable=\"false\" data-particle-mobile-disabled=\"false\" class=\"elementor-element elementor-element-be6a171 e-con-full e-flex e-con e-child\" data-id=\"be6a171\" data-element_type=\"container\" data-settings=\"{&quot;animation&quot;:&quot;none&quot;}\">\n\t\t<div data-particle_enable=\"false\" data-particle-mobile-disabled=\"false\" class=\"elementor-element elementor-element-e850e68 e-con-full e-flex e-con e-child\" data-id=\"e850e68\" data-element_type=\"container\">\n\t\t\t\t<div class=\"elementor-element elementor-element-4a23b83 elementor-widget-divider--view-line elementor-invisible elementor-widget elementor-widget-divider\" data-id=\"4a23b83\" data-element_type=\"widget\" data-settings=\"{&quot;_animation&quot;:&quot;fadeInLeft&quot;}\" data-widget_type=\"divider.default\">\n\t\t\t\t<div class=\"elementor-widget-container\">\n\t\t\t\t\t\t\t<div class=\"elementor-divider\">\n\t\t\t<span class=\"elementor-divider-separator\">\n\t\t\t\t\t\t<\/span>\n\t\t<\/div>\n\t\t\t\t\t\t<\/div>\n\t\t\t\t<\/div>\n\t\t\t\t<div class=\"elementor-element elementor-element-89e6302 elementor-widget elementor-widget-icon-box\" data-id=\"89e6302\" data-element_type=\"widget\" data-widget_type=\"icon-box.default\">\n\t\t\t\t<div class=\"elementor-widget-container\">\n\t\t\t\t\t\t\t<div class=\"elementor-icon-box-wrapper\">\n\n\t\t\t\n\t\t\t\t\t\t<div class=\"elementor-icon-box-content\">\n\n\t\t\t\t\t\t\t\t\t<h3 class=\"elementor-icon-box-title\">\n\t\t\t\t\t\t<span  >\n\t\t\t\t\t\t\tDeclaraci\u00f3n de materiales RoHS\t\t\t\t\t\t<\/span>\n\t\t\t\t\t<\/h3>\n\t\t\t\t\n\t\t\t\t\t\t\t\t\t<p class=\"elementor-icon-box-description\">\n\t\t\t\t\t\tDeclaraci\u00f3n de materiales RoHS (Directiva sobre restricci\u00f3n de sustancias peligrosas): Esta directiva de la UE restringe el uso de determinadas sustancias peligrosas, como plomo, mercurio, cadmio y otras, en aparatos electr\u00f3nicos y el\u00e9ctricos. La declaraci\u00f3n de materiales RoHS exige la especificaci\u00f3n de los materiales y sustancias utilizados para garantizar que los productos est\u00e1n libres de las sustancias prohibidas. En el caso de la RoHS, se utilizan pruebas de laboratorio para comprobar el contenido de determinadas sustancias prohibidas, como el plomo, el mercurio o el cadmio, y garantizar que los productos no superan los l\u00edmites permitidos.\t\t\t\t\t<\/p>\n\t\t\t\t\n\t\t\t<\/div>\n\t\t\t\n\t\t<\/div>\n\t\t\t\t\t\t<\/div>\n\t\t\t\t<\/div>\n\t\t\t\t<\/div>\n\t\t<div data-particle_enable=\"false\" data-particle-mobile-disabled=\"false\" class=\"elementor-element elementor-element-4a0bc29 e-con-full e-flex e-con e-child\" data-id=\"4a0bc29\" data-element_type=\"container\">\n\t\t\t\t<div class=\"elementor-element elementor-element-6f2e474 elementor-widget-divider--view-line elementor-invisible elementor-widget elementor-widget-divider\" data-id=\"6f2e474\" data-element_type=\"widget\" data-settings=\"{&quot;_animation&quot;:&quot;fadeInLeft&quot;}\" data-widget_type=\"divider.default\">\n\t\t\t\t<div class=\"elementor-widget-container\">\n\t\t\t\t\t\t\t<div class=\"elementor-divider\">\n\t\t\t<span class=\"elementor-divider-separator\">\n\t\t\t\t\t\t<\/span>\n\t\t<\/div>\n\t\t\t\t\t\t<\/div>\n\t\t\t\t<\/div>\n\t\t\t\t<div class=\"elementor-element elementor-element-ceb8adf elementor-widget elementor-widget-icon-box\" data-id=\"ceb8adf\" data-element_type=\"widget\" data-widget_type=\"icon-box.default\">\n\t\t\t\t<div class=\"elementor-widget-container\">\n\t\t\t\t\t\t\t<div class=\"elementor-icon-box-wrapper\">\n\n\t\t\t\n\t\t\t\t\t\t<div class=\"elementor-icon-box-content\">\n\n\t\t\t\t\t\t\t\t\t<h3 class=\"elementor-icon-box-title\">\n\t\t\t\t\t\t<span  >\n\t\t\t\t\t\t\tDeclaraci\u00f3n de materiales REACH\t\t\t\t\t\t<\/span>\n\t\t\t\t\t<\/h3>\n\t\t\t\t\n\t\t\t\t\t\t\t\t\t<p class=\"elementor-icon-box-description\">\n\t\t\t\t\t\tREACH (Registro, Evaluaci\u00f3n, Autorizaci\u00f3n y Restricci\u00f3n de Sustancias y Preparados Qu\u00edmicos): REACH regula el registro, la evaluaci\u00f3n, la autorizaci\u00f3n y la restricci\u00f3n de las sustancias qu\u00edmicas en los productos. La declaraci\u00f3n de materiales REACH exige la divulgaci\u00f3n de las sustancias qu\u00edmicas contenidas en los productos para garantizar que su uso es seguro y protege la salud humana y el medio ambiente. En virtud de REACH, se utilizan pruebas de laboratorio para analizar la composici\u00f3n de las sustancias y preparados qu\u00edmicos de los productos, con el fin de garantizar que el uso de estas sustancias cumple las disposiciones y normas de seguridad de la directiva.\t\t\t\t\t<\/p>\n\t\t\t\t\n\t\t\t<\/div>\n\t\t\t\n\t\t<\/div>\n\t\t\t\t\t\t<\/div>\n\t\t\t\t<\/div>\n\t\t\t\t<\/div>\n\t\t\t\t<\/div>\n\t\t\t\t\t<\/div>\n\t\t\t\t<\/div>\n\t\t<div data-particle_enable=\"false\" data-particle-mobile-disabled=\"false\" class=\"elementor-element elementor-element-85a3cf0 e-flex e-con-boxed e-con e-parent\" data-id=\"85a3cf0\" data-element_type=\"container\" data-settings=\"{&quot;background_background&quot;:&quot;classic&quot;}\">\n\t\t\t\t\t<div class=\"e-con-inner\">\n\t\t<div data-particle_enable=\"false\" data-particle-mobile-disabled=\"false\" class=\"elementor-element elementor-element-7dcb537 e-con-full e-flex e-con e-child\" data-id=\"7dcb537\" data-element_type=\"container\" data-settings=\"{&quot;animation&quot;:&quot;none&quot;}\">\n\t\t<div data-particle_enable=\"false\" data-particle-mobile-disabled=\"false\" class=\"elementor-element elementor-element-4aec096 e-con-full e-flex e-con e-child\" data-id=\"4aec096\" data-element_type=\"container\">\n\t\t\t\t<div class=\"elementor-element elementor-element-e420bba elementor-widget-divider--view-line elementor-invisible elementor-widget elementor-widget-divider\" data-id=\"e420bba\" data-element_type=\"widget\" data-settings=\"{&quot;_animation&quot;:&quot;fadeInLeft&quot;}\" data-widget_type=\"divider.default\">\n\t\t\t\t<div class=\"elementor-widget-container\">\n\t\t\t\t\t\t\t<div class=\"elementor-divider\">\n\t\t\t<span class=\"elementor-divider-separator\">\n\t\t\t\t\t\t<\/span>\n\t\t<\/div>\n\t\t\t\t\t\t<\/div>\n\t\t\t\t<\/div>\n\t\t\t\t<div class=\"elementor-element elementor-element-d70a86f elementor-widget elementor-widget-icon-box\" data-id=\"d70a86f\" data-element_type=\"widget\" data-widget_type=\"icon-box.default\">\n\t\t\t\t<div class=\"elementor-widget-container\">\n\t\t\t\t\t\t\t<div class=\"elementor-icon-box-wrapper\">\n\n\t\t\t\n\t\t\t\t\t\t<div class=\"elementor-icon-box-content\">\n\n\t\t\t\t\t\t\t\t\t<h3 class=\"elementor-icon-box-title\">\n\t\t\t\t\t\t<span  >\n\t\t\t\t\t\t\tDeclaraci\u00f3n de materiales RAEE\t\t\t\t\t\t<\/span>\n\t\t\t\t\t<\/h3>\n\t\t\t\t\n\t\t\t\t\t\t\t\t\t<p class=\"elementor-icon-box-description\">\n\t\t\t\t\t\tRAEE (Directiva sobre residuos de aparatos el\u00e9ctricos y electr\u00f3nicos): Esta directiva de la UE se ocupa de la eliminaci\u00f3n de residuos de aparatos el\u00e9ctricos y electr\u00f3nicos. Las declaraciones de materiales en relaci\u00f3n con los RAEE contribuyen a garantizar la correcta eliminaci\u00f3n y reciclado de los aparatos al proporcionar informaci\u00f3n sobre los materiales que contienen para reducir las sustancias peligrosas en los RAEE y facilitar su correcta eliminaci\u00f3n. En el caso de los RAEE, las pruebas de laboratorio permiten identificar los materiales de los aparatos electr\u00f3nicos para facilitar su correcta eliminaci\u00f3n y reciclaje y garantizar que las sustancias peligrosas se manipulan adecuadamente.  \t\t\t\t\t<\/p>\n\t\t\t\t\n\t\t\t<\/div>\n\t\t\t\n\t\t<\/div>\n\t\t\t\t\t\t<\/div>\n\t\t\t\t<\/div>\n\t\t\t\t<\/div>\n\t\t\t\t<\/div>\n\t\t\t\t\t<\/div>\n\t\t\t\t<\/div>\n\t\t<div data-particle_enable=\"false\" data-particle-mobile-disabled=\"false\" class=\"elementor-element elementor-element-66686cd e-flex e-con-boxed e-con e-parent\" data-id=\"66686cd\" data-element_type=\"container\">\n\t\t\t\t\t<div class=\"e-con-inner\">\n\t\t<div data-particle_enable=\"false\" data-particle-mobile-disabled=\"false\" class=\"elementor-element elementor-element-a246ef9 e-con-full e-flex e-con e-child\" data-id=\"a246ef9\" data-element_type=\"container\">\n\t\t\t\t<div class=\"elementor-element elementor-element-f5dae07 elementor-widget elementor-widget-heading\" data-id=\"f5dae07\" data-element_type=\"widget\" data-widget_type=\"heading.default\">\n\t\t\t\t<div class=\"elementor-widget-container\">\n\t\t\t\t\t<p class=\"elementor-heading-title elementor-size-default\">CONCLUSI\u00d3N<\/p>\t\t\t\t<\/div>\n\t\t\t\t<\/div>\n\t\t\t\t<div class=\"elementor-element elementor-element-d09d109 elementor-widget elementor-widget-text-editor\" data-id=\"d09d109\" data-element_type=\"widget\" data-widget_type=\"text-editor.default\">\n\t\t\t\t<div class=\"elementor-widget-container\">\n\t\t\t\t\t\t\t\t\t<p>Es importante se\u00f1alar que \u00e9sta es s\u00f3lo una selecci\u00f3n de las directivas comunitarias pertinentes. Seg\u00fan el tipo de producto, pueden ser aplicables otras directivas y reglamentos espec\u00edficos. Es aconsejable que nos pida consejo si es necesario para asegurarse de que se cumplen todos los requisitos pertinentes.<\/p>\n\t\t\t\t\t\t\t\t<\/div>\n\t\t\t\t<\/div>\n\t\t\t\t<\/div>\n\t\t\t\t\t<\/div>\n\t\t\t\t<\/div>\n\t\t\t\t<\/div>\n\t\t","protected":false},"excerpt":{"rendered":"<p>\/\/ Conformidad con la UE y seguridad de los productos Material &#8211; declaraciones Necesita apoyo: somos su socio \/\/ Nuestra experiencia para su \u00e9xito Declaraciones de materiales La declaraci\u00f3n de materiales en relaci\u00f3n con la Declaraci\u00f3n de Conformidad de la UE se refiere a la especificaci\u00f3n de los materiales utilizados en un producto. Los fabricantes [&hellip;]<\/p>\n","protected":false},"author":2,"featured_media":0,"parent":2549,"menu_order":0,"comment_status":"closed","ping_status":"closed","template":"","meta":{"footnotes":""},"class_list":["post-2734","page","type-page","status-publish","hentry"],"yoast_head":"<!-- This site is optimized with the Yoast SEO plugin v26.6 - https:\/\/yoast.com\/wordpress\/plugins\/seo\/ -->\n<title>Declaraciones de materiales RoHS REACH WEEE Hahn Consulting<\/title>\n<meta name=\"description\" content=\"Declaraciones de materiales RoHS REACH RAEE - te asesoramos y apoyamos en las directivas europeas pertinentes para que cumplas todos los requisitos de la UE\" \/>\n<meta name=\"robots\" content=\"index, follow, max-snippet:-1, max-image-preview:large, max-video-preview:-1\" \/>\n<link rel=\"canonical\" href=\"https:\/\/hahn-consulting.de\/es\/cooperacion\/declaraciones-de-materiales\/\" \/>\n<meta property=\"og:locale\" content=\"es_ES\" \/>\n<meta property=\"og:type\" content=\"article\" \/>\n<meta property=\"og:title\" content=\"Declaraciones de materiales RoHS REACH WEEE Hahn Consulting\" \/>\n<meta property=\"og:description\" content=\"Declaraciones de materiales RoHS REACH RAEE - te asesoramos y apoyamos en las directivas europeas pertinentes para que cumplas todos los requisitos de la UE\" \/>\n<meta property=\"og:url\" content=\"https:\/\/hahn-consulting.de\/es\/cooperacion\/declaraciones-de-materiales\/\" \/>\n<meta property=\"og:site_name\" content=\"Hahn Consulting\" \/>\n<meta property=\"article:modified_time\" content=\"2024-09-26T15:36:45+00:00\" \/>\n<meta name=\"twitter:card\" content=\"summary_large_image\" \/>\n<meta name=\"twitter:label1\" content=\"Tiempo de lectura\" \/>\n\t<meta name=\"twitter:data1\" content=\"3 minutos\" \/>\n<script type=\"application\/ld+json\" class=\"yoast-schema-graph\">{\"@context\":\"https:\/\/schema.org\",\"@graph\":[{\"@type\":\"WebPage\",\"@id\":\"https:\/\/hahn-consulting.de\/es\/cooperacion\/declaraciones-de-materiales\/\",\"url\":\"https:\/\/hahn-consulting.de\/es\/cooperacion\/declaraciones-de-materiales\/\",\"name\":\"Declaraciones de materiales RoHS REACH WEEE Hahn Consulting\",\"isPartOf\":{\"@id\":\"\/#website\"},\"datePublished\":\"2024-02-14T14:57:39+00:00\",\"dateModified\":\"2024-09-26T15:36:45+00:00\",\"description\":\"Declaraciones de materiales RoHS REACH RAEE - te asesoramos y apoyamos en las directivas europeas pertinentes para que cumplas todos los requisitos de la UE\",\"breadcrumb\":{\"@id\":\"https:\/\/hahn-consulting.de\/es\/cooperacion\/declaraciones-de-materiales\/#breadcrumb\"},\"inLanguage\":\"es\",\"potentialAction\":[{\"@type\":\"ReadAction\",\"target\":[\"https:\/\/hahn-consulting.de\/es\/cooperacion\/declaraciones-de-materiales\/\"]}]},{\"@type\":\"BreadcrumbList\",\"@id\":\"https:\/\/hahn-consulting.de\/es\/cooperacion\/declaraciones-de-materiales\/#breadcrumb\",\"itemListElement\":[{\"@type\":\"ListItem\",\"position\":1,\"name\":\"Startseite\",\"item\":\"https:\/\/hahn-consulting.de\/es\/pagina-de-inicio\/\"},{\"@type\":\"ListItem\",\"position\":2,\"name\":\"Cooperaci\u00f3n\",\"item\":\"https:\/\/hahn-consulting.de\/es\/zusammenarbeit\/\"},{\"@type\":\"ListItem\",\"position\":3,\"name\":\"Declaraciones de materiales\"}]},{\"@type\":\"WebSite\",\"@id\":\"\/#website\",\"url\":\"\/\",\"name\":\"Hahn Consulting\",\"description\":\"\",\"publisher\":{\"@id\":\"\/#organization\"},\"potentialAction\":[{\"@type\":\"SearchAction\",\"target\":{\"@type\":\"EntryPoint\",\"urlTemplate\":\"\/?s={search_term_string}\"},\"query-input\":{\"@type\":\"PropertyValueSpecification\",\"valueRequired\":true,\"valueName\":\"search_term_string\"}}],\"inLanguage\":\"es\"},{\"@type\":\"Organization\",\"@id\":\"\/#organization\",\"name\":\"Hahn Consulting\",\"url\":\"\/\",\"logo\":{\"@type\":\"ImageObject\",\"inLanguage\":\"es\",\"@id\":\"\/#\/schema\/logo\/image\/\",\"url\":\"https:\/\/hahn-consulting.de\/wp-content\/uploads\/Logo_Hahn-Consulting_500px.png\",\"contentUrl\":\"https:\/\/hahn-consulting.de\/wp-content\/uploads\/Logo_Hahn-Consulting_500px.png\",\"width\":500,\"height\":147,\"caption\":\"Hahn Consulting\"},\"image\":{\"@id\":\"\/#\/schema\/logo\/image\/\"}}]}<\/script>\n<!-- \/ Yoast SEO plugin. -->","yoast_head_json":{"title":"Declaraciones de materiales RoHS REACH WEEE Hahn Consulting","description":"Declaraciones de materiales RoHS REACH RAEE - te asesoramos y apoyamos en las directivas europeas pertinentes para que cumplas todos los requisitos de la UE","robots":{"index":"index","follow":"follow","max-snippet":"max-snippet:-1","max-image-preview":"max-image-preview:large","max-video-preview":"max-video-preview:-1"},"canonical":"https:\/\/hahn-consulting.de\/es\/cooperacion\/declaraciones-de-materiales\/","og_locale":"es_ES","og_type":"article","og_title":"Declaraciones de materiales RoHS REACH WEEE Hahn Consulting","og_description":"Declaraciones de materiales RoHS REACH RAEE - te asesoramos y apoyamos en las directivas europeas pertinentes para que cumplas todos los requisitos de la UE","og_url":"https:\/\/hahn-consulting.de\/es\/cooperacion\/declaraciones-de-materiales\/","og_site_name":"Hahn Consulting","article_modified_time":"2024-09-26T15:36:45+00:00","twitter_card":"summary_large_image","twitter_misc":{"Tiempo de lectura":"3 minutos"},"schema":{"@context":"https:\/\/schema.org","@graph":[{"@type":"WebPage","@id":"https:\/\/hahn-consulting.de\/es\/cooperacion\/declaraciones-de-materiales\/","url":"https:\/\/hahn-consulting.de\/es\/cooperacion\/declaraciones-de-materiales\/","name":"Declaraciones de materiales RoHS REACH WEEE Hahn Consulting","isPartOf":{"@id":"\/#website"},"datePublished":"2024-02-14T14:57:39+00:00","dateModified":"2024-09-26T15:36:45+00:00","description":"Declaraciones de materiales RoHS REACH RAEE - te asesoramos y apoyamos en las directivas europeas pertinentes para que cumplas todos los requisitos de la UE","breadcrumb":{"@id":"https:\/\/hahn-consulting.de\/es\/cooperacion\/declaraciones-de-materiales\/#breadcrumb"},"inLanguage":"es","potentialAction":[{"@type":"ReadAction","target":["https:\/\/hahn-consulting.de\/es\/cooperacion\/declaraciones-de-materiales\/"]}]},{"@type":"BreadcrumbList","@id":"https:\/\/hahn-consulting.de\/es\/cooperacion\/declaraciones-de-materiales\/#breadcrumb","itemListElement":[{"@type":"ListItem","position":1,"name":"Startseite","item":"https:\/\/hahn-consulting.de\/es\/pagina-de-inicio\/"},{"@type":"ListItem","position":2,"name":"Cooperaci\u00f3n","item":"https:\/\/hahn-consulting.de\/es\/zusammenarbeit\/"},{"@type":"ListItem","position":3,"name":"Declaraciones de materiales"}]},{"@type":"WebSite","@id":"\/#website","url":"\/","name":"Hahn Consulting","description":"","publisher":{"@id":"\/#organization"},"potentialAction":[{"@type":"SearchAction","target":{"@type":"EntryPoint","urlTemplate":"\/?s={search_term_string}"},"query-input":{"@type":"PropertyValueSpecification","valueRequired":true,"valueName":"search_term_string"}}],"inLanguage":"es"},{"@type":"Organization","@id":"\/#organization","name":"Hahn Consulting","url":"\/","logo":{"@type":"ImageObject","inLanguage":"es","@id":"\/#\/schema\/logo\/image\/","url":"https:\/\/hahn-consulting.de\/wp-content\/uploads\/Logo_Hahn-Consulting_500px.png","contentUrl":"https:\/\/hahn-consulting.de\/wp-content\/uploads\/Logo_Hahn-Consulting_500px.png","width":500,"height":147,"caption":"Hahn Consulting"},"image":{"@id":"\/#\/schema\/logo\/image\/"}}]}},"_links":{"self":[{"href":"https:\/\/hahn-consulting.de\/es\/wp-json\/wp\/v2\/pages\/2734","targetHints":{"allow":["GET"]}}],"collection":[{"href":"https:\/\/hahn-consulting.de\/es\/wp-json\/wp\/v2\/pages"}],"about":[{"href":"https:\/\/hahn-consulting.de\/es\/wp-json\/wp\/v2\/types\/page"}],"author":[{"embeddable":true,"href":"https:\/\/hahn-consulting.de\/es\/wp-json\/wp\/v2\/users\/2"}],"replies":[{"embeddable":true,"href":"https:\/\/hahn-consulting.de\/es\/wp-json\/wp\/v2\/comments?post=2734"}],"version-history":[{"count":4,"href":"https:\/\/hahn-consulting.de\/es\/wp-json\/wp\/v2\/pages\/2734\/revisions"}],"predecessor-version":[{"id":3448,"href":"https:\/\/hahn-consulting.de\/es\/wp-json\/wp\/v2\/pages\/2734\/revisions\/3448"}],"up":[{"embeddable":true,"href":"https:\/\/hahn-consulting.de\/es\/wp-json\/wp\/v2\/pages\/2549"}],"wp:attachment":[{"href":"https:\/\/hahn-consulting.de\/es\/wp-json\/wp\/v2\/media?parent=2734"}],"curies":[{"name":"wp","href":"https:\/\/api.w.org\/{rel}","templated":true}]}}