{"id":2690,"date":"2024-02-14T15:33:39","date_gmt":"2024-02-14T14:33:39","guid":{"rendered":"https:\/\/hahn-consulting.de\/cooperacion\/comprobacion-ce-pruebas-de-productos-de-la-ue\/"},"modified":"2024-09-26T17:33:44","modified_gmt":"2024-09-26T15:33:44","slug":"comprobacion-ce-pruebas-de-productos-de-la-ue","status":"publish","type":"page","link":"https:\/\/hahn-consulting.de\/es\/cooperacion\/comprobacion-ce-pruebas-de-productos-de-la-ue\/","title":{"rendered":"Comprobaci\u00f3n CE\/pruebas de productos de la UE"},"content":{"rendered":"\t\t<div data-elementor-type=\"wp-page\" data-elementor-id=\"2690\" class=\"elementor elementor-2690 elementor-934\" data-elementor-post-type=\"page\">\n\t\t\t\t<div data-particle_enable=\"false\" data-particle-mobile-disabled=\"false\" class=\"elementor-element elementor-element-dd91373 e-con-full e-flex e-con e-parent\" data-id=\"dd91373\" data-element_type=\"container\" data-settings=\"{&quot;background_background&quot;:&quot;classic&quot;}\">\n\t\t<div data-particle_enable=\"false\" data-particle-mobile-disabled=\"false\" class=\"elementor-element elementor-element-ed27449 e-con-full e-flex e-con e-child\" data-id=\"ed27449\" data-element_type=\"container\">\n\t\t\t\t<div class=\"elementor-element elementor-element-da4d45d elementor-widget elementor-widget-heading\" data-id=\"da4d45d\" data-element_type=\"widget\" data-widget_type=\"heading.default\">\n\t\t\t\t<div class=\"elementor-widget-container\">\n\t\t\t\t\t<h2 class=\"elementor-heading-title elementor-size-default\">\/\/ Conformidad con la UE y seguridad de los productos<\/h2>\t\t\t\t<\/div>\n\t\t\t\t<\/div>\n\t\t\t\t<div class=\"elementor-element elementor-element-6d0e0cb elementor-widget__width-initial elementor-widget elementor-widget-heading\" data-id=\"6d0e0cb\" data-element_type=\"widget\" data-widget_type=\"heading.default\">\n\t\t\t\t<div class=\"elementor-widget-container\">\n\t\t\t\t\t<h1 class=\"elementor-heading-title elementor-size-default\"><br> CE-Check - Pruebas de productos de la UE<\/h1>\t\t\t\t<\/div>\n\t\t\t\t<\/div>\n\t\t\t\t<div class=\"elementor-element elementor-element-5baf9dd elementor-widget elementor-widget-text-editor\" data-id=\"5baf9dd\" data-element_type=\"widget\" data-widget_type=\"text-editor.default\">\n\t\t\t\t<div class=\"elementor-widget-container\">\n\t\t\t\t\t\t\t\t\t<p>Necesita apoyo: somos su socio<\/p>\n\t\t\t\t\t\t\t\t<\/div>\n\t\t\t\t<\/div>\n\t\t\t\t<\/div>\n\t\t\t\t<\/div>\n\t\t<div data-particle_enable=\"false\" data-particle-mobile-disabled=\"false\" class=\"elementor-element elementor-element-92da1d6 e-flex e-con-boxed e-con e-parent\" data-id=\"92da1d6\" data-element_type=\"container\">\n\t\t\t\t\t<div class=\"e-con-inner\">\n\t\t<div data-particle_enable=\"false\" data-particle-mobile-disabled=\"false\" class=\"elementor-element elementor-element-a353c47 e-con-full e-flex e-con e-child\" data-id=\"a353c47\" data-element_type=\"container\">\n\t\t\t\t<div class=\"elementor-element elementor-element-549ca05 elementor-widget elementor-widget-heading\" data-id=\"549ca05\" data-element_type=\"widget\" data-widget_type=\"heading.default\">\n\t\t\t\t<div class=\"elementor-widget-container\">\n\t\t\t\t\t<p class=\"elementor-heading-title elementor-size-default\">\/\/ Planificaci\u00f3n y dise\u00f1o eficaces<\/p>\t\t\t\t<\/div>\n\t\t\t\t<\/div>\n\t\t\t\t<\/div>\n\t\t<div data-particle_enable=\"false\" data-particle-mobile-disabled=\"false\" class=\"elementor-element elementor-element-369dda3 e-con-full e-flex e-con e-child\" data-id=\"369dda3\" data-element_type=\"container\">\n\t\t\t\t<div class=\"elementor-element elementor-element-2787245 elementor-widget elementor-widget-heading\" data-id=\"2787245\" data-element_type=\"widget\" data-widget_type=\"heading.default\">\n\t\t\t\t<div class=\"elementor-widget-container\">\n\t\t\t\t\t<h2 class=\"elementor-heading-title elementor-size-default\">Verificaci\u00f3n CE<\/h2>\t\t\t\t<\/div>\n\t\t\t\t<\/div>\n\t\t\t\t<\/div>\n\t\t\t\t\t<\/div>\n\t\t\t\t<\/div>\n\t\t<div data-particle_enable=\"false\" data-particle-mobile-disabled=\"false\" class=\"elementor-element elementor-element-576c03d e-flex e-con-boxed e-con e-parent\" data-id=\"576c03d\" data-element_type=\"container\">\n\t\t\t\t\t<div class=\"e-con-inner\">\n\t\t<div data-particle_enable=\"false\" data-particle-mobile-disabled=\"false\" class=\"elementor-element elementor-element-e2a1faf e-con-full e-flex e-con e-child\" data-id=\"e2a1faf\" data-element_type=\"container\">\n\t\t\t\t<div class=\"elementor-element elementor-element-07b539b elementor-widget elementor-widget-text-editor\" data-id=\"07b539b\" data-element_type=\"widget\" data-widget_type=\"text-editor.default\">\n\t\t\t\t<div class=\"elementor-widget-container\">\n\t\t\t\t\t\t\t\t\t<div class=\"flex flex-grow flex-col max-w-full\">\n<div class=\"min-h-[20px] text-message flex flex-col items-start gap-3 whitespace-pre-wrap break-words [.text-message+&amp;]:mt-5 overflow-x-auto\" data-message-author-role=\"assistant\" data-message-id=\"40e6978b-ee06-416f-980f-42dd6e24ce3d\">\n<div class=\"result-streaming markdown prose w-full break-words dark:prose-invert dark\">\n<p>Un control CE es una comprobaci\u00f3n inicial para determinar si un producto o equipo cumple los requisitos para obtener el marcado CE de acuerdo con la normativa de la UE. Este proceso incluye la comprobaci\u00f3n de la conformidad del producto con las directivas pertinentes de la UE, las normas de seguridad y otros requisitos legales. En un paso posterior, recibir\u00e1 informaci\u00f3n detallada sobre la situaci\u00f3n actual de su producto, as\u00ed como una evaluaci\u00f3n de su preparaci\u00f3n para el mercado de la UE y las desviaciones y riesgos asociados.<\/p>\n<\/div>\n<\/div>\n<\/div>\n\t\t\t\t\t\t\t\t<\/div>\n\t\t\t\t<\/div>\n\t\t\t\t<\/div>\n\t\t<div data-particle_enable=\"false\" data-particle-mobile-disabled=\"false\" class=\"elementor-element elementor-element-fe50bed e-con-full e-flex e-con e-child\" data-id=\"fe50bed\" data-element_type=\"container\">\n\t\t\t\t<div class=\"elementor-element elementor-element-08ebd4e elementor-widget elementor-widget-text-editor\" data-id=\"08ebd4e\" data-element_type=\"widget\" data-widget_type=\"text-editor.default\">\n\t\t\t\t<div class=\"elementor-widget-container\">\n\t\t\t\t\t\t\t\t\t<div class=\"flex flex-grow flex-col max-w-full\">\n<div class=\"min-h-[20px] text-message flex flex-col items-start gap-3 whitespace-pre-wrap break-words [.text-message+&amp;]:mt-5 overflow-x-auto\" data-message-author-role=\"assistant\" data-message-id=\"40e6978b-ee06-416f-980f-42dd6e24ce3d\">\n<div class=\"result-streaming markdown prose w-full break-words dark:prose-invert dark\">\n<p>En caso necesario, tambi\u00e9n podemos organizar e iniciar las pruebas de laboratorio necesarias a corto plazo. Los fabricantes, cuasifabricantes, importadores, proveedores de servicios de distribuci\u00f3n, minoristas y representantes autorizados de la UE est\u00e1n obligados a comercializar en el mercado interior europeo \u00fanicamente productos seguros.<\/p>\n<\/div>\n<\/div>\n<\/div>\n\t\t\t\t\t\t\t\t<\/div>\n\t\t\t\t<\/div>\n\t\t\t\t<\/div>\n\t\t\t\t\t<\/div>\n\t\t\t\t<\/div>\n\t\t\t\t<\/div>\n\t\t","protected":false},"excerpt":{"rendered":"<p>\/\/ Conformidad con la UE y seguridad de los productos CE-Check &#8211; Pruebas de productos de la UE Necesita apoyo: somos su socio \/\/ Planificaci\u00f3n y dise\u00f1o eficaces Verificaci\u00f3n CE Un control CE es una comprobaci\u00f3n inicial para determinar si un producto o equipo cumple los requisitos para obtener el marcado CE de acuerdo con [&hellip;]<\/p>\n","protected":false},"author":2,"featured_media":0,"parent":2549,"menu_order":0,"comment_status":"closed","ping_status":"closed","template":"","meta":{"footnotes":""},"class_list":["post-2690","page","type-page","status-publish","hentry"],"yoast_head":"<!-- This site is optimized with the Yoast SEO plugin v26.6 - https:\/\/yoast.com\/wordpress\/plugins\/seo\/ -->\n<title>CE-Check - Hahn Consulting pruebas de productos de la UE<\/title>\n<meta name=\"description\" content=\"Comprobaci\u00f3n CE: Planificaci\u00f3n y dise\u00f1o eficaces - Pruebas de productos de la UE - Conformidad y seguridad de los productos de la UE: Etiquetado CE conforme a la normativa de la UE\" \/>\n<meta name=\"robots\" content=\"index, follow, max-snippet:-1, max-image-preview:large, max-video-preview:-1\" \/>\n<link rel=\"canonical\" href=\"https:\/\/hahn-consulting.de\/es\/cooperacion\/comprobacion-ce-pruebas-de-productos-de-la-ue\/\" \/>\n<meta property=\"og:locale\" content=\"es_ES\" \/>\n<meta property=\"og:type\" content=\"article\" \/>\n<meta property=\"og:title\" content=\"CE-Check - Hahn Consulting pruebas de productos de la UE\" \/>\n<meta property=\"og:description\" content=\"Comprobaci\u00f3n CE: Planificaci\u00f3n y dise\u00f1o eficaces - Pruebas de productos de la UE - Conformidad y seguridad de los productos de la UE: Etiquetado CE conforme a la normativa de la UE\" \/>\n<meta property=\"og:url\" content=\"https:\/\/hahn-consulting.de\/es\/cooperacion\/comprobacion-ce-pruebas-de-productos-de-la-ue\/\" \/>\n<meta property=\"og:site_name\" content=\"Hahn Consulting\" \/>\n<meta property=\"article:modified_time\" content=\"2024-09-26T15:33:44+00:00\" \/>\n<meta name=\"twitter:card\" content=\"summary_large_image\" \/>\n<meta name=\"twitter:label1\" content=\"Tiempo de lectura\" \/>\n\t<meta name=\"twitter:data1\" content=\"1 minuto\" \/>\n<script type=\"application\/ld+json\" class=\"yoast-schema-graph\">{\"@context\":\"https:\/\/schema.org\",\"@graph\":[{\"@type\":\"WebPage\",\"@id\":\"https:\/\/hahn-consulting.de\/es\/cooperacion\/comprobacion-ce-pruebas-de-productos-de-la-ue\/\",\"url\":\"https:\/\/hahn-consulting.de\/es\/cooperacion\/comprobacion-ce-pruebas-de-productos-de-la-ue\/\",\"name\":\"CE-Check - Hahn Consulting pruebas de productos de la UE\",\"isPartOf\":{\"@id\":\"\/#website\"},\"datePublished\":\"2024-02-14T14:33:39+00:00\",\"dateModified\":\"2024-09-26T15:33:44+00:00\",\"description\":\"Comprobaci\u00f3n CE: Planificaci\u00f3n y dise\u00f1o eficaces - Pruebas de productos de la UE - Conformidad y seguridad de los productos de la UE: Etiquetado CE conforme a la normativa de la UE\",\"breadcrumb\":{\"@id\":\"https:\/\/hahn-consulting.de\/es\/cooperacion\/comprobacion-ce-pruebas-de-productos-de-la-ue\/#breadcrumb\"},\"inLanguage\":\"es\",\"potentialAction\":[{\"@type\":\"ReadAction\",\"target\":[\"https:\/\/hahn-consulting.de\/es\/cooperacion\/comprobacion-ce-pruebas-de-productos-de-la-ue\/\"]}]},{\"@type\":\"BreadcrumbList\",\"@id\":\"https:\/\/hahn-consulting.de\/es\/cooperacion\/comprobacion-ce-pruebas-de-productos-de-la-ue\/#breadcrumb\",\"itemListElement\":[{\"@type\":\"ListItem\",\"position\":1,\"name\":\"Startseite\",\"item\":\"https:\/\/hahn-consulting.de\/es\/pagina-de-inicio\/\"},{\"@type\":\"ListItem\",\"position\":2,\"name\":\"Cooperaci\u00f3n\",\"item\":\"https:\/\/hahn-consulting.de\/es\/zusammenarbeit\/\"},{\"@type\":\"ListItem\",\"position\":3,\"name\":\"Comprobaci\u00f3n CE\/pruebas de productos de la UE\"}]},{\"@type\":\"WebSite\",\"@id\":\"\/#website\",\"url\":\"\/\",\"name\":\"Hahn Consulting\",\"description\":\"\",\"publisher\":{\"@id\":\"\/#organization\"},\"potentialAction\":[{\"@type\":\"SearchAction\",\"target\":{\"@type\":\"EntryPoint\",\"urlTemplate\":\"\/?s={search_term_string}\"},\"query-input\":{\"@type\":\"PropertyValueSpecification\",\"valueRequired\":true,\"valueName\":\"search_term_string\"}}],\"inLanguage\":\"es\"},{\"@type\":\"Organization\",\"@id\":\"\/#organization\",\"name\":\"Hahn Consulting\",\"url\":\"\/\",\"logo\":{\"@type\":\"ImageObject\",\"inLanguage\":\"es\",\"@id\":\"\/#\/schema\/logo\/image\/\",\"url\":\"https:\/\/hahn-consulting.de\/wp-content\/uploads\/Logo_Hahn-Consulting_500px.png\",\"contentUrl\":\"https:\/\/hahn-consulting.de\/wp-content\/uploads\/Logo_Hahn-Consulting_500px.png\",\"width\":500,\"height\":147,\"caption\":\"Hahn Consulting\"},\"image\":{\"@id\":\"\/#\/schema\/logo\/image\/\"}}]}<\/script>\n<!-- \/ Yoast SEO plugin. -->","yoast_head_json":{"title":"CE-Check - Hahn Consulting pruebas de productos de la UE","description":"Comprobaci\u00f3n CE: Planificaci\u00f3n y dise\u00f1o eficaces - Pruebas de productos de la UE - Conformidad y seguridad de los productos de la UE: Etiquetado CE conforme a la normativa de la UE","robots":{"index":"index","follow":"follow","max-snippet":"max-snippet:-1","max-image-preview":"max-image-preview:large","max-video-preview":"max-video-preview:-1"},"canonical":"https:\/\/hahn-consulting.de\/es\/cooperacion\/comprobacion-ce-pruebas-de-productos-de-la-ue\/","og_locale":"es_ES","og_type":"article","og_title":"CE-Check - Hahn Consulting pruebas de productos de la UE","og_description":"Comprobaci\u00f3n CE: Planificaci\u00f3n y dise\u00f1o eficaces - Pruebas de productos de la UE - Conformidad y seguridad de los productos de la UE: Etiquetado CE conforme a la normativa de la UE","og_url":"https:\/\/hahn-consulting.de\/es\/cooperacion\/comprobacion-ce-pruebas-de-productos-de-la-ue\/","og_site_name":"Hahn Consulting","article_modified_time":"2024-09-26T15:33:44+00:00","twitter_card":"summary_large_image","twitter_misc":{"Tiempo de lectura":"1 minuto"},"schema":{"@context":"https:\/\/schema.org","@graph":[{"@type":"WebPage","@id":"https:\/\/hahn-consulting.de\/es\/cooperacion\/comprobacion-ce-pruebas-de-productos-de-la-ue\/","url":"https:\/\/hahn-consulting.de\/es\/cooperacion\/comprobacion-ce-pruebas-de-productos-de-la-ue\/","name":"CE-Check - Hahn Consulting pruebas de productos de la UE","isPartOf":{"@id":"\/#website"},"datePublished":"2024-02-14T14:33:39+00:00","dateModified":"2024-09-26T15:33:44+00:00","description":"Comprobaci\u00f3n CE: Planificaci\u00f3n y dise\u00f1o eficaces - Pruebas de productos de la UE - Conformidad y seguridad de los productos de la UE: Etiquetado CE conforme a la normativa de la UE","breadcrumb":{"@id":"https:\/\/hahn-consulting.de\/es\/cooperacion\/comprobacion-ce-pruebas-de-productos-de-la-ue\/#breadcrumb"},"inLanguage":"es","potentialAction":[{"@type":"ReadAction","target":["https:\/\/hahn-consulting.de\/es\/cooperacion\/comprobacion-ce-pruebas-de-productos-de-la-ue\/"]}]},{"@type":"BreadcrumbList","@id":"https:\/\/hahn-consulting.de\/es\/cooperacion\/comprobacion-ce-pruebas-de-productos-de-la-ue\/#breadcrumb","itemListElement":[{"@type":"ListItem","position":1,"name":"Startseite","item":"https:\/\/hahn-consulting.de\/es\/pagina-de-inicio\/"},{"@type":"ListItem","position":2,"name":"Cooperaci\u00f3n","item":"https:\/\/hahn-consulting.de\/es\/zusammenarbeit\/"},{"@type":"ListItem","position":3,"name":"Comprobaci\u00f3n CE\/pruebas de productos de la UE"}]},{"@type":"WebSite","@id":"\/#website","url":"\/","name":"Hahn Consulting","description":"","publisher":{"@id":"\/#organization"},"potentialAction":[{"@type":"SearchAction","target":{"@type":"EntryPoint","urlTemplate":"\/?s={search_term_string}"},"query-input":{"@type":"PropertyValueSpecification","valueRequired":true,"valueName":"search_term_string"}}],"inLanguage":"es"},{"@type":"Organization","@id":"\/#organization","name":"Hahn Consulting","url":"\/","logo":{"@type":"ImageObject","inLanguage":"es","@id":"\/#\/schema\/logo\/image\/","url":"https:\/\/hahn-consulting.de\/wp-content\/uploads\/Logo_Hahn-Consulting_500px.png","contentUrl":"https:\/\/hahn-consulting.de\/wp-content\/uploads\/Logo_Hahn-Consulting_500px.png","width":500,"height":147,"caption":"Hahn Consulting"},"image":{"@id":"\/#\/schema\/logo\/image\/"}}]}},"_links":{"self":[{"href":"https:\/\/hahn-consulting.de\/es\/wp-json\/wp\/v2\/pages\/2690","targetHints":{"allow":["GET"]}}],"collection":[{"href":"https:\/\/hahn-consulting.de\/es\/wp-json\/wp\/v2\/pages"}],"about":[{"href":"https:\/\/hahn-consulting.de\/es\/wp-json\/wp\/v2\/types\/page"}],"author":[{"embeddable":true,"href":"https:\/\/hahn-consulting.de\/es\/wp-json\/wp\/v2\/users\/2"}],"replies":[{"embeddable":true,"href":"https:\/\/hahn-consulting.de\/es\/wp-json\/wp\/v2\/comments?post=2690"}],"version-history":[{"count":4,"href":"https:\/\/hahn-consulting.de\/es\/wp-json\/wp\/v2\/pages\/2690\/revisions"}],"predecessor-version":[{"id":3427,"href":"https:\/\/hahn-consulting.de\/es\/wp-json\/wp\/v2\/pages\/2690\/revisions\/3427"}],"up":[{"embeddable":true,"href":"https:\/\/hahn-consulting.de\/es\/wp-json\/wp\/v2\/pages\/2549"}],"wp:attachment":[{"href":"https:\/\/hahn-consulting.de\/es\/wp-json\/wp\/v2\/media?parent=2690"}],"curies":[{"name":"wp","href":"https:\/\/api.w.org\/{rel}","templated":true}]}}