{"id":2671,"date":"2024-02-14T11:32:33","date_gmt":"2024-02-14T10:32:33","guid":{"rendered":"https:\/\/hahn-consulting.de\/seminarios\/creacion-de-instrucciones-de-conformidad-ce\/"},"modified":"2024-09-26T17:29:13","modified_gmt":"2024-09-26T15:29:13","slug":"creacion-de-instrucciones-de-conformidad-ce","status":"publish","type":"page","link":"https:\/\/hahn-consulting.de\/es\/seminarios\/creacion-de-instrucciones-de-conformidad-ce\/","title":{"rendered":"Creaci\u00f3n de instrucciones de conformidad CE"},"content":{"rendered":"\t\t<div data-elementor-type=\"wp-page\" data-elementor-id=\"2671\" class=\"elementor elementor-2671 elementor-492\" data-elementor-post-type=\"page\">\n\t\t\t\t<div data-particle_enable=\"false\" data-particle-mobile-disabled=\"false\" class=\"elementor-element elementor-element-52b055c3 e-con-full e-flex e-con e-parent\" data-id=\"52b055c3\" data-element_type=\"container\" data-settings=\"{&quot;background_background&quot;:&quot;classic&quot;}\">\n\t\t<div data-particle_enable=\"false\" data-particle-mobile-disabled=\"false\" class=\"elementor-element elementor-element-7a4d96b7 e-con-full e-flex e-con e-child\" data-id=\"7a4d96b7\" data-element_type=\"container\" data-settings=\"{&quot;background_background&quot;:&quot;classic&quot;}\">\n\t\t\t\t<div class=\"elementor-element elementor-element-9801a9a elementor-widget elementor-widget-heading\" data-id=\"9801a9a\" data-element_type=\"widget\" data-widget_type=\"heading.default\">\n\t\t\t\t<div class=\"elementor-widget-container\">\n\t\t\t\t\t<h1 class=\"elementor-heading-title elementor-size-default\">\/\/ Creaci\u00f3n de instrucciones conformes con la CE<\/h1>\t\t\t\t<\/div>\n\t\t\t\t<\/div>\n\t\t\t\t<div class=\"elementor-element elementor-element-780853d1 elementor-widget__width-initial elementor-widget elementor-widget-heading\" data-id=\"780853d1\" data-element_type=\"widget\" data-widget_type=\"heading.default\">\n\t\t\t\t<div class=\"elementor-widget-container\">\n\t\t\t\t\t<h2 class=\"elementor-heading-title elementor-size-default\">Seminarios<\/h2>\t\t\t\t<\/div>\n\t\t\t\t<\/div>\n\t\t\t\t<\/div>\n\t\t\t\t<\/div>\n\t\t<div data-particle_enable=\"false\" data-particle-mobile-disabled=\"false\" class=\"elementor-element elementor-element-92da1d6 e-flex e-con-boxed e-con e-parent\" data-id=\"92da1d6\" data-element_type=\"container\">\n\t\t\t\t\t<div class=\"e-con-inner\">\n\t\t<div data-particle_enable=\"false\" data-particle-mobile-disabled=\"false\" class=\"elementor-element elementor-element-a353c47 e-con-full e-flex e-con e-child\" data-id=\"a353c47\" data-element_type=\"container\">\n\t\t\t\t<div class=\"elementor-element elementor-element-549ca05 elementor-widget elementor-widget-heading\" data-id=\"549ca05\" data-element_type=\"widget\" data-widget_type=\"heading.default\">\n\t\t\t\t<div class=\"elementor-widget-container\">\n\t\t\t\t\t<p class=\"elementor-heading-title elementor-size-default\">\/\/ Planificaci\u00f3n y dise\u00f1o eficaces<\/p>\t\t\t\t<\/div>\n\t\t\t\t<\/div>\n\t\t\t\t<\/div>\n\t\t<div data-particle_enable=\"false\" data-particle-mobile-disabled=\"false\" class=\"elementor-element elementor-element-369dda3 e-con-full e-flex e-con e-child\" data-id=\"369dda3\" data-element_type=\"container\">\n\t\t\t\t<div class=\"elementor-element elementor-element-2787245 elementor-widget elementor-widget-heading\" data-id=\"2787245\" data-element_type=\"widget\" data-widget_type=\"heading.default\">\n\t\t\t\t<div class=\"elementor-widget-container\">\n\t\t\t\t\t<h2 class=\"elementor-heading-title elementor-size-default\">... un manual de conformidad CE<\/h2>\t\t\t\t<\/div>\n\t\t\t\t<\/div>\n\t\t\t\t<div class=\"elementor-element elementor-element-486922d elementor-widget elementor-widget-text-editor\" data-id=\"486922d\" data-element_type=\"widget\" data-widget_type=\"text-editor.default\">\n\t\t\t\t<div class=\"elementor-widget-container\">\n\t\t\t\t\t\t\t\t\t<div class=\"flex flex-grow flex-col max-w-full\">\n<div class=\"min-h-[20px] text-message flex flex-col items-start gap-3 whitespace-pre-wrap break-words [.text-message+&amp;]:mt-5 overflow-x-auto\" data-message-author-role=\"assistant\" data-message-id=\"40e6978b-ee06-416f-980f-42dd6e24ce3d\">\n<div class=\"result-streaming markdown prose w-full break-words dark:prose-invert dark\">\n<p>La planificaci\u00f3n, el dise\u00f1o y la optimizaci\u00f3n de las instrucciones de uso de dispositivos, m\u00e1quinas y sistemas requieren un enfoque eficiente y orientado a la calidad para garantizar que los usuarios reciban la informaci\u00f3n necesaria de forma clara, comprensible y precisa.<\/p>\n<\/div>\n<\/div>\n<\/div>\n\t\t\t\t\t\t\t\t<\/div>\n\t\t\t\t<\/div>\n\t\t\t\t<div class=\"elementor-element elementor-element-2fbe8f1 elementor-widget elementor-widget-text-editor\" data-id=\"2fbe8f1\" data-element_type=\"widget\" data-widget_type=\"text-editor.default\">\n\t\t\t\t<div class=\"elementor-widget-container\">\n\t\t\t\t\t\t\t\t\t<p>El seminario se organiza en colaboraci\u00f3n con T\u00dcV Rheinland. Encontrar\u00e1 m\u00e1s informaci\u00f3n sobre el contenido, todas las fechas y la inscripci\u00f3n aqu\u00ed:<\/p>\n<p><a href=\"https:\/\/akademie.tuv.com\/weiterbildungen\/seminar-betriebsanleitungen-erstellen-einer-ce-konformen-anleitung-547820\" target=\"_blank\" rel=\"noopener\">Seminario Instrucciones de uso &#8211; Creaci\u00f3n de instrucciones conformes a la CE<\/a><\/p>\n\t\t\t\t\t\t\t\t<\/div>\n\t\t\t\t<\/div>\n\t\t\t\t<div class=\"elementor-element elementor-element-7fb81b4 elementor-widget elementor-widget-image\" data-id=\"7fb81b4\" data-element_type=\"widget\" data-widget_type=\"image.default\">\n\t\t\t\t<div class=\"elementor-widget-container\">\n\t\t\t\t\t\t\t\t\t\t\t\t\t\t\t\t<a href=\"https:\/\/akademie.tuv.com\/weiterbildungen\/seminar-betriebsanleitungen-erstellen-einer-ce-konformen-anleitung-547820\" target=\"_blank\">\n\t\t\t\t\t\t\t<img decoding=\"async\" width=\"293\" height=\"76\" src=\"https:\/\/hahn-consulting.de\/wp-content\/uploads\/Tuev.png\" class=\"attachment-large size-large wp-image-2323\" alt=\"\" \/>\t\t\t\t\t\t\t\t<\/a>\n\t\t\t\t\t\t\t\t\t\t\t\t\t\t\t<\/div>\n\t\t\t\t<\/div>\n\t\t\t\t<div class=\"elementor-element elementor-element-c34bd5f elementor-widget elementor-widget-text-editor\" data-id=\"c34bd5f\" data-element_type=\"widget\" data-widget_type=\"text-editor.default\">\n\t\t\t\t<div class=\"elementor-widget-container\">\n\t\t\t\t\t\t\t\t\t<p>Estar\u00e9 encantada de responder a sus preguntas.<\/p>\n<p>J\u00fcrgen H. Hahn (director del seminario)<\/p>\n\t\t\t\t\t\t\t\t<\/div>\n\t\t\t\t<\/div>\n\t\t\t\t<\/div>\n\t\t\t\t\t<\/div>\n\t\t\t\t<\/div>\n\t\t\t\t<\/div>\n\t\t","protected":false},"excerpt":{"rendered":"<p>\/\/ Creaci\u00f3n de instrucciones conformes con la CE Seminarios \/\/ Planificaci\u00f3n y dise\u00f1o eficaces &#8230; un manual de conformidad CE La planificaci\u00f3n, el dise\u00f1o y la optimizaci\u00f3n de las instrucciones de uso de dispositivos, m\u00e1quinas y sistemas requieren un enfoque eficiente y orientado a la calidad para garantizar que los usuarios reciban la informaci\u00f3n necesaria [&hellip;]<\/p>\n","protected":false},"author":2,"featured_media":0,"parent":2490,"menu_order":0,"comment_status":"closed","ping_status":"closed","template":"","meta":{"footnotes":""},"class_list":["post-2671","page","type-page","status-publish","hentry"],"yoast_head":"<!-- This site is optimized with the Yoast SEO plugin v26.6 - https:\/\/yoast.com\/wordpress\/plugins\/seo\/ -->\n<title>Creaci\u00f3n de instrucciones conformes con la CE Hahn Consulting seminario<\/title>\n<meta name=\"description\" content=\"Creaci\u00f3n de instrucciones conformes con la CE - Seminario: Planificaci\u00f3n, dise\u00f1o y optimizaci\u00f3n eficaces de las instrucciones de uso\" \/>\n<meta name=\"robots\" content=\"index, follow, max-snippet:-1, max-image-preview:large, max-video-preview:-1\" \/>\n<link rel=\"canonical\" href=\"https:\/\/hahn-consulting.de\/es\/seminarios\/creacion-de-instrucciones-de-conformidad-ce\/\" \/>\n<meta property=\"og:locale\" content=\"es_ES\" \/>\n<meta property=\"og:type\" content=\"article\" \/>\n<meta property=\"og:title\" content=\"Creaci\u00f3n de instrucciones conformes con la CE Hahn Consulting seminario\" \/>\n<meta property=\"og:description\" content=\"Creaci\u00f3n de instrucciones conformes con la CE - Seminario: Planificaci\u00f3n, dise\u00f1o y optimizaci\u00f3n eficaces de las instrucciones de uso\" \/>\n<meta property=\"og:url\" content=\"https:\/\/hahn-consulting.de\/es\/seminarios\/creacion-de-instrucciones-de-conformidad-ce\/\" \/>\n<meta property=\"og:site_name\" content=\"Hahn Consulting\" \/>\n<meta property=\"article:modified_time\" content=\"2024-09-26T15:29:13+00:00\" \/>\n<meta property=\"og:image\" content=\"http:\/\/hahn-consulting.de\/wp-content\/uploads\/Tuev.png\" \/>\n<meta name=\"twitter:card\" content=\"summary_large_image\" \/>\n<meta name=\"twitter:label1\" content=\"Tiempo de lectura\" \/>\n\t<meta name=\"twitter:data1\" content=\"1 minuto\" \/>\n<script type=\"application\/ld+json\" class=\"yoast-schema-graph\">{\"@context\":\"https:\/\/schema.org\",\"@graph\":[{\"@type\":\"WebPage\",\"@id\":\"https:\/\/hahn-consulting.de\/es\/seminarios\/creacion-de-instrucciones-de-conformidad-ce\/\",\"url\":\"https:\/\/hahn-consulting.de\/es\/seminarios\/creacion-de-instrucciones-de-conformidad-ce\/\",\"name\":\"Creaci\u00f3n de instrucciones conformes con la CE Hahn Consulting seminario\",\"isPartOf\":{\"@id\":\"\/#website\"},\"primaryImageOfPage\":{\"@id\":\"https:\/\/hahn-consulting.de\/es\/seminarios\/creacion-de-instrucciones-de-conformidad-ce\/#primaryimage\"},\"image\":{\"@id\":\"https:\/\/hahn-consulting.de\/es\/seminarios\/creacion-de-instrucciones-de-conformidad-ce\/#primaryimage\"},\"thumbnailUrl\":\"http:\/\/hahn-consulting.de\/wp-content\/uploads\/Tuev.png\",\"datePublished\":\"2024-02-14T10:32:33+00:00\",\"dateModified\":\"2024-09-26T15:29:13+00:00\",\"description\":\"Creaci\u00f3n de instrucciones conformes con la CE - Seminario: Planificaci\u00f3n, dise\u00f1o y optimizaci\u00f3n eficaces de las instrucciones de uso\",\"breadcrumb\":{\"@id\":\"https:\/\/hahn-consulting.de\/es\/seminarios\/creacion-de-instrucciones-de-conformidad-ce\/#breadcrumb\"},\"inLanguage\":\"es\",\"potentialAction\":[{\"@type\":\"ReadAction\",\"target\":[\"https:\/\/hahn-consulting.de\/es\/seminarios\/creacion-de-instrucciones-de-conformidad-ce\/\"]}]},{\"@type\":\"ImageObject\",\"inLanguage\":\"es\",\"@id\":\"https:\/\/hahn-consulting.de\/es\/seminarios\/creacion-de-instrucciones-de-conformidad-ce\/#primaryimage\",\"url\":\"http:\/\/hahn-consulting.de\/wp-content\/uploads\/Tuev.png\",\"contentUrl\":\"http:\/\/hahn-consulting.de\/wp-content\/uploads\/Tuev.png\"},{\"@type\":\"BreadcrumbList\",\"@id\":\"https:\/\/hahn-consulting.de\/es\/seminarios\/creacion-de-instrucciones-de-conformidad-ce\/#breadcrumb\",\"itemListElement\":[{\"@type\":\"ListItem\",\"position\":1,\"name\":\"Startseite\",\"item\":\"https:\/\/hahn-consulting.de\/es\/pagina-de-inicio\/\"},{\"@type\":\"ListItem\",\"position\":2,\"name\":\"Seminarios\",\"item\":\"https:\/\/hahn-consulting.de\/es\/seminare\/\"},{\"@type\":\"ListItem\",\"position\":3,\"name\":\"Creaci\u00f3n de instrucciones de conformidad CE\"}]},{\"@type\":\"WebSite\",\"@id\":\"\/#website\",\"url\":\"\/\",\"name\":\"Hahn Consulting\",\"description\":\"\",\"publisher\":{\"@id\":\"\/#organization\"},\"potentialAction\":[{\"@type\":\"SearchAction\",\"target\":{\"@type\":\"EntryPoint\",\"urlTemplate\":\"\/?s={search_term_string}\"},\"query-input\":{\"@type\":\"PropertyValueSpecification\",\"valueRequired\":true,\"valueName\":\"search_term_string\"}}],\"inLanguage\":\"es\"},{\"@type\":\"Organization\",\"@id\":\"\/#organization\",\"name\":\"Hahn Consulting\",\"url\":\"\/\",\"logo\":{\"@type\":\"ImageObject\",\"inLanguage\":\"es\",\"@id\":\"\/#\/schema\/logo\/image\/\",\"url\":\"https:\/\/hahn-consulting.de\/wp-content\/uploads\/Logo_Hahn-Consulting_500px.png\",\"contentUrl\":\"https:\/\/hahn-consulting.de\/wp-content\/uploads\/Logo_Hahn-Consulting_500px.png\",\"width\":500,\"height\":147,\"caption\":\"Hahn Consulting\"},\"image\":{\"@id\":\"\/#\/schema\/logo\/image\/\"}}]}<\/script>\n<!-- \/ Yoast SEO plugin. -->","yoast_head_json":{"title":"Creaci\u00f3n de instrucciones conformes con la CE Hahn Consulting seminario","description":"Creaci\u00f3n de instrucciones conformes con la CE - Seminario: Planificaci\u00f3n, dise\u00f1o y optimizaci\u00f3n eficaces de las instrucciones de uso","robots":{"index":"index","follow":"follow","max-snippet":"max-snippet:-1","max-image-preview":"max-image-preview:large","max-video-preview":"max-video-preview:-1"},"canonical":"https:\/\/hahn-consulting.de\/es\/seminarios\/creacion-de-instrucciones-de-conformidad-ce\/","og_locale":"es_ES","og_type":"article","og_title":"Creaci\u00f3n de instrucciones conformes con la CE Hahn Consulting seminario","og_description":"Creaci\u00f3n de instrucciones conformes con la CE - Seminario: Planificaci\u00f3n, dise\u00f1o y optimizaci\u00f3n eficaces de las instrucciones de uso","og_url":"https:\/\/hahn-consulting.de\/es\/seminarios\/creacion-de-instrucciones-de-conformidad-ce\/","og_site_name":"Hahn Consulting","article_modified_time":"2024-09-26T15:29:13+00:00","og_image":[{"url":"http:\/\/hahn-consulting.de\/wp-content\/uploads\/Tuev.png","type":"","width":"","height":""}],"twitter_card":"summary_large_image","twitter_misc":{"Tiempo de lectura":"1 minuto"},"schema":{"@context":"https:\/\/schema.org","@graph":[{"@type":"WebPage","@id":"https:\/\/hahn-consulting.de\/es\/seminarios\/creacion-de-instrucciones-de-conformidad-ce\/","url":"https:\/\/hahn-consulting.de\/es\/seminarios\/creacion-de-instrucciones-de-conformidad-ce\/","name":"Creaci\u00f3n de instrucciones conformes con la CE Hahn Consulting seminario","isPartOf":{"@id":"\/#website"},"primaryImageOfPage":{"@id":"https:\/\/hahn-consulting.de\/es\/seminarios\/creacion-de-instrucciones-de-conformidad-ce\/#primaryimage"},"image":{"@id":"https:\/\/hahn-consulting.de\/es\/seminarios\/creacion-de-instrucciones-de-conformidad-ce\/#primaryimage"},"thumbnailUrl":"http:\/\/hahn-consulting.de\/wp-content\/uploads\/Tuev.png","datePublished":"2024-02-14T10:32:33+00:00","dateModified":"2024-09-26T15:29:13+00:00","description":"Creaci\u00f3n de instrucciones conformes con la CE - Seminario: Planificaci\u00f3n, dise\u00f1o y optimizaci\u00f3n eficaces de las instrucciones de uso","breadcrumb":{"@id":"https:\/\/hahn-consulting.de\/es\/seminarios\/creacion-de-instrucciones-de-conformidad-ce\/#breadcrumb"},"inLanguage":"es","potentialAction":[{"@type":"ReadAction","target":["https:\/\/hahn-consulting.de\/es\/seminarios\/creacion-de-instrucciones-de-conformidad-ce\/"]}]},{"@type":"ImageObject","inLanguage":"es","@id":"https:\/\/hahn-consulting.de\/es\/seminarios\/creacion-de-instrucciones-de-conformidad-ce\/#primaryimage","url":"http:\/\/hahn-consulting.de\/wp-content\/uploads\/Tuev.png","contentUrl":"http:\/\/hahn-consulting.de\/wp-content\/uploads\/Tuev.png"},{"@type":"BreadcrumbList","@id":"https:\/\/hahn-consulting.de\/es\/seminarios\/creacion-de-instrucciones-de-conformidad-ce\/#breadcrumb","itemListElement":[{"@type":"ListItem","position":1,"name":"Startseite","item":"https:\/\/hahn-consulting.de\/es\/pagina-de-inicio\/"},{"@type":"ListItem","position":2,"name":"Seminarios","item":"https:\/\/hahn-consulting.de\/es\/seminare\/"},{"@type":"ListItem","position":3,"name":"Creaci\u00f3n de instrucciones de conformidad CE"}]},{"@type":"WebSite","@id":"\/#website","url":"\/","name":"Hahn Consulting","description":"","publisher":{"@id":"\/#organization"},"potentialAction":[{"@type":"SearchAction","target":{"@type":"EntryPoint","urlTemplate":"\/?s={search_term_string}"},"query-input":{"@type":"PropertyValueSpecification","valueRequired":true,"valueName":"search_term_string"}}],"inLanguage":"es"},{"@type":"Organization","@id":"\/#organization","name":"Hahn Consulting","url":"\/","logo":{"@type":"ImageObject","inLanguage":"es","@id":"\/#\/schema\/logo\/image\/","url":"https:\/\/hahn-consulting.de\/wp-content\/uploads\/Logo_Hahn-Consulting_500px.png","contentUrl":"https:\/\/hahn-consulting.de\/wp-content\/uploads\/Logo_Hahn-Consulting_500px.png","width":500,"height":147,"caption":"Hahn Consulting"},"image":{"@id":"\/#\/schema\/logo\/image\/"}}]}},"_links":{"self":[{"href":"https:\/\/hahn-consulting.de\/es\/wp-json\/wp\/v2\/pages\/2671","targetHints":{"allow":["GET"]}}],"collection":[{"href":"https:\/\/hahn-consulting.de\/es\/wp-json\/wp\/v2\/pages"}],"about":[{"href":"https:\/\/hahn-consulting.de\/es\/wp-json\/wp\/v2\/types\/page"}],"author":[{"embeddable":true,"href":"https:\/\/hahn-consulting.de\/es\/wp-json\/wp\/v2\/users\/2"}],"replies":[{"embeddable":true,"href":"https:\/\/hahn-consulting.de\/es\/wp-json\/wp\/v2\/comments?post=2671"}],"version-history":[{"count":4,"href":"https:\/\/hahn-consulting.de\/es\/wp-json\/wp\/v2\/pages\/2671\/revisions"}],"predecessor-version":[{"id":3406,"href":"https:\/\/hahn-consulting.de\/es\/wp-json\/wp\/v2\/pages\/2671\/revisions\/3406"}],"up":[{"embeddable":true,"href":"https:\/\/hahn-consulting.de\/es\/wp-json\/wp\/v2\/pages\/2490"}],"wp:attachment":[{"href":"https:\/\/hahn-consulting.de\/es\/wp-json\/wp\/v2\/media?parent=2671"}],"curies":[{"name":"wp","href":"https:\/\/api.w.org\/{rel}","templated":true}]}}