{"id":2615,"date":"2024-02-14T15:28:38","date_gmt":"2024-02-14T14:28:38","guid":{"rendered":"https:\/\/hahn-consulting.de\/cooperacion\/evaluacion-de-riesgos\/"},"modified":"2024-09-26T17:39:23","modified_gmt":"2024-09-26T15:39:23","slug":"evaluacion-de-riesgos","status":"publish","type":"page","link":"https:\/\/hahn-consulting.de\/es\/cooperacion\/evaluacion-de-riesgos\/","title":{"rendered":"Evaluaci\u00f3n de riesgos"},"content":{"rendered":"\t\t<div data-elementor-type=\"wp-page\" data-elementor-id=\"2615\" class=\"elementor elementor-2615 elementor-916\" data-elementor-post-type=\"page\">\n\t\t\t\t<div data-particle_enable=\"false\" data-particle-mobile-disabled=\"false\" class=\"elementor-element elementor-element-dd91373 e-con-full e-flex e-con e-parent\" data-id=\"dd91373\" data-element_type=\"container\" data-settings=\"{&quot;background_background&quot;:&quot;classic&quot;}\">\n\t\t<div data-particle_enable=\"false\" data-particle-mobile-disabled=\"false\" class=\"elementor-element elementor-element-ed27449 e-con-full e-flex e-con e-child\" data-id=\"ed27449\" data-element_type=\"container\">\n\t\t\t\t<div class=\"elementor-element elementor-element-da4d45d elementor-widget elementor-widget-heading\" data-id=\"da4d45d\" data-element_type=\"widget\" data-widget_type=\"heading.default\">\n\t\t\t\t<div class=\"elementor-widget-container\">\n\t\t\t\t\t<h2 class=\"elementor-heading-title elementor-size-default\">\/\/ Conformidad con la UE y seguridad de los productos<\/h2>\t\t\t\t<\/div>\n\t\t\t\t<\/div>\n\t\t\t\t<div class=\"elementor-element elementor-element-6d0e0cb elementor-widget__width-initial elementor-widget elementor-widget-heading\" data-id=\"6d0e0cb\" data-element_type=\"widget\" data-widget_type=\"heading.default\">\n\t\t\t\t<div class=\"elementor-widget-container\">\n\t\t\t\t\t<h1 class=\"elementor-heading-title elementor-size-default\">Evaluaci\u00f3n de riesgos<\/h1>\t\t\t\t<\/div>\n\t\t\t\t<\/div>\n\t\t\t\t<div class=\"elementor-element elementor-element-5baf9dd elementor-widget elementor-widget-text-editor\" data-id=\"5baf9dd\" data-element_type=\"widget\" data-widget_type=\"text-editor.default\">\n\t\t\t\t<div class=\"elementor-widget-container\">\n\t\t\t\t\t\t\t\t\t<p>Necesita apoyo: somos su socio<\/p>\n\t\t\t\t\t\t\t\t<\/div>\n\t\t\t\t<\/div>\n\t\t\t\t<\/div>\n\t\t\t\t<\/div>\n\t\t<div data-particle_enable=\"false\" data-particle-mobile-disabled=\"false\" class=\"elementor-element elementor-element-92da1d6 e-flex e-con-boxed e-con e-parent\" data-id=\"92da1d6\" data-element_type=\"container\">\n\t\t\t\t\t<div class=\"e-con-inner\">\n\t\t<div data-particle_enable=\"false\" data-particle-mobile-disabled=\"false\" class=\"elementor-element elementor-element-a353c47 e-con-full e-flex e-con e-child\" data-id=\"a353c47\" data-element_type=\"container\">\n\t\t\t\t<div class=\"elementor-element elementor-element-549ca05 elementor-widget elementor-widget-heading\" data-id=\"549ca05\" data-element_type=\"widget\" data-widget_type=\"heading.default\">\n\t\t\t\t<div class=\"elementor-widget-container\">\n\t\t\t\t\t<p class=\"elementor-heading-title elementor-size-default\">\/\/ Planificaci\u00f3n y dise\u00f1o eficaces<\/p>\t\t\t\t<\/div>\n\t\t\t\t<\/div>\n\t\t\t\t<\/div>\n\t\t<div data-particle_enable=\"false\" data-particle-mobile-disabled=\"false\" class=\"elementor-element elementor-element-369dda3 e-con-full e-flex e-con e-child\" data-id=\"369dda3\" data-element_type=\"container\">\n\t\t\t\t<div class=\"elementor-element elementor-element-2787245 elementor-widget elementor-widget-heading\" data-id=\"2787245\" data-element_type=\"widget\" data-widget_type=\"heading.default\">\n\t\t\t\t<div class=\"elementor-widget-container\">\n\t\t\t\t\t<h2 class=\"elementor-heading-title elementor-size-default\">Evaluaci\u00f3n de riesgos<\/h2>\t\t\t\t<\/div>\n\t\t\t\t<\/div>\n\t\t\t\t<div class=\"elementor-element elementor-element-6ed75fc elementor-widget elementor-widget-text-editor\" data-id=\"6ed75fc\" data-element_type=\"widget\" data-widget_type=\"text-editor.default\">\n\t\t\t\t<div class=\"elementor-widget-container\">\n\t\t\t\t\t\t\t\t\t<div class=\"flex flex-grow flex-col max-w-full\">\n<div class=\"min-h-[20px] text-message flex flex-col items-start gap-3 whitespace-pre-wrap break-words [.text-message+&amp;]:mt-5 overflow-x-auto\" data-message-author-role=\"assistant\" data-message-id=\"40e6978b-ee06-416f-980f-42dd6e24ce3d\">\n<div class=\"result-streaming markdown prose w-full break-words dark:prose-invert dark\">\n<p>La evaluaci\u00f3n de riesgos se refiere al proceso de identificar, evaluar y priorizar los riesgos potenciales asociados a un producto, actividad o proceso. Incluye el an\u00e1lisis de los posibles peligros o incertidumbres, as\u00ed como de su probabilidad e impacto potencial.<\/p>\n<\/div>\n<\/div>\n<\/div>\n\t\t\t\t\t\t\t\t<\/div>\n\t\t\t\t<\/div>\n\t\t\t\t<\/div>\n\t\t<div data-particle_enable=\"false\" data-particle-mobile-disabled=\"false\" class=\"elementor-element elementor-element-4932652 e-con-full e-flex e-con e-child\" data-id=\"4932652\" data-element_type=\"container\" data-settings=\"{&quot;background_background&quot;:&quot;classic&quot;}\">\n\t\t\t\t<div class=\"elementor-element elementor-element-ba9e05b elementor-widget elementor-widget-heading\" data-id=\"ba9e05b\" data-element_type=\"widget\" data-widget_type=\"heading.default\">\n\t\t\t\t<div class=\"elementor-widget-container\">\n\t\t\t\t\t<h2 class=\"elementor-heading-title elementor-size-default\">El objetivo<\/h2>\t\t\t\t<\/div>\n\t\t\t\t<\/div>\n\t\t\t\t<div class=\"elementor-element elementor-element-65b1f43 elementor-widget elementor-widget-text-editor\" data-id=\"65b1f43\" data-element_type=\"widget\" data-widget_type=\"text-editor.default\">\n\t\t\t\t<div class=\"elementor-widget-container\">\n\t\t\t\t\t\t\t\t\t<div id=\"contentbox\">\n<div id=\"content\">\n<div class=\"zparea zpgrid\" data-numcolumns=\"\" data-areaname=\"Standard\" data-pageid=\"818\">\n<div id=\"container_197\" class=\"zpContainer first last \" data-zpeleel=\"container\" data-zpleid=\"197\">\n<div class=\"zpRow standard \" data-row-id=\"793\">\n<div class=\"zpColumn odd zpColumnWidth1 c12 first last\" data-column-id=\"911\">\n<div class=\"zpColumnItem\">\n<div id=\"a2233\" class=\"articlearea zpwText\" data-article-id=\"2233\" data-zpleid=\"2233\">\n<p>El objetivo es comprender y evaluar los riesgos y tomar las medidas adecuadas para minimizarlos o controlarlos con el fin de mejorar la seguridad, la calidad o la eficacia y reducir las posibles consecuencias negativas.<\/p>\n<\/div>\n<\/div>\n<\/div>\n<\/div>\n<\/div>\n<\/div>\n<\/div>\n<\/div>\n<div id=\"footer\" class=\"clearfix\"> <\/div>\n\t\t\t\t\t\t\t\t<\/div>\n\t\t\t\t<\/div>\n\t\t\t\t<\/div>\n\t\t\t\t\t<\/div>\n\t\t\t\t<\/div>\n\t\t\t\t<\/div>\n\t\t","protected":false},"excerpt":{"rendered":"<p>\/\/ Conformidad con la UE y seguridad de los productos Evaluaci\u00f3n de riesgos Necesita apoyo: somos su socio \/\/ Planificaci\u00f3n y dise\u00f1o eficaces Evaluaci\u00f3n de riesgos La evaluaci\u00f3n de riesgos se refiere al proceso de identificar, evaluar y priorizar los riesgos potenciales asociados a un producto, actividad o proceso. Incluye el an\u00e1lisis de los posibles [&hellip;]<\/p>\n","protected":false},"author":2,"featured_media":0,"parent":2549,"menu_order":0,"comment_status":"closed","ping_status":"closed","template":"","meta":{"footnotes":""},"class_list":["post-2615","page","type-page","status-publish","hentry"],"yoast_head":"<!-- This site is optimized with the Yoast SEO plugin v26.6 - https:\/\/yoast.com\/wordpress\/plugins\/seo\/ -->\n<title>Evaluaci\u00f3n de riesgos seguridad del producto Hahn Consulting<\/title>\n<meta name=\"description\" content=\"Evaluaci\u00f3n de riesgos, seguridad de los productos - Identificaci\u00f3n, evaluaci\u00f3n y priorizaci\u00f3n de riesgos potenciales - Marcado CE y gesti\u00f3n CE\" \/>\n<meta name=\"robots\" content=\"index, follow, max-snippet:-1, max-image-preview:large, max-video-preview:-1\" \/>\n<link rel=\"canonical\" href=\"https:\/\/hahn-consulting.de\/es\/cooperacion\/evaluacion-de-riesgos\/\" \/>\n<meta property=\"og:locale\" content=\"es_ES\" \/>\n<meta property=\"og:type\" content=\"article\" \/>\n<meta property=\"og:title\" content=\"Evaluaci\u00f3n de riesgos seguridad del producto Hahn Consulting\" \/>\n<meta property=\"og:description\" content=\"Evaluaci\u00f3n de riesgos, seguridad de los productos - Identificaci\u00f3n, evaluaci\u00f3n y priorizaci\u00f3n de riesgos potenciales - Marcado CE y gesti\u00f3n CE\" \/>\n<meta property=\"og:url\" content=\"https:\/\/hahn-consulting.de\/es\/cooperacion\/evaluacion-de-riesgos\/\" \/>\n<meta property=\"og:site_name\" content=\"Hahn Consulting\" \/>\n<meta property=\"article:modified_time\" content=\"2024-09-26T15:39:23+00:00\" \/>\n<meta name=\"twitter:card\" content=\"summary_large_image\" \/>\n<meta name=\"twitter:label1\" content=\"Tiempo de lectura\" \/>\n\t<meta name=\"twitter:data1\" content=\"1 minuto\" \/>\n<script type=\"application\/ld+json\" class=\"yoast-schema-graph\">{\"@context\":\"https:\/\/schema.org\",\"@graph\":[{\"@type\":\"WebPage\",\"@id\":\"https:\/\/hahn-consulting.de\/es\/cooperacion\/evaluacion-de-riesgos\/\",\"url\":\"https:\/\/hahn-consulting.de\/es\/cooperacion\/evaluacion-de-riesgos\/\",\"name\":\"Evaluaci\u00f3n de riesgos seguridad del producto Hahn Consulting\",\"isPartOf\":{\"@id\":\"\/#website\"},\"datePublished\":\"2024-02-14T14:28:38+00:00\",\"dateModified\":\"2024-09-26T15:39:23+00:00\",\"description\":\"Evaluaci\u00f3n de riesgos, seguridad de los productos - Identificaci\u00f3n, evaluaci\u00f3n y priorizaci\u00f3n de riesgos potenciales - Marcado CE y gesti\u00f3n CE\",\"breadcrumb\":{\"@id\":\"https:\/\/hahn-consulting.de\/es\/cooperacion\/evaluacion-de-riesgos\/#breadcrumb\"},\"inLanguage\":\"es\",\"potentialAction\":[{\"@type\":\"ReadAction\",\"target\":[\"https:\/\/hahn-consulting.de\/es\/cooperacion\/evaluacion-de-riesgos\/\"]}]},{\"@type\":\"BreadcrumbList\",\"@id\":\"https:\/\/hahn-consulting.de\/es\/cooperacion\/evaluacion-de-riesgos\/#breadcrumb\",\"itemListElement\":[{\"@type\":\"ListItem\",\"position\":1,\"name\":\"Startseite\",\"item\":\"https:\/\/hahn-consulting.de\/es\/pagina-de-inicio\/\"},{\"@type\":\"ListItem\",\"position\":2,\"name\":\"Cooperaci\u00f3n\",\"item\":\"https:\/\/hahn-consulting.de\/es\/zusammenarbeit\/\"},{\"@type\":\"ListItem\",\"position\":3,\"name\":\"Evaluaci\u00f3n de riesgos\"}]},{\"@type\":\"WebSite\",\"@id\":\"\/#website\",\"url\":\"\/\",\"name\":\"Hahn Consulting\",\"description\":\"\",\"publisher\":{\"@id\":\"\/#organization\"},\"potentialAction\":[{\"@type\":\"SearchAction\",\"target\":{\"@type\":\"EntryPoint\",\"urlTemplate\":\"\/?s={search_term_string}\"},\"query-input\":{\"@type\":\"PropertyValueSpecification\",\"valueRequired\":true,\"valueName\":\"search_term_string\"}}],\"inLanguage\":\"es\"},{\"@type\":\"Organization\",\"@id\":\"\/#organization\",\"name\":\"Hahn Consulting\",\"url\":\"\/\",\"logo\":{\"@type\":\"ImageObject\",\"inLanguage\":\"es\",\"@id\":\"\/#\/schema\/logo\/image\/\",\"url\":\"https:\/\/hahn-consulting.de\/wp-content\/uploads\/Logo_Hahn-Consulting_500px.png\",\"contentUrl\":\"https:\/\/hahn-consulting.de\/wp-content\/uploads\/Logo_Hahn-Consulting_500px.png\",\"width\":500,\"height\":147,\"caption\":\"Hahn Consulting\"},\"image\":{\"@id\":\"\/#\/schema\/logo\/image\/\"}}]}<\/script>\n<!-- \/ Yoast SEO plugin. -->","yoast_head_json":{"title":"Evaluaci\u00f3n de riesgos seguridad del producto Hahn Consulting","description":"Evaluaci\u00f3n de riesgos, seguridad de los productos - Identificaci\u00f3n, evaluaci\u00f3n y priorizaci\u00f3n de riesgos potenciales - Marcado CE y gesti\u00f3n CE","robots":{"index":"index","follow":"follow","max-snippet":"max-snippet:-1","max-image-preview":"max-image-preview:large","max-video-preview":"max-video-preview:-1"},"canonical":"https:\/\/hahn-consulting.de\/es\/cooperacion\/evaluacion-de-riesgos\/","og_locale":"es_ES","og_type":"article","og_title":"Evaluaci\u00f3n de riesgos seguridad del producto Hahn Consulting","og_description":"Evaluaci\u00f3n de riesgos, seguridad de los productos - Identificaci\u00f3n, evaluaci\u00f3n y priorizaci\u00f3n de riesgos potenciales - Marcado CE y gesti\u00f3n CE","og_url":"https:\/\/hahn-consulting.de\/es\/cooperacion\/evaluacion-de-riesgos\/","og_site_name":"Hahn Consulting","article_modified_time":"2024-09-26T15:39:23+00:00","twitter_card":"summary_large_image","twitter_misc":{"Tiempo de lectura":"1 minuto"},"schema":{"@context":"https:\/\/schema.org","@graph":[{"@type":"WebPage","@id":"https:\/\/hahn-consulting.de\/es\/cooperacion\/evaluacion-de-riesgos\/","url":"https:\/\/hahn-consulting.de\/es\/cooperacion\/evaluacion-de-riesgos\/","name":"Evaluaci\u00f3n de riesgos seguridad del producto Hahn Consulting","isPartOf":{"@id":"\/#website"},"datePublished":"2024-02-14T14:28:38+00:00","dateModified":"2024-09-26T15:39:23+00:00","description":"Evaluaci\u00f3n de riesgos, seguridad de los productos - Identificaci\u00f3n, evaluaci\u00f3n y priorizaci\u00f3n de riesgos potenciales - Marcado CE y gesti\u00f3n CE","breadcrumb":{"@id":"https:\/\/hahn-consulting.de\/es\/cooperacion\/evaluacion-de-riesgos\/#breadcrumb"},"inLanguage":"es","potentialAction":[{"@type":"ReadAction","target":["https:\/\/hahn-consulting.de\/es\/cooperacion\/evaluacion-de-riesgos\/"]}]},{"@type":"BreadcrumbList","@id":"https:\/\/hahn-consulting.de\/es\/cooperacion\/evaluacion-de-riesgos\/#breadcrumb","itemListElement":[{"@type":"ListItem","position":1,"name":"Startseite","item":"https:\/\/hahn-consulting.de\/es\/pagina-de-inicio\/"},{"@type":"ListItem","position":2,"name":"Cooperaci\u00f3n","item":"https:\/\/hahn-consulting.de\/es\/zusammenarbeit\/"},{"@type":"ListItem","position":3,"name":"Evaluaci\u00f3n de riesgos"}]},{"@type":"WebSite","@id":"\/#website","url":"\/","name":"Hahn Consulting","description":"","publisher":{"@id":"\/#organization"},"potentialAction":[{"@type":"SearchAction","target":{"@type":"EntryPoint","urlTemplate":"\/?s={search_term_string}"},"query-input":{"@type":"PropertyValueSpecification","valueRequired":true,"valueName":"search_term_string"}}],"inLanguage":"es"},{"@type":"Organization","@id":"\/#organization","name":"Hahn Consulting","url":"\/","logo":{"@type":"ImageObject","inLanguage":"es","@id":"\/#\/schema\/logo\/image\/","url":"https:\/\/hahn-consulting.de\/wp-content\/uploads\/Logo_Hahn-Consulting_500px.png","contentUrl":"https:\/\/hahn-consulting.de\/wp-content\/uploads\/Logo_Hahn-Consulting_500px.png","width":500,"height":147,"caption":"Hahn Consulting"},"image":{"@id":"\/#\/schema\/logo\/image\/"}}]}},"_links":{"self":[{"href":"https:\/\/hahn-consulting.de\/es\/wp-json\/wp\/v2\/pages\/2615","targetHints":{"allow":["GET"]}}],"collection":[{"href":"https:\/\/hahn-consulting.de\/es\/wp-json\/wp\/v2\/pages"}],"about":[{"href":"https:\/\/hahn-consulting.de\/es\/wp-json\/wp\/v2\/types\/page"}],"author":[{"embeddable":true,"href":"https:\/\/hahn-consulting.de\/es\/wp-json\/wp\/v2\/users\/2"}],"replies":[{"embeddable":true,"href":"https:\/\/hahn-consulting.de\/es\/wp-json\/wp\/v2\/comments?post=2615"}],"version-history":[{"count":3,"href":"https:\/\/hahn-consulting.de\/es\/wp-json\/wp\/v2\/pages\/2615\/revisions"}],"predecessor-version":[{"id":3469,"href":"https:\/\/hahn-consulting.de\/es\/wp-json\/wp\/v2\/pages\/2615\/revisions\/3469"}],"up":[{"embeddable":true,"href":"https:\/\/hahn-consulting.de\/es\/wp-json\/wp\/v2\/pages\/2549"}],"wp:attachment":[{"href":"https:\/\/hahn-consulting.de\/es\/wp-json\/wp\/v2\/media?parent=2615"}],"curies":[{"name":"wp","href":"https:\/\/api.w.org\/{rel}","templated":true}]}}