{"id":2502,"date":"2024-02-14T12:54:25","date_gmt":"2024-02-14T11:54:25","guid":{"rendered":"https:\/\/hahn-consulting.de\/seminarios\/aplicacion-de-un-procedimiento-de-conformidad-de-la-ue\/"},"modified":"2024-09-26T17:28:37","modified_gmt":"2024-09-26T15:28:37","slug":"aplicacion-de-un-procedimiento-de-conformidad-de-la-ue","status":"publish","type":"page","link":"https:\/\/hahn-consulting.de\/es\/seminarios\/aplicacion-de-un-procedimiento-de-conformidad-de-la-ue\/","title":{"rendered":"Aplicaci\u00f3n de un procedimiento de conformidad de la UE"},"content":{"rendered":"\t\t<div data-elementor-type=\"wp-page\" data-elementor-id=\"2502\" class=\"elementor elementor-2502 elementor-606\" data-elementor-post-type=\"page\">\n\t\t\t\t<div data-particle_enable=\"false\" data-particle-mobile-disabled=\"false\" class=\"elementor-element elementor-element-52b055c3 e-con-full e-flex e-con e-parent\" data-id=\"52b055c3\" data-element_type=\"container\" data-settings=\"{&quot;background_background&quot;:&quot;classic&quot;}\">\n\t\t<div data-particle_enable=\"false\" data-particle-mobile-disabled=\"false\" class=\"elementor-element elementor-element-7a4d96b7 e-con-full e-flex e-con e-child\" data-id=\"7a4d96b7\" data-element_type=\"container\" data-settings=\"{&quot;background_background&quot;:&quot;classic&quot;}\">\n\t\t\t\t<div class=\"elementor-element elementor-element-e1995fc elementor-widget elementor-widget-heading\" data-id=\"e1995fc\" data-element_type=\"widget\" data-widget_type=\"heading.default\">\n\t\t\t\t<div class=\"elementor-widget-container\">\n\t\t\t\t\t<h1 class=\"elementor-heading-title elementor-size-default\">\/\/ Aplicaci\u00f3n de un procedimiento de conformidad de la UE<\/h1>\t\t\t\t<\/div>\n\t\t\t\t<\/div>\n\t\t\t\t<div class=\"elementor-element elementor-element-780853d1 elementor-widget__width-initial elementor-widget elementor-widget-heading\" data-id=\"780853d1\" data-element_type=\"widget\" data-widget_type=\"heading.default\">\n\t\t\t\t<div class=\"elementor-widget-container\">\n\t\t\t\t\t<h2 class=\"elementor-heading-title elementor-size-default\">Seminarios<\/h2>\t\t\t\t<\/div>\n\t\t\t\t<\/div>\n\t\t\t\t<\/div>\n\t\t\t\t<\/div>\n\t\t<div data-particle_enable=\"false\" data-particle-mobile-disabled=\"false\" class=\"elementor-element elementor-element-92da1d6 e-flex e-con-boxed e-con e-parent\" data-id=\"92da1d6\" data-element_type=\"container\">\n\t\t\t\t\t<div class=\"e-con-inner\">\n\t\t<div data-particle_enable=\"false\" data-particle-mobile-disabled=\"false\" class=\"elementor-element elementor-element-a353c47 e-con-full e-flex e-con e-child\" data-id=\"a353c47\" data-element_type=\"container\">\n\t\t\t\t<div class=\"elementor-element elementor-element-549ca05 elementor-widget elementor-widget-heading\" data-id=\"549ca05\" data-element_type=\"widget\" data-widget_type=\"heading.default\">\n\t\t\t\t<div class=\"elementor-widget-container\">\n\t\t\t\t\t<p class=\"elementor-heading-title elementor-size-default\">\/\/ Implantaci\u00f3n de un ...<\/p>\t\t\t\t<\/div>\n\t\t\t\t<\/div>\n\t\t\t\t<\/div>\n\t\t<div data-particle_enable=\"false\" data-particle-mobile-disabled=\"false\" class=\"elementor-element elementor-element-369dda3 e-con-full e-flex e-con e-child\" data-id=\"369dda3\" data-element_type=\"container\">\n\t\t\t\t<div class=\"elementor-element elementor-element-2787245 elementor-widget elementor-widget-heading\" data-id=\"2787245\" data-element_type=\"widget\" data-widget_type=\"heading.default\">\n\t\t\t\t<div class=\"elementor-widget-container\">\n\t\t\t\t\t<h2 class=\"elementor-heading-title elementor-size-default\">Procedimiento de conformidad de la UE<\/h2>\t\t\t\t<\/div>\n\t\t\t\t<\/div>\n\t\t\t\t<div class=\"elementor-element elementor-element-486922d elementor-widget elementor-widget-text-editor\" data-id=\"486922d\" data-element_type=\"widget\" data-widget_type=\"text-editor.default\">\n\t\t\t\t<div class=\"elementor-widget-container\">\n\t\t\t\t\t\t\t\t\t<div class=\"flex flex-grow flex-col max-w-full\">\n<div class=\"min-h-[20px] text-message flex flex-col items-start gap-3 whitespace-pre-wrap break-words [.text-message+&amp;]:mt-5 overflow-x-auto\" data-message-author-role=\"assistant\" data-message-id=\"40e6978b-ee06-416f-980f-42dd6e24ce3d\">\n<div class=\"result-streaming markdown prose w-full break-words dark:prose-invert dark\">\n<p>La evaluaci\u00f3n de la conformidad es la verificaci\u00f3n de que un producto cumple las disposiciones de las directivas comunitarias pertinentes. El seminario tiene por objeto familiarizar a los fabricantes con el procedimiento de evaluaci\u00f3n de la conformidad con arreglo a las directivas de la UE.<\/p>\n<\/div>\n<\/div>\n<\/div>\n\t\t\t\t\t\t\t\t<\/div>\n\t\t\t\t<\/div>\n\t\t\t\t<div class=\"elementor-element elementor-element-2fbe8f1 elementor-widget elementor-widget-text-editor\" data-id=\"2fbe8f1\" data-element_type=\"widget\" data-widget_type=\"text-editor.default\">\n\t\t\t\t<div class=\"elementor-widget-container\">\n\t\t\t\t\t\t\t\t\t<p>El seminario se organiza en colaboraci\u00f3n con T\u00dcV Rheinland. Encontrar\u00e1 m\u00e1s informaci\u00f3n sobre el contenido, todas las fechas y la inscripci\u00f3n aqu\u00ed:<\/p>\n<p><a href=\"https:\/\/akademie.tuv.com\/weiterbildungen\/seminar-zur-durchfuehrung-der-eu-konformitaetsbewertung-547819\" target=\"_blank\" rel=\"noopener\">Seminario sobre instrucciones de uso &#8211; Aplicaci\u00f3n de un procedimiento de conformidad de la UE<\/a><\/p>\n\t\t\t\t\t\t\t\t<\/div>\n\t\t\t\t<\/div>\n\t\t\t\t<div class=\"elementor-element elementor-element-7fb81b4 elementor-widget elementor-widget-image\" data-id=\"7fb81b4\" data-element_type=\"widget\" data-widget_type=\"image.default\">\n\t\t\t\t<div class=\"elementor-widget-container\">\n\t\t\t\t\t\t\t\t\t\t\t\t\t\t\t\t<a href=\"https:\/\/akademie.tuv.com\/weiterbildungen\/seminar-zur-durchfuehrung-der-eu-konformitaetsbewertung-547819\" target=\"_blank\">\n\t\t\t\t\t\t\t<img decoding=\"async\" width=\"293\" height=\"76\" src=\"https:\/\/hahn-consulting.de\/wp-content\/uploads\/Tuev.png\" class=\"attachment-large size-large wp-image-2323\" alt=\"\" \/>\t\t\t\t\t\t\t\t<\/a>\n\t\t\t\t\t\t\t\t\t\t\t\t\t\t\t<\/div>\n\t\t\t\t<\/div>\n\t\t\t\t<div class=\"elementor-element elementor-element-c34bd5f elementor-widget elementor-widget-text-editor\" data-id=\"c34bd5f\" data-element_type=\"widget\" data-widget_type=\"text-editor.default\">\n\t\t\t\t<div class=\"elementor-widget-container\">\n\t\t\t\t\t\t\t\t\t<p>Estar\u00e9 encantada de responder a sus preguntas.<\/p>\n<p>J\u00fcrgen H. Hahn (director del seminario)<\/p>\n\t\t\t\t\t\t\t\t<\/div>\n\t\t\t\t<\/div>\n\t\t\t\t<\/div>\n\t\t\t\t\t<\/div>\n\t\t\t\t<\/div>\n\t\t\t\t<\/div>\n\t\t","protected":false},"excerpt":{"rendered":"<p>\/\/ Aplicaci\u00f3n de un procedimiento de conformidad de la UE Seminarios \/\/ Implantaci\u00f3n de un &#8230; Procedimiento de conformidad de la UE La evaluaci\u00f3n de la conformidad es la verificaci\u00f3n de que un producto cumple las disposiciones de las directivas comunitarias pertinentes. El seminario tiene por objeto familiarizar a los fabricantes con el procedimiento de [&hellip;]<\/p>\n","protected":false},"author":2,"featured_media":0,"parent":2490,"menu_order":0,"comment_status":"closed","ping_status":"closed","template":"","meta":{"footnotes":""},"class_list":["post-2502","page","type-page","status-publish","hentry"],"yoast_head":"<!-- This site is optimized with the Yoast SEO plugin v26.6 - https:\/\/yoast.com\/wordpress\/plugins\/seo\/ -->\n<title>Procedimiento de conformidad de la UE - Seminario - Hahn Consulting<\/title>\n<meta name=\"description\" content=\"Seminario: Aplicaci\u00f3n del procedimiento de conformidad de la UE: comprobaci\u00f3n de la conformidad de los productos con los reglamentos y directivas de la UE\" \/>\n<meta name=\"robots\" content=\"index, follow, max-snippet:-1, max-image-preview:large, max-video-preview:-1\" \/>\n<link rel=\"canonical\" href=\"https:\/\/hahn-consulting.de\/es\/seminarios\/aplicacion-de-un-procedimiento-de-conformidad-de-la-ue\/\" \/>\n<meta property=\"og:locale\" content=\"es_ES\" \/>\n<meta property=\"og:type\" content=\"article\" \/>\n<meta property=\"og:title\" content=\"Procedimiento de conformidad de la UE - Seminario - Hahn Consulting\" \/>\n<meta property=\"og:description\" content=\"Seminario: Aplicaci\u00f3n del procedimiento de conformidad de la UE: comprobaci\u00f3n de la conformidad de los productos con los reglamentos y directivas de la UE\" \/>\n<meta property=\"og:url\" content=\"https:\/\/hahn-consulting.de\/es\/seminarios\/aplicacion-de-un-procedimiento-de-conformidad-de-la-ue\/\" \/>\n<meta property=\"og:site_name\" content=\"Hahn Consulting\" \/>\n<meta property=\"article:modified_time\" content=\"2024-09-26T15:28:37+00:00\" \/>\n<meta property=\"og:image\" content=\"http:\/\/hahn-consulting.de\/wp-content\/uploads\/Tuev.png\" \/>\n<meta name=\"twitter:card\" content=\"summary_large_image\" \/>\n<meta name=\"twitter:label1\" content=\"Tiempo de lectura\" \/>\n\t<meta name=\"twitter:data1\" content=\"1 minuto\" \/>\n<script type=\"application\/ld+json\" class=\"yoast-schema-graph\">{\"@context\":\"https:\/\/schema.org\",\"@graph\":[{\"@type\":\"WebPage\",\"@id\":\"https:\/\/hahn-consulting.de\/es\/seminarios\/aplicacion-de-un-procedimiento-de-conformidad-de-la-ue\/\",\"url\":\"https:\/\/hahn-consulting.de\/es\/seminarios\/aplicacion-de-un-procedimiento-de-conformidad-de-la-ue\/\",\"name\":\"Procedimiento de conformidad de la UE - Seminario - Hahn Consulting\",\"isPartOf\":{\"@id\":\"\/#website\"},\"primaryImageOfPage\":{\"@id\":\"https:\/\/hahn-consulting.de\/es\/seminarios\/aplicacion-de-un-procedimiento-de-conformidad-de-la-ue\/#primaryimage\"},\"image\":{\"@id\":\"https:\/\/hahn-consulting.de\/es\/seminarios\/aplicacion-de-un-procedimiento-de-conformidad-de-la-ue\/#primaryimage\"},\"thumbnailUrl\":\"http:\/\/hahn-consulting.de\/wp-content\/uploads\/Tuev.png\",\"datePublished\":\"2024-02-14T11:54:25+00:00\",\"dateModified\":\"2024-09-26T15:28:37+00:00\",\"description\":\"Seminario: Aplicaci\u00f3n del procedimiento de conformidad de la UE: comprobaci\u00f3n de la conformidad de los productos con los reglamentos y directivas de la UE\",\"breadcrumb\":{\"@id\":\"https:\/\/hahn-consulting.de\/es\/seminarios\/aplicacion-de-un-procedimiento-de-conformidad-de-la-ue\/#breadcrumb\"},\"inLanguage\":\"es\",\"potentialAction\":[{\"@type\":\"ReadAction\",\"target\":[\"https:\/\/hahn-consulting.de\/es\/seminarios\/aplicacion-de-un-procedimiento-de-conformidad-de-la-ue\/\"]}]},{\"@type\":\"ImageObject\",\"inLanguage\":\"es\",\"@id\":\"https:\/\/hahn-consulting.de\/es\/seminarios\/aplicacion-de-un-procedimiento-de-conformidad-de-la-ue\/#primaryimage\",\"url\":\"http:\/\/hahn-consulting.de\/wp-content\/uploads\/Tuev.png\",\"contentUrl\":\"http:\/\/hahn-consulting.de\/wp-content\/uploads\/Tuev.png\"},{\"@type\":\"BreadcrumbList\",\"@id\":\"https:\/\/hahn-consulting.de\/es\/seminarios\/aplicacion-de-un-procedimiento-de-conformidad-de-la-ue\/#breadcrumb\",\"itemListElement\":[{\"@type\":\"ListItem\",\"position\":1,\"name\":\"Startseite\",\"item\":\"https:\/\/hahn-consulting.de\/es\/pagina-de-inicio\/\"},{\"@type\":\"ListItem\",\"position\":2,\"name\":\"Seminarios\",\"item\":\"https:\/\/hahn-consulting.de\/es\/seminare\/\"},{\"@type\":\"ListItem\",\"position\":3,\"name\":\"Aplicaci\u00f3n de un procedimiento de conformidad de la UE\"}]},{\"@type\":\"WebSite\",\"@id\":\"\/#website\",\"url\":\"\/\",\"name\":\"Hahn Consulting\",\"description\":\"\",\"publisher\":{\"@id\":\"\/#organization\"},\"potentialAction\":[{\"@type\":\"SearchAction\",\"target\":{\"@type\":\"EntryPoint\",\"urlTemplate\":\"\/?s={search_term_string}\"},\"query-input\":{\"@type\":\"PropertyValueSpecification\",\"valueRequired\":true,\"valueName\":\"search_term_string\"}}],\"inLanguage\":\"es\"},{\"@type\":\"Organization\",\"@id\":\"\/#organization\",\"name\":\"Hahn Consulting\",\"url\":\"\/\",\"logo\":{\"@type\":\"ImageObject\",\"inLanguage\":\"es\",\"@id\":\"\/#\/schema\/logo\/image\/\",\"url\":\"https:\/\/hahn-consulting.de\/wp-content\/uploads\/Logo_Hahn-Consulting_500px.png\",\"contentUrl\":\"https:\/\/hahn-consulting.de\/wp-content\/uploads\/Logo_Hahn-Consulting_500px.png\",\"width\":500,\"height\":147,\"caption\":\"Hahn Consulting\"},\"image\":{\"@id\":\"\/#\/schema\/logo\/image\/\"}}]}<\/script>\n<!-- \/ Yoast SEO plugin. -->","yoast_head_json":{"title":"Procedimiento de conformidad de la UE - Seminario - Hahn Consulting","description":"Seminario: Aplicaci\u00f3n del procedimiento de conformidad de la UE: comprobaci\u00f3n de la conformidad de los productos con los reglamentos y directivas de la UE","robots":{"index":"index","follow":"follow","max-snippet":"max-snippet:-1","max-image-preview":"max-image-preview:large","max-video-preview":"max-video-preview:-1"},"canonical":"https:\/\/hahn-consulting.de\/es\/seminarios\/aplicacion-de-un-procedimiento-de-conformidad-de-la-ue\/","og_locale":"es_ES","og_type":"article","og_title":"Procedimiento de conformidad de la UE - Seminario - Hahn Consulting","og_description":"Seminario: Aplicaci\u00f3n del procedimiento de conformidad de la UE: comprobaci\u00f3n de la conformidad de los productos con los reglamentos y directivas de la UE","og_url":"https:\/\/hahn-consulting.de\/es\/seminarios\/aplicacion-de-un-procedimiento-de-conformidad-de-la-ue\/","og_site_name":"Hahn Consulting","article_modified_time":"2024-09-26T15:28:37+00:00","og_image":[{"url":"http:\/\/hahn-consulting.de\/wp-content\/uploads\/Tuev.png","type":"","width":"","height":""}],"twitter_card":"summary_large_image","twitter_misc":{"Tiempo de lectura":"1 minuto"},"schema":{"@context":"https:\/\/schema.org","@graph":[{"@type":"WebPage","@id":"https:\/\/hahn-consulting.de\/es\/seminarios\/aplicacion-de-un-procedimiento-de-conformidad-de-la-ue\/","url":"https:\/\/hahn-consulting.de\/es\/seminarios\/aplicacion-de-un-procedimiento-de-conformidad-de-la-ue\/","name":"Procedimiento de conformidad de la UE - Seminario - Hahn Consulting","isPartOf":{"@id":"\/#website"},"primaryImageOfPage":{"@id":"https:\/\/hahn-consulting.de\/es\/seminarios\/aplicacion-de-un-procedimiento-de-conformidad-de-la-ue\/#primaryimage"},"image":{"@id":"https:\/\/hahn-consulting.de\/es\/seminarios\/aplicacion-de-un-procedimiento-de-conformidad-de-la-ue\/#primaryimage"},"thumbnailUrl":"http:\/\/hahn-consulting.de\/wp-content\/uploads\/Tuev.png","datePublished":"2024-02-14T11:54:25+00:00","dateModified":"2024-09-26T15:28:37+00:00","description":"Seminario: Aplicaci\u00f3n del procedimiento de conformidad de la UE: comprobaci\u00f3n de la conformidad de los productos con los reglamentos y directivas de la UE","breadcrumb":{"@id":"https:\/\/hahn-consulting.de\/es\/seminarios\/aplicacion-de-un-procedimiento-de-conformidad-de-la-ue\/#breadcrumb"},"inLanguage":"es","potentialAction":[{"@type":"ReadAction","target":["https:\/\/hahn-consulting.de\/es\/seminarios\/aplicacion-de-un-procedimiento-de-conformidad-de-la-ue\/"]}]},{"@type":"ImageObject","inLanguage":"es","@id":"https:\/\/hahn-consulting.de\/es\/seminarios\/aplicacion-de-un-procedimiento-de-conformidad-de-la-ue\/#primaryimage","url":"http:\/\/hahn-consulting.de\/wp-content\/uploads\/Tuev.png","contentUrl":"http:\/\/hahn-consulting.de\/wp-content\/uploads\/Tuev.png"},{"@type":"BreadcrumbList","@id":"https:\/\/hahn-consulting.de\/es\/seminarios\/aplicacion-de-un-procedimiento-de-conformidad-de-la-ue\/#breadcrumb","itemListElement":[{"@type":"ListItem","position":1,"name":"Startseite","item":"https:\/\/hahn-consulting.de\/es\/pagina-de-inicio\/"},{"@type":"ListItem","position":2,"name":"Seminarios","item":"https:\/\/hahn-consulting.de\/es\/seminare\/"},{"@type":"ListItem","position":3,"name":"Aplicaci\u00f3n de un procedimiento de conformidad de la UE"}]},{"@type":"WebSite","@id":"\/#website","url":"\/","name":"Hahn Consulting","description":"","publisher":{"@id":"\/#organization"},"potentialAction":[{"@type":"SearchAction","target":{"@type":"EntryPoint","urlTemplate":"\/?s={search_term_string}"},"query-input":{"@type":"PropertyValueSpecification","valueRequired":true,"valueName":"search_term_string"}}],"inLanguage":"es"},{"@type":"Organization","@id":"\/#organization","name":"Hahn Consulting","url":"\/","logo":{"@type":"ImageObject","inLanguage":"es","@id":"\/#\/schema\/logo\/image\/","url":"https:\/\/hahn-consulting.de\/wp-content\/uploads\/Logo_Hahn-Consulting_500px.png","contentUrl":"https:\/\/hahn-consulting.de\/wp-content\/uploads\/Logo_Hahn-Consulting_500px.png","width":500,"height":147,"caption":"Hahn Consulting"},"image":{"@id":"\/#\/schema\/logo\/image\/"}}]}},"_links":{"self":[{"href":"https:\/\/hahn-consulting.de\/es\/wp-json\/wp\/v2\/pages\/2502","targetHints":{"allow":["GET"]}}],"collection":[{"href":"https:\/\/hahn-consulting.de\/es\/wp-json\/wp\/v2\/pages"}],"about":[{"href":"https:\/\/hahn-consulting.de\/es\/wp-json\/wp\/v2\/types\/page"}],"author":[{"embeddable":true,"href":"https:\/\/hahn-consulting.de\/es\/wp-json\/wp\/v2\/users\/2"}],"replies":[{"embeddable":true,"href":"https:\/\/hahn-consulting.de\/es\/wp-json\/wp\/v2\/comments?post=2502"}],"version-history":[{"count":3,"href":"https:\/\/hahn-consulting.de\/es\/wp-json\/wp\/v2\/pages\/2502\/revisions"}],"predecessor-version":[{"id":3399,"href":"https:\/\/hahn-consulting.de\/es\/wp-json\/wp\/v2\/pages\/2502\/revisions\/3399"}],"up":[{"embeddable":true,"href":"https:\/\/hahn-consulting.de\/es\/wp-json\/wp\/v2\/pages\/2490"}],"wp:attachment":[{"href":"https:\/\/hahn-consulting.de\/es\/wp-json\/wp\/v2\/media?parent=2502"}],"curies":[{"name":"wp","href":"https:\/\/api.w.org\/{rel}","templated":true}]}}